{"id":5264,"date":"2022-02-14T15:01:04","date_gmt":"2022-02-14T14:01:04","guid":{"rendered":"https:\/\/copolad.ole.agency\/videos\/"},"modified":"2024-05-09T10:41:52","modified_gmt":"2024-05-09T08:41:52","slug":"videos","status":"publish","type":"page","link":"https:\/\/copolad.fiiapp.quentalstaging.com\/en\/videos\/","title":{"rendered":"Videos"},"content":{"rendered":"<section class=\"wpb-content-wrapper\"><p>[vc_row][vc_column][vc_column_text]\t\t\t<div \n\t\t\tclass=\"yotu-playlist yotuwp yotu-limit-min   yotu-thumb-169  yotu-template-mix\" \n\t\t\tdata-page=\"1\"\n\t\t\tid=\"yotuwp-69e4e784551b9\"\n\t\t\tdata-yotu=\"modal\"\n\t\t\tdata-total=\"5\"\n\t\t\tdata-settings=\"eyJ0eXBlIjoidmlkZW9zIiwiaWQiOiJ1U25iRlFVcmI4NCxBazJNREVzWUg0ayxqQUQ4QlQ5YnZ1RSx0bzZSZXo5bXUySSxDZXlsTUZ2RzJmYywwSTAwZHlvdWxnWSwzbGRURFRhY3dJWSxjRGhTUnpES1JERSx6MlYxZExoZDlHNCxjRGhTUnpES1JERSw2cmdjR1hiQVhiZyxxVWp2em5TZ1ZBVSw2QVVTTjRfbUtPYywxYmNmNWZkVHVrMCxGZU1fX3c0MjZMOCxQdC1ydGwtRVBJcyxKT3pMeGFwRFFjZyxfQlNHTnNYcDBRVSwtS0VZd25KSVI2cyxscmxHMnUtTW9PMCxHcDduYkc0WWlTNCxyMFlyeXp3Y1RWSSxtRnB1Zkpienhadyx5SmtJT3FhTFA5RSxwaHlxbDJPQnl1dyxMNS0wYkM0bUxRZyxsMlZlYThHc3otayxMRjR6LWtmOWwxMCIsInBhZ2luYXRpb24iOiJvbiIsInBhZ2l0eXBlIjoibG9hZG1vcmUiLCJjb2x1bW4iOiIzIiwicGVyX3BhZ2UiOiI2IiwidGVtcGxhdGUiOiJtaXgiLCJ0aXRsZSI6Im9uIiwiZGVzY3JpcHRpb24iOiJvZmYiLCJ0aHVtYnJhdGlvIjoiMTY5IiwibWV0YSI6Im9mZiIsIm1ldGFfZGF0YSI6Im9mZiIsIm1ldGFfcG9zaXRpb24iOiJvZmYiLCJkYXRlX2Zvcm1hdCI6Im9mZiIsIm1ldGFfYWxpZ24iOiJvZmYiLCJzdWJzY3JpYmUiOiJvZmYiLCJkdXJhdGlvbiI6Im9mZiIsIm1ldGFfaWNvbiI6Im9mZiIsIm5leHR0ZXh0IjoiIiwicHJldnRleHQiOiIiLCJsb2FkbW9yZXRleHQiOiIiLCJwbGF5ZXIiOnsibW9kZSI6InBvcHVwIiwid2lkdGgiOiI2MDAiLCJzY3JvbGxpbmciOiIxMDAiLCJhdXRvcGxheSI6MCwiY29udHJvbHMiOjEsIm1vZGVzdGJyYW5kaW5nIjoxLCJsb29wIjowLCJhdXRvbmV4dCI6MCwic2hvd2luZm8iOjEsInJlbCI6MSwicGxheWluZyI6MSwicGxheWluZ19kZXNjcmlwdGlvbiI6MSwidGh1bWJuYWlscyI6MSwiY2NfbG9hZF9wb2xpY3kiOiIxIiwiY2NfbGFuZ19wcmVmIjoiMSIsImhsIjoiIiwiaXZfbG9hZF9wb2xpY3kiOiIxIn0sImxhc3RfdGFiIjoic2V0dGluZ3MiLCJ1c2VfYXNfbW9kYWwiOiJvZmYiLCJtb2RhbF9pZCI6Im9mZiIsImxhc3RfdXBkYXRlIjoiMTcwMzA1OTc3NyIsInN0eWxpbmciOnsicGFnZXJfbGF5b3V0IjoiYm90aHNpZGUiLCJidXR0b24iOiI0IiwiYnV0dG9uX2NvbG9yIjoiIzAwMDAwMCIsImJ1dHRvbl9iZ19jb2xvciI6IiNmZmVlZGYiLCJidXR0b25fY29sb3JfaG92ZXIiOiIjZmZmZmZmIiwiYnV0dG9uX2JnX2NvbG9yX2hvdmVyIjoiI2Y1OTMzMSIsInZpZGVvX3N0eWxlIjoiYWJuYiIsInBsYXlpY29uX2NvbG9yIjoiIiwiaG92ZXJfaWNvbiI6IiIsImdhbGxlcnlfYmciOiIifSwiZWZmZWN0cyI6eyJ2aWRlb19ib3giOiIiLCJmbGlwX2VmZmVjdCI6IiJ9LCJnYWxsZXJ5X2lkIjoiNjllNGU3ODQ1NTFiOSIsIm5leHQiOjF9\"\n\t\t\tdata-player=\"popup\"\n\t\t\tdata-showdesc=\"off\" >\n\t\t\t\t<div>\n\t\t\t\t\t<div class=\"yotu-videos yotu-mode-mix yotu-mode-grid yotu-preset yotu-preset-abnb yotu-column-3 yotu-player-mode-popup\">\n\t<ul>\n\t\t\t\t\t<li class=\" yotu-first\">\n\t\t\t\t\t\t\t\t<a href=\"#uSnbFQUrb84\" class=\"yotu-video\" data-videoid=\"uSnbFQUrb84\" data-title=\"Contribuci\u00f3n de COPOLAD al Mecanismo de Coordinaci\u00f3n y Cooperaci\u00f3n en materia de drogas CELAC-UE.\">\n\t\t\t\t\t<div class=\"yotu-video-thumb-wrp\">\n\t\t\t\t\t\t<div>\n\t\t\t\t\t\t\t\t\t\t\t\t\t\t<img decoding=\"async\" class=\"yotu-video-thumb\" src=\"https:\/\/i.ytimg.com\/vi\/uSnbFQUrb84\/sddefault.jpg\" alt=\"Contribuci\u00f3n de COPOLAD al Mecanismo de Coordinaci\u00f3n y Cooperaci\u00f3n en materia de drogas CELAC-UE.\" \/>\n\t\t\t\t\t\t\t\t\t\t\t\t\t<\/div>\n\t\t\t\t\t<\/div>\n\t\t\t\t\t\t\t\t\t\t\t<h3 class=\"yotu-video-title\">Contribuci\u00f3n de COPOLAD al Mecanismo de Coordinaci\u00f3n y Cooperaci\u00f3n en materia de drogas CELAC-UE.<\/h3>\n\t\t\t\t\t\t\t\t\t\t\t\t\t\t\t\t\t\t\t<\/a>\n\t\t\t\t\t\t\t<\/li>\n\t\t\t\t\n\t\t\t\t\t\t<li class=\"\">\n\t\t\t\t\t\t\t\t<a href=\"#Ak2MDEsYH4k\" class=\"yotu-video\" data-videoid=\"Ak2MDEsYH4k\" data-title=\"(Webinar Full Video) Medidas Alternativas a prisi\u00f3n \/ Alternative measures to prison &amp; COVID-19\">\n\t\t\t\t\t<div class=\"yotu-video-thumb-wrp\">\n\t\t\t\t\t\t<div>\n\t\t\t\t\t\t\t\t\t\t\t\t\t\t<img decoding=\"async\" class=\"yotu-video-thumb\" src=\"https:\/\/i.ytimg.com\/vi\/Ak2MDEsYH4k\/sddefault.jpg\" alt=\"(Webinar Full Video) Medidas Alternativas a prisi\u00f3n \/ Alternative measures to prison &amp; COVID-19\" \/>\n\t\t\t\t\t\t\t\t\t\t\t\t\t<\/div>\n\t\t\t\t\t<\/div>\n\t\t\t\t\t\t\t\t\t\t\t<h3 class=\"yotu-video-title\">(Webinar Full Video) Medidas Alternativas a prisi\u00f3n \/ Alternative measures to prison &amp; COVID-19<\/h3>\n\t\t\t\t\t\t\t\t\t\t\t\t\t\t\t\t\t\t\t<\/a>\n\t\t\t\t\t\t\t<\/li>\n\t\t\t\t\n\t\t\t\t\t\t<li class=\"\">\n\t\t\t\t\t\t\t\t<a href=\"#jAD8BT9bvuE\" class=\"yotu-video\" data-videoid=\"jAD8BT9bvuE\" data-title=\"\u00c1reas de acci\u00f3n de COPOLAD\">\n\t\t\t\t\t<div class=\"yotu-video-thumb-wrp\">\n\t\t\t\t\t\t<div>\n\t\t\t\t\t\t\t\t\t\t\t\t\t\t<img decoding=\"async\" class=\"yotu-video-thumb\" src=\"https:\/\/i.ytimg.com\/vi\/jAD8BT9bvuE\/hqdefault.jpg\" alt=\"\u00c1reas de acci\u00f3n de COPOLAD\" \/>\n\t\t\t\t\t\t\t\t\t\t\t\t\t<\/div>\n\t\t\t\t\t<\/div>\n\t\t\t\t\t\t\t\t\t\t\t<h3 class=\"yotu-video-title\">\u00c1reas de acci\u00f3n de COPOLAD<\/h3>\n\t\t\t\t\t\t\t\t\t\t\t\t\t\t\t\t\t\t\t<\/a>\n\t\t\t\t\t\t\t<\/li>\n\t\t\t\t\n\t\t\t\t\t\t<li class=\"\">\n\t\t\t\t\t\t\t\t<a href=\"#to6Rez9mu2I\" class=\"yotu-video\" data-videoid=\"to6Rez9mu2I\" data-title=\"Sarah Seerattan. NCD, Trinidad &amp; Tobago (I)\">\n\t\t\t\t\t<div class=\"yotu-video-thumb-wrp\">\n\t\t\t\t\t\t<div>\n\t\t\t\t\t\t\t\t\t\t\t\t\t\t<img decoding=\"async\" class=\"yotu-video-thumb\" src=\"https:\/\/i.ytimg.com\/vi\/to6Rez9mu2I\/sddefault.jpg\" alt=\"Sarah Seerattan. NCD, Trinidad &amp; Tobago (I)\" \/>\n\t\t\t\t\t\t\t\t\t\t\t\t\t<\/div>\n\t\t\t\t\t<\/div>\n\t\t\t\t\t\t\t\t\t\t\t<h3 class=\"yotu-video-title\">Sarah Seerattan. NCD, Trinidad &amp; Tobago (I)<\/h3>\n\t\t\t\t\t\t\t\t\t\t\t\t\t\t\t\t\t\t\t<\/a>\n\t\t\t\t\t\t\t<\/li>\n\t\t\t\t\n\t\t\t\t\t\t<li class=\"\">\n\t\t\t\t\t\t\t\t<a href=\"#CeylMFvG2fc\" class=\"yotu-video\" data-videoid=\"CeylMFvG2fc\" data-title=\"Conferencia Birregional sobre desarrollo del uso de medidas alternativas a la privaci\u00f3n de libertad\">\n\t\t\t\t\t<div class=\"yotu-video-thumb-wrp\">\n\t\t\t\t\t\t<div>\n\t\t\t\t\t\t\t\t\t\t\t\t\t\t<img decoding=\"async\" class=\"yotu-video-thumb\" src=\"https:\/\/i.ytimg.com\/vi\/CeylMFvG2fc\/hqdefault.jpg\" alt=\"Conferencia Birregional sobre desarrollo del uso de medidas alternativas a la privaci\u00f3n de libertad\" \/>\n\t\t\t\t\t\t\t\t\t\t\t\t\t<\/div>\n\t\t\t\t\t<\/div>\n\t\t\t\t\t\t\t\t\t\t\t<h3 class=\"yotu-video-title\">Conferencia Birregional sobre desarrollo del uso de medidas alternativas a la privaci\u00f3n de libertad<\/h3>\n\t\t\t\t\t\t\t\t\t\t\t\t\t\t\t\t\t\t\t<\/a>\n\t\t\t\t\t\t\t<\/li>\n\t\t\t\t\n\t\t\t\t\t\t<li class=\"\">\n\t\t\t\t\t\t\t\t<a href=\"#0I00dyoulgY\" class=\"yotu-video\" data-videoid=\"0I00dyoulgY\" data-title=\"Sabino Mendoza. CONALTID, Bolivia (II)\">\n\t\t\t\t\t<div class=\"yotu-video-thumb-wrp\">\n\t\t\t\t\t\t<div>\n\t\t\t\t\t\t\t\t\t\t\t\t\t\t<img decoding=\"async\" class=\"yotu-video-thumb\" src=\"https:\/\/i.ytimg.com\/vi\/0I00dyoulgY\/sddefault.jpg\" alt=\"Sabino Mendoza. CONALTID, Bolivia (II)\" \/>\n\t\t\t\t\t\t\t\t\t\t\t\t\t<\/div>\n\t\t\t\t\t<\/div>\n\t\t\t\t\t\t\t\t\t\t\t<h3 class=\"yotu-video-title\">Sabino Mendoza. CONALTID, Bolivia (II)<\/h3>\n\t\t\t\t\t\t\t\t\t\t\t\t\t\t\t\t\t\t\t<\/a>\n\t\t\t\t\t\t\t<\/li>\n\t\t\t\t\n\t\t\t\t<\/ul>\n<\/div><div class=\"yotu-pagination\">\n\t<a href=\"#\" class=\"yotu-pagination-more yotu-button-prs yotu-button-prs-4\" data-page=\"more\">Load more<\/a>\n<\/div>\n\t\t\t\t<\/div>\n\t\t\t<\/div>\n\t\t\t[\/vc_column_text][\/vc_column][\/vc_row]<\/p>\n<\/section>","protected":false},"excerpt":{"rendered":"<p>[vc_row][vc_column][vc_column_text][\/vc_column_text][\/vc_column][\/vc_row]<\/p>\n","protected":false},"author":9,"featured_media":0,"parent":0,"menu_order":0,"comment_status":"closed","ping_status":"closed","template":"","meta":{"footnotes":""},"acf":[],"_links":{"self":[{"href":"https:\/\/copolad.fiiapp.quentalstaging.com\/en\/wp-json\/wp\/v2\/pages\/5264"}],"collection":[{"href":"https:\/\/copolad.fiiapp.quentalstaging.com\/en\/wp-json\/wp\/v2\/pages"}],"about":[{"href":"https:\/\/copolad.fiiapp.quentalstaging.com\/en\/wp-json\/wp\/v2\/types\/page"}],"author":[{"embeddable":true,"href":"https:\/\/copolad.fiiapp.quentalstaging.com\/en\/wp-json\/wp\/v2\/users\/9"}],"replies":[{"embeddable":true,"href":"https:\/\/copolad.fiiapp.quentalstaging.com\/en\/wp-json\/wp\/v2\/comments?post=5264"}],"version-history":[{"count":1,"href":"https:\/\/copolad.fiiapp.quentalstaging.com\/en\/wp-json\/wp\/v2\/pages\/5264\/revisions"}],"predecessor-version":[{"id":10585,"href":"https:\/\/copolad.fiiapp.quentalstaging.com\/en\/wp-json\/wp\/v2\/pages\/5264\/revisions\/10585"}],"wp:attachment":[{"href":"https:\/\/copolad.fiiapp.quentalstaging.com\/en\/wp-json\/wp\/v2\/media?parent=5264"}],"curies":[{"name":"wp","href":"https:\/\/api.w.org\/{rel}","templated":true}]}}