{"id":2701,"date":"2021-12-01T07:31:19","date_gmt":"2021-12-01T07:31:19","guid":{"rendered":"https:\/\/copolad.ole.agency\/?page_id=2701"},"modified":"2024-05-09T12:31:08","modified_gmt":"2024-05-09T10:31:08","slug":"que-es-copolad","status":"publish","type":"page","link":"https:\/\/copolad.fiiapp.quentalstaging.com\/es\/que-es-copolad\/","title":{"rendered":"Qu\u00e9 es Copolad"},"content":{"rendered":"<section class=\"wpb-content-wrapper\"><p>[vc_row][vc_column][vc_empty_space height=&#8221;10px&#8221;][\/vc_column][\/vc_row][vc_row vc_row_background=&#8221;&#8221; el_class=&#8221;.jeg_sidebar_left&#8221;][vc_column width=&#8221;2\/3&#8243;][vc_custom_heading text=&#8221;Qu\u00e9 es Copolad&#8221; font_container=&#8221;tag:h1|font_size:48px|text_align:left|color:%23000000|line_height:72px&#8221; google_fonts=&#8221;font_family:Open%20Sans%3A300%2C300italic%2Cregular%2Citalic%2C600%2C600italic%2C700%2C700italic%2C800%2C800italic|font_style:700%20bold%20regular%3A700%3Anormal&#8221; css=&#8221;.vc_custom_1638350561187{margin-top: 0px !important;}&#8221;][vc_single_image image=&#8221;3924&#8243; img_size=&#8221;large&#8221;][vc_column_text]COPOLAD es un programa de cooperaci\u00f3n delegada financiado por la Uni\u00f3n Europea dotado con un presupuesto de <strong>15 millones de euros<\/strong> y un plazo de ejecuci\u00f3n de <strong>4 a\u00f1os desde febrero de 2021.<\/strong><\/p>\n<p>En el marco de los principios en los que se basa la nueva estrategia de la UE en materia de drogas, el programa acompa\u00f1ar\u00e1 a los pa\u00edses de Am\u00e9rica Latina y el Caribe en la mejora de sus pol\u00edticas sobre drogas. El objetivo es apoyar a la consecuci\u00f3n de mejores resultados en relaci\u00f3n con la promoci\u00f3n y defensa de los <strong>derechos humanos, la equidad de g\u00e9nero, la salud p\u00fablica, la seguridad ciudadana y otras dimensiones del desarrollo sostenible<\/strong>. Estos aspectos son cruciales y urgentes a la hora de abordar los retos que la crisis sanitaria, econ\u00f3mica y social provocada por la COVID-19, est\u00e1 generando en la regi\u00f3n.<\/p>\n<p>En 2021 comenz\u00f3 la tercera edici\u00f3n liderada por la <a href=\"https:\/\/www.fiiapp.org\/\">Fundaci\u00f3n Internacional y para Iberoam\u00e9rica de Administraci\u00f3n y Pol\u00edticas P\u00fablicas (FIIAPP)<\/a>, en consorcio con la <a href=\"https:\/\/iila.org\/es\/\">Organizaci\u00f3n Internacional \u00cdtalo-latinoamericana (IILA),<\/a> y en coordinaci\u00f3n, con <a href=\"https:\/\/www.giz.de\/de\/html\/index.html\">Die Deutsche\u00a0<em>Gesellschaft f\u00fcr Internationale Zusammenarbeit<\/em>\u00a0(<em>GIZ<\/em>) GmbH<\/a> y el <a href=\"https:\/\/www.emcdda.europa.eu\/emcdda-home-page_en\">Observatorio Europeo de las Drogas y las Toxicoman\u00edas (EMCDDA).<\/a><\/p>\n<p>Partiendo de los avances realizados en las etapas anteriores, COPOLAD III seguir\u00e1 promoviendo\u00a0<strong>la cooperaci\u00f3n t\u00e9cnica, as\u00ed como el di\u00e1logo pol\u00edtico<\/strong>\u00a0entre Am\u00e9rica Latina, el Caribe y la UE, para apoyar a la regi\u00f3n en la implementaci\u00f3n de pol\u00edticas de drogas m\u00e1s eficaces y con resultados que mejoren sustancialmente la vida de las personas y, especialmente, de las m\u00e1s vulnerables.<\/p>\n<p>COPOLAD III combina los espacios de colaboraci\u00f3n birregional y multi-pa\u00eds, con intervenciones directas de asistencia t\u00e9cnica para atender necesidades a nivel nacional y dar impulso a intervenciones transformadoras e innovadoras,\u00a0<strong>movilizando expertise p<\/strong><strong>\u00fa<\/strong><strong>blico<\/strong><strong> europeo y de la regi\u00f3n latinoamericana y caribe\u00f1a<\/strong>, en esquemas de cooperaci\u00f3n bilateral, triangular y Sur-Sur.<\/p>\n<p><a href=\"https:\/\/copolad.eu\/wp-content\/uploads\/2023\/04\/Manual_Identidad_Visual_COPOLAD_29_Noviembre.pdf\">Manual_Identidad_Visual_COPOLAD_29_Noviembre<\/a>[\/vc_column_text][\/vc_column][vc_column width=&#8221;1\/3&#8243; sticky_sidebar=&#8221;yes&#8221; set_as_sidebar=&#8221;yes&#8221;][vc_wp_custommenu nav_menu=&#8221;32&#8243; el_class=&#8221;tab-style&#8221;][\/vc_column][\/vc_row]<\/p>\n<\/section>","protected":false},"excerpt":{"rendered":"<p>[vc_row][vc_column][vc_empty_space height=&#8221;10px&#8221;][\/vc_column][\/vc_row][vc_row vc_row_background=&#8221;&#8221; el_class=&#8221;.jeg_sidebar_left&#8221;][vc_column width=&#8221;2\/3&#8243;][vc_custom_heading text=&#8221;Qu\u00e9 es Copolad&#8221; font_container=&#8221;tag:h1|font_size:48px|text_align:left|color:%23000000|line_height:72px&#8221; google_fonts=&#8221;font_family:Open%20Sans%3A300%2C300italic%2Cregular%2Citalic%2C600%2C600italic%2C700%2C700italic%2C800%2C800italic|font_style:700%20bold%20regular%3A700%3Anormal&#8221; css=&#8221;.vc_custom_1638350561187{margin-top: 0px !important;}&#8221;][vc_single_image image=&#8221;3924&#8243; img_size=&#8221;large&#8221;][vc_column_text]COPOLAD es un programa de cooperaci\u00f3n delegada financiado por la Uni\u00f3n Europea dotado con un presupuesto de 15 millones de euros y un plazo de ejecuci\u00f3n de 4 a\u00f1os desde febrero de 2021. En el marco de los principios en los [&hellip;]<\/p>\n","protected":false},"author":9,"featured_media":0,"parent":0,"menu_order":0,"comment_status":"closed","ping_status":"closed","template":"","meta":{"footnotes":""},"acf":[],"_links":{"self":[{"href":"https:\/\/copolad.fiiapp.quentalstaging.com\/es\/wp-json\/wp\/v2\/pages\/2701"}],"collection":[{"href":"https:\/\/copolad.fiiapp.quentalstaging.com\/es\/wp-json\/wp\/v2\/pages"}],"about":[{"href":"https:\/\/copolad.fiiapp.quentalstaging.com\/es\/wp-json\/wp\/v2\/types\/page"}],"author":[{"embeddable":true,"href":"https:\/\/copolad.fiiapp.quentalstaging.com\/es\/wp-json\/wp\/v2\/users\/9"}],"replies":[{"embeddable":true,"href":"https:\/\/copolad.fiiapp.quentalstaging.com\/es\/wp-json\/wp\/v2\/comments?post=2701"}],"version-history":[{"count":1,"href":"https:\/\/copolad.fiiapp.quentalstaging.com\/es\/wp-json\/wp\/v2\/pages\/2701\/revisions"}],"predecessor-version":[{"id":8127,"href":"https:\/\/copolad.fiiapp.quentalstaging.com\/es\/wp-json\/wp\/v2\/pages\/2701\/revisions\/8127"}],"wp:attachment":[{"href":"https:\/\/copolad.fiiapp.quentalstaging.com\/es\/wp-json\/wp\/v2\/media?parent=2701"}],"curies":[{"name":"wp","href":"https:\/\/api.w.org\/{rel}","templated":true}]}}