{"id":2767,"date":"2021-12-01T11:03:36","date_gmt":"2021-12-01T11:03:36","guid":{"rendered":"https:\/\/copolad.ole.agency\/?page_id=2767"},"modified":"2022-02-03T11:02:23","modified_gmt":"2022-02-03T10:02:23","slug":"por-que-una-tercera-fase","status":"publish","type":"page","link":"https:\/\/copolad.fiiapp.quentalstaging.com\/es\/por-que-una-tercera-fase\/","title":{"rendered":"\u00bfPor qu\u00e9 una tercera fase?"},"content":{"rendered":"<section class=\"wpb-content-wrapper\"><p>[vc_row][vc_column][vc_empty_space height=&#8221;10px&#8221;][\/vc_column][\/vc_row][vc_row vc_row_background=&#8221;&#8221; el_class=&#8221;.jeg_sidebar_left&#8221;][vc_column width=&#8221;2\/3&#8243;][vc_custom_heading text=&#8221;\u00bfPor qu\u00e9 una tercera fase?&#8221; font_container=&#8221;tag:h1|font_size:48px|text_align:left|color:%23000000|line_height:72px&#8221; google_fonts=&#8221;font_family:Open%20Sans%3A300%2C300italic%2Cregular%2Citalic%2C600%2C600italic%2C700%2C700italic%2C800%2C800italic|font_style:700%20bold%20regular%3A700%3Anormal&#8221; css=&#8221;.vc_custom_1638356546657{margin-top: 0px !important;}&#8221;][vc_single_image image=&#8221;3933&#8243; img_size=&#8221;large&#8221;][vc_column_text]La pandemia de la COVID \u2013 19 ha contribuido a modificar el contexto econ\u00f3mico y social en Am\u00e9rica Latina y Caribe: la pobreza y la pobreza extrema han aumentado y se espera un incremento de <strong>la participaci\u00f3n de los grupos m\u00e1s vulnerables en las econom\u00edas il\u00edcitas<\/strong> para superar esta crisis.<\/p>\n<p>Adem\u00e1s, nuevas formas de comercio han contribuido a mantener una tendencia general al alza de la demanda de drogas a pesar del confinamiento por las medidas de restricci\u00f3n contra la COVID-19.<\/p>\n<p>Sin embargo, la implementaci\u00f3n de pol\u00edticas sobre droga no ha cambiado. Durante las \u00faltimas d\u00e9cadas la implementaci\u00f3n de intervenciones contra las drogas <strong>ha generado impactos sustanciales en muchas dimensiones del desarrollo sostenible<\/strong> (derechos humanos y libertades fundamentales, inclusi\u00f3n y cohesi\u00f3n social y econ\u00f3mica, igualdad de g\u00e9nero, paz, acceso a servicios b\u00e1sicos, acceso a la justicia, etc.), lo que aleja a\u00fan m\u00e1s a los pa\u00edses de la regi\u00f3n de los Objetivos de Desarrollo Sostenible y sus metas para 2030 y de dirigir las pol\u00edticas hacia las conclusiones acordadas en la UNGASS sobre Drogas en 2016. En esta Sesi\u00f3n Especial sobre Drogas de la Asamblea General de Naciones Unidas se ha reconocido que un enfoque de control de drogas puramente represivo tiene consecuencias negativas porqu\u00e9 refuerza los mercados il\u00edcitos. Tal y como plantea la Estrategia de la UE sobre drogas 2021-2025, se promover\u00e1n pol\u00edticas de drogas a nivel internacional \u201ccentradas en las personas y orientadas a los Derechos Humanos\u201d.<\/p>\n<p>Todav\u00eda, las pr\u00e1cticas de intervenci\u00f3n y las realidades presupuestarias en un n\u00famero importante de pa\u00edses de Am\u00e9rica Latina y el Caribe muestran una fuerte resistencia al cambio, con los mismos retornos que en el pasado, y m\u00e1s concentradas en aspectos de control y de interdicci\u00f3n <strong>que en el apoyo a las personas m\u00e1s necesitadas y afectadas por las distintas dimensiones del fen\u00f3meno de drogas<\/strong>.<\/p>\n<p>Teniendo en cuenta este contexto, y en l\u00ednea con los lineamientos de la nueva Estrategia de drogas de la UE 2021-2025, la tercera fase de COPOLAD apuesta por una estrategia en l\u00ednea con la importancia de apoyar el fortalecimiento de las pol\u00edticas de drogas teniendo como gu\u00eda los 17 Objetivos de Desarrollo Sostenible de la Agenda 2030, teniendo muy en cuenta el potencial impacto de estas pol\u00edticas en otras dimensiones del desarrollo sostenible bajo un enfoque b\u00e1sico de \u201cno da\u00f1ar\u201d.[\/vc_column_text][\/vc_column][vc_column width=&#8221;1\/3&#8243; sticky_sidebar=&#8221;yes&#8221; set_as_sidebar=&#8221;yes&#8221;][vc_wp_custommenu nav_menu=&#8221;32&#8243; el_class=&#8221;tab-style&#8221;][\/vc_column][\/vc_row]<\/p>\n<\/section>","protected":false},"excerpt":{"rendered":"<p>[vc_row][vc_column][vc_empty_space height=&#8221;10px&#8221;][\/vc_column][\/vc_row][vc_row vc_row_background=&#8221;&#8221; el_class=&#8221;.jeg_sidebar_left&#8221;][vc_column width=&#8221;2\/3&#8243;][vc_custom_heading text=&#8221;\u00bfPor qu\u00e9 una tercera fase?&#8221; font_container=&#8221;tag:h1|font_size:48px|text_align:left|color:%23000000|line_height:72px&#8221; google_fonts=&#8221;font_family:Open%20Sans%3A300%2C300italic%2Cregular%2Citalic%2C600%2C600italic%2C700%2C700italic%2C800%2C800italic|font_style:700%20bold%20regular%3A700%3Anormal&#8221; css=&#8221;.vc_custom_1638356546657{margin-top: 0px !important;}&#8221;][vc_single_image image=&#8221;3933&#8243; img_size=&#8221;large&#8221;][vc_column_text]La pandemia de la COVID \u2013 19 ha contribuido a modificar el contexto econ\u00f3mico y social en Am\u00e9rica Latina y Caribe: la pobreza y la pobreza extrema han aumentado y se espera un incremento de la participaci\u00f3n de los [&hellip;]<\/p>\n","protected":false},"author":9,"featured_media":0,"parent":0,"menu_order":0,"comment_status":"closed","ping_status":"closed","template":"","meta":{"footnotes":""},"acf":[],"_links":{"self":[{"href":"https:\/\/copolad.fiiapp.quentalstaging.com\/es\/wp-json\/wp\/v2\/pages\/2767"}],"collection":[{"href":"https:\/\/copolad.fiiapp.quentalstaging.com\/es\/wp-json\/wp\/v2\/pages"}],"about":[{"href":"https:\/\/copolad.fiiapp.quentalstaging.com\/es\/wp-json\/wp\/v2\/types\/page"}],"author":[{"embeddable":true,"href":"https:\/\/copolad.fiiapp.quentalstaging.com\/es\/wp-json\/wp\/v2\/users\/9"}],"replies":[{"embeddable":true,"href":"https:\/\/copolad.fiiapp.quentalstaging.com\/es\/wp-json\/wp\/v2\/comments?post=2767"}],"version-history":[{"count":0,"href":"https:\/\/copolad.fiiapp.quentalstaging.com\/es\/wp-json\/wp\/v2\/pages\/2767\/revisions"}],"wp:attachment":[{"href":"https:\/\/copolad.fiiapp.quentalstaging.com\/es\/wp-json\/wp\/v2\/media?parent=2767"}],"curies":[{"name":"wp","href":"https:\/\/api.w.org\/{rel}","templated":true}]}}