{"id":2769,"date":"2021-12-01T11:08:41","date_gmt":"2021-12-01T11:08:41","guid":{"rendered":"https:\/\/copolad.ole.agency\/?page_id=2769"},"modified":"2024-05-09T12:28:48","modified_gmt":"2024-05-09T10:28:48","slug":"objetivos","status":"publish","type":"page","link":"https:\/\/copolad.fiiapp.quentalstaging.com\/es\/objetivos\/","title":{"rendered":"Objetivos"},"content":{"rendered":"<section class=\"wpb-content-wrapper\"><p>[vc_row][vc_column][vc_empty_space height=&#8221;10px&#8221;][\/vc_column][\/vc_row][vc_row vc_row_background=&#8221;&#8221; el_class=&#8221;.jeg_sidebar_left&#8221;][vc_column width=&#8221;2\/3&#8243;][vc_custom_heading text=&#8221;Objetivos&#8221; font_container=&#8221;tag:h1|font_size:48px|text_align:left|color:%23000000|line_height:72px&#8221; google_fonts=&#8221;font_family:Open%20Sans%3A300%2C300italic%2Cregular%2Citalic%2C600%2C600italic%2C700%2C700italic%2C800%2C800italic|font_style:700%20bold%20regular%3A700%3Anormal&#8221; css=&#8221;.vc_custom_1638356846027{margin-top: 0px !important;}&#8221;][vc_single_image image=&#8221;3937&#8243; img_size=&#8221;large&#8221;][vc_column_text]COPOLAD III seguir\u00e1 promoviendo el di\u00e1logo t\u00e9cnico sobre pol\u00edticas de drogas, generando un espacio privilegiado para la interacci\u00f3n entre Am\u00e9rica Latina, el Caribe y Europa para analizar y discutir todos desaf\u00edos vinculados al dise\u00f1o e implementaci\u00f3n de las mismas, con la posibilidad de iniciar procesos transformadores y de innovaci\u00f3n dirigidos a mejorar la eficacia de las intervenciones y, al mismo tiempo, evitar impactos negativos en los resultados para el desarrollo sostenible. En este sentido, el programa ofrece las bases <strong>para apoyar la generaci\u00f3n de pol\u00edticas sobre drogas m\u00e1s centradas en las personas, especialmente en los m\u00e1s vulnerables, basadas en evidencias cient\u00edficas, integrales, equilibradas y coherentes con el resto de pol\u00edticas p\u00fablicas y, por tanto, m\u00e1s eficaces<\/strong>. Estos objetivos ser\u00e1n plenamente respetuosos con la soberan\u00eda nacional de cada pa\u00eds y se basar\u00e1n en la demanda planteada por los propios pa\u00edses participantes. [\/vc_column_text][\/vc_column][vc_column width=&#8221;1\/3&#8243; sticky_sidebar=&#8221;yes&#8221; set_as_sidebar=&#8221;yes&#8221;][vc_wp_custommenu nav_menu=&#8221;32&#8243; el_class=&#8221;tab-style&#8221;][\/vc_column][\/vc_row]<\/p>\n<\/section>","protected":false},"excerpt":{"rendered":"<p>[vc_row][vc_column][vc_empty_space height=&#8221;10px&#8221;][\/vc_column][\/vc_row][vc_row vc_row_background=&#8221;&#8221; el_class=&#8221;.jeg_sidebar_left&#8221;][vc_column width=&#8221;2\/3&#8243;][vc_custom_heading text=&#8221;Objetivos&#8221; font_container=&#8221;tag:h1|font_size:48px|text_align:left|color:%23000000|line_height:72px&#8221; google_fonts=&#8221;font_family:Open%20Sans%3A300%2C300italic%2Cregular%2Citalic%2C600%2C600italic%2C700%2C700italic%2C800%2C800italic|font_style:700%20bold%20regular%3A700%3Anormal&#8221; css=&#8221;.vc_custom_1638356846027{margin-top: 0px !important;}&#8221;][vc_single_image image=&#8221;3937&#8243; img_size=&#8221;large&#8221;][vc_column_text]COPOLAD III seguir\u00e1 promoviendo el di\u00e1logo t\u00e9cnico sobre pol\u00edticas de drogas, generando un espacio privilegiado para la interacci\u00f3n entre Am\u00e9rica Latina, el Caribe y Europa para analizar y discutir todos desaf\u00edos vinculados al dise\u00f1o e implementaci\u00f3n de las mismas, con la posibilidad de [&hellip;]<\/p>\n","protected":false},"author":9,"featured_media":0,"parent":0,"menu_order":0,"comment_status":"closed","ping_status":"closed","template":"","meta":{"footnotes":""},"acf":[],"_links":{"self":[{"href":"https:\/\/copolad.fiiapp.quentalstaging.com\/es\/wp-json\/wp\/v2\/pages\/2769"}],"collection":[{"href":"https:\/\/copolad.fiiapp.quentalstaging.com\/es\/wp-json\/wp\/v2\/pages"}],"about":[{"href":"https:\/\/copolad.fiiapp.quentalstaging.com\/es\/wp-json\/wp\/v2\/types\/page"}],"author":[{"embeddable":true,"href":"https:\/\/copolad.fiiapp.quentalstaging.com\/es\/wp-json\/wp\/v2\/users\/9"}],"replies":[{"embeddable":true,"href":"https:\/\/copolad.fiiapp.quentalstaging.com\/es\/wp-json\/wp\/v2\/comments?post=2769"}],"version-history":[{"count":1,"href":"https:\/\/copolad.fiiapp.quentalstaging.com\/es\/wp-json\/wp\/v2\/pages\/2769\/revisions"}],"predecessor-version":[{"id":10610,"href":"https:\/\/copolad.fiiapp.quentalstaging.com\/es\/wp-json\/wp\/v2\/pages\/2769\/revisions\/10610"}],"wp:attachment":[{"href":"https:\/\/copolad.fiiapp.quentalstaging.com\/es\/wp-json\/wp\/v2\/media?parent=2769"}],"curies":[{"name":"wp","href":"https:\/\/api.w.org\/{rel}","templated":true}]}}