{"id":3360,"date":"2021-12-13T07:59:06","date_gmt":"2021-12-13T07:59:06","guid":{"rendered":"https:\/\/copolad.ole.agency\/?page_id=3360"},"modified":"2024-05-09T11:27:34","modified_gmt":"2024-05-09T09:27:34","slug":"observatorios-sobre-drogas","status":"publish","type":"page","link":"https:\/\/copolad.fiiapp.quentalstaging.com\/es\/observatorios-sobre-drogas\/","title":{"rendered":"Observatorios sobre drogas"},"content":{"rendered":"<section class=\"wpb-content-wrapper\"><p>[vc_row][vc_column][vc_empty_space height=&#8221;10px&#8221;][\/vc_column][\/vc_row][vc_row vc_row_background=&#8221;&#8221; el_class=&#8221;.jeg_sidebar_left&#8221;][vc_column width=&#8221;2\/3&#8243;][vc_custom_heading text=&#8221;Observatorios sobre drogas&#8221; font_container=&#8221;tag:h1|font_size:48px|text_align:left|color:%23000000|line_height:72px&#8221; google_fonts=&#8221;font_family:Open%20Sans%3A300%2C300italic%2Cregular%2Citalic%2C600%2C600italic%2C700%2C700italic%2C800%2C800italic|font_style:700%20bold%20regular%3A700%3Anormal&#8221; css=&#8221;.vc_custom_1639382317247{margin-top: 0px !important;}&#8221;][vc_single_image image=&#8221;4047&#8243; img_size=&#8221;large&#8221;][vc_column_text]Las pol\u00edticas eficaces s\u00f3lo pueden basarse en\u00a0<strong>la disponibilidad de indicadores precisos<\/strong>\u00a0y comparables sobre el consumo de drogas, su impacto en la salud, as\u00ed como los indicadores relacionados con el mercado. Como en fases anteriores,\u00a0<strong>COPOLAD III reforzar\u00e1 los Observatorios Nacionales de Drogas (OND)<\/strong> para garantizar un s\u00f3lido Sistema Nacional de Informaci\u00f3n en cada pa\u00eds socio, no s\u00f3lo para recoger datos de calidad, sino tambi\u00e9n para supervisar, analizar e interpretar la informaci\u00f3n recogida, hacer seguimiento y evaluaci\u00f3n de los impactos de las pol\u00edticas nacionales sobre drogas en las distintas dimensiones del desarrollo sostenible, con enfoque de g\u00e9nero, diferencial y de derechos.<\/p>\n<p>COPOLAD III cuenta con la participaci\u00f3n directa por medio de una subvenci\u00f3n del\u00a0<strong>Observatorio Europeo de las Drogas y las Toxicoman\u00edas (EMCDDA en ingl\u00e9s)<\/strong>\u00a0como instituci\u00f3n colaboradora.[\/vc_column_text][vc_custom_heading text=&#8221;L\u00edneas de acci\u00f3n&#8221; font_container=&#8221;tag:h2|font_size:20px|text_align:left|color:%2315110d|line_height:28px&#8221; google_fonts=&#8221;font_family:Open%20Sans%3A300%2C300italic%2Cregular%2Citalic%2C600%2C600italic%2C700%2C700italic%2C800%2C800italic|font_style:700%20bold%20regular%3A700%3Anormal&#8221;][vc_tta_accordion color=&#8221;white&#8221; c_icon=&#8221;chevron&#8221; c_position=&#8221;right&#8221; active_section=&#8221;99&#8243; collapsible_all=&#8221;true&#8221; el_class=&#8221;acordeon&#8221;][vc_tta_section title=&#8221;1.1 Apoyo estrat\u00e9gico al fortalecimiento de los sistemas nacionales y redes regionales de investigaci\u00f3n cient\u00edfica sobre drogas&#8221; tab_id=&#8221;1641370837562-b5bb89b5-c57c&#8221;][vc_column_text css_animation=&#8221;none&#8221; el_class=&#8221;actividades&#8221;]<\/p>\n<h4 style=\"font-weight: 600; font-size: 12px; line-height: 18px; color: #c44800; padding-left: 40px;\">Actividades<\/h4>\n<p style=\"padding-left: 40px;\">1.1.1 Realizaci\u00f3n de un taller regional sobre el desarrollo y fortalecimiento de sistemas nacionales de investigaci\u00f3n cient\u00edfica sobre drogas.<\/p>\n<p style=\"padding-left: 40px;\">1.1.2 Asistencia t\u00e9cnica, mentor\u00edas a distancia para la conformaci\u00f3n y puesta en marcha de comit\u00e9s cient\u00edficos asesores de los observatorios, redes de investigadores\/as y centros de investigaci\u00f3n, fondos nacionales de investigaci\u00f3n sobre drogas, agendas nacionales de investigaci\u00f3n sobre drogas.<\/p>\n<p style=\"padding-left: 40px;\">1.1.3 Desarrollo de un congreso birregional UE-ALC (presencial en Bogot\u00e1, Colombia) en materia de investigaci\u00f3n sobre pol\u00edticas de drogas y desarrollo sostenible.<\/p>\n<p>[\/vc_column_text][\/vc_tta_section][vc_tta_section title=&#8221;1.2 Mejora de capacidad de an\u00e1lisis y de incidencia de los ONDs&#8221; tab_id=&#8221;1641370837603-58ef32bc-9fab&#8221;][vc_column_text css_animation=&#8221;none&#8221; el_class=&#8221;actividades&#8221;]<\/p>\n<h4 style=\"font-weight: 600; font-size: 12px; line-height: 18px; color: #c44800; padding-left: 40px;\">Actividades<\/h4>\n<p style=\"padding-left: 40px;\">1.2.1 Elaboraci\u00f3n e impartici\u00f3n de 2 seminarios online:<\/p>\n<p>[\/vc_column_text][vc_column_text css_animation=&#8221;none&#8221; el_class=&#8221;actividades&#8221;]<\/p>\n<h4 style=\"font-weight: 600; font-size: 12px; line-height: 18px; color: #c44800; padding-left: 40px;\">Actividades<\/h4>\n<p style=\"padding-left: 40px;\">1.2.2 Apoyo t\u00e9cnico para fortalecer la capacidad t\u00e9cnica de los Observatorios, creaci\u00f3n de redes y visitas a ALC<\/p>\n<p>[\/vc_column_text][\/vc_tta_section][vc_tta_section title=&#8221;1.3 Incorporaci\u00f3n del enfoque diferencial y de derechos en los sistemas de informaci\u00f3n y de investigaci\u00f3n de los ONDs&#8221; tab_id=&#8221;1641371159705-4ed73179-1f31&#8243;][vc_column_text css_animation=&#8221;none&#8221; el_class=&#8221;actividades&#8221;]<\/p>\n<h4 style=\"font-weight: 600; font-size: 12px; line-height: 18px; color: #c44800; padding-left: 40px;\">Actividades<\/h4>\n<p style=\"padding-left: 40px;\">1.3.1 Elaboraci\u00f3n de materiales, documentos de referencia e impartici\u00f3n para dos webinarios sobre:<\/p>\n<p>[\/vc_column_text][vc_row_inner][vc_column_inner width=&#8221;1\/2&#8243;][vc_column_text]<\/p>\n<p class=\"elemento-lista\" style=\"padding-left: 40px;\">1.3.1.1 Lineamientos internacionales sobre derechos humanos y pol\u00edticas de drogas.<\/p>\n<p>[\/vc_column_text][\/vc_column_inner][vc_column_inner width=&#8221;1\/2&#8243;][vc_column_text]<\/p>\n<p class=\"elemento-lista\" style=\"padding-left: 40px;\">1.3.1.2 Incorporaci\u00f3n de enfoque diferencial y de derechos en los sistemas de informaci\u00f3n.<\/p>\n<p>[\/vc_column_text][\/vc_column_inner][\/vc_row_inner][vc_column_text css_animation=&#8221;none&#8221; el_class=&#8221;actividades&#8221;]<\/p>\n<p style=\"padding-left: 40px;\">1.3.2 Realizaci\u00f3n de dos talleres regionales virtuales para apoyar el dise\u00f1o e implementaci\u00f3n de las hojas de ruta nacionales para la incorporaci\u00f3n de enfoques diferenciales y de derechos en los sistemas de informaci\u00f3n y de investigaci\u00f3n de los Observatorios.<\/p>\n<p>[\/vc_column_text][\/vc_tta_section][vc_tta_section title=&#8221;1.4 Desarrollo y fortalecimiento de sistemas de seguimiento y evaluaci\u00f3n de las pol\u00edticas sobre drogas&#8221; tab_id=&#8221;1641371245534-43417bea-d94e&#8221;][vc_column_text css_animation=&#8221;none&#8221; el_class=&#8221;actividades&#8221;]<\/p>\n<h4 style=\"font-weight: 600; font-size: 12px; line-height: 18px; color: #c44800; padding-left: 40px;\">Actividades<\/h4>\n<p style=\"padding-left: 40px;\">1.4.1 Realizaci\u00f3n de dos talleres de trabajo para el desarrollo de una metodolog\u00eda para la evaluaci\u00f3n de los impactos de las pol\u00edticas nacionales de drogas en las distintas dimensiones de desarrollo sostenible.<\/p>\n<p style=\"padding-left: 40px;\">1.4.2 Asistencia T\u00e9cnica para la elaboraci\u00f3n de una Gu\u00eda metodol\u00f3gica para la evaluaci\u00f3n de los impactos de las pol\u00edticas nacionales de drogas en el desarrollo sostenible.<\/p>\n<p style=\"padding-left: 40px;\">1.4.3 Asistencia T\u00e9cnica para el desarrollo de una investigaci\u00f3n nacional piloto sobre el impacto de las pol\u00edticas de drogas de un pa\u00eds de ALC en las distintas dimensiones de desarrollo sostenible.<\/p>\n<p style=\"padding-left: 40px;\">1.4.4 Realizaci\u00f3n de un webinario birregional para la presentaci\u00f3n de la metodolog\u00eda y de los resultados de la investigaci\u00f3n sobre impacto de drogas en desarrollo.<\/p>\n<p style=\"padding-left: 40px;\">1.4.5 Visitas de estudio a dos pa\u00edses con pol\u00edticas de cannabis e intercambios de mejores pr\u00e1cticas para la evaluaci\u00f3n<\/p>\n<p style=\"padding-left: 40px;\">1.4.6 Dos seminarios sobre evaluaci\u00f3n de pol\u00edticas de cannabis<\/p>\n<p style=\"padding-left: 40px;\">1.4.7 Realizaci\u00f3n de un seminario birregional sobre evaluaci\u00f3n de pol\u00edticas de cannabis.<\/p>\n<p style=\"padding-left: 40px;\">1.4.8 Desarrollo de tres estudios con foco en pol\u00edticas nacionales de cannabis.<\/p>\n<p style=\"padding-left: 40px;\">1.4.9 Asistencia T\u00e9cnica para desarrollar una caja de herramientas sobre evaluaci\u00f3n de pol\u00edticas de cannabis.<\/p>\n<p style=\"padding-left: 40px;\">1.4.10 Creaci\u00f3n de una comunidad virtual de pr\u00e1ctica\/aprendizaje sobre evaluaci\u00f3n de pol\u00edticas de cannabis.<\/p>\n<p>[\/vc_column_text][\/vc_tta_section][vc_tta_section title=&#8221;1.5 Desarrollo y fortalecimiento de los Sistemas nacionales de Alerta Temprana&#8221; tab_id=&#8221;1641371377733-f4a65417-8e6d&#8221;][vc_column_text css_animation=&#8221;none&#8221; el_class=&#8221;actividades&#8221;]<\/p>\n<h4 style=\"font-weight: 600; font-size: 12px; line-height: 18px; color: #c44800; padding-left: 40px;\">Actividades<\/h4>\n<p style=\"padding-left: 40px;\">1.5.1 Participaci\u00f3n en la conferencia internacional sobre nuevas sustancias psicoactivas y reuni\u00f3n con autoridades paname\u00f1as.<\/p>\n<p style=\"padding-left: 40px;\">1.5.2 Asistencia t\u00e9cnica directa para fortalecer sistema de alerta temprana existentes.<\/p>\n<p style=\"padding-left: 40px;\">1.5.3 Traducci\u00f3n al castellano de publicaciones clave del EMCDDA sobre sustancias psicoactivas<\/p>\n<p>\u00a0 \u00a0 \u00a0 \u00a0 \u00a0 \u00a0 1.5.4 Participaci\u00f3n de reuniones organizados por pa\u00edses CELAC para fortalecer el sistema de alerta temprana<\/p>\n<p>&nbsp;<\/p>\n<p>&nbsp;[\/vc_column_text][\/vc_tta_section][vc_tta_section title=&#8221;1.6 Apoyo t\u00e9cnico al desarrollo de aspectos fundamentales de los ONDs: fortalecimiento de sistemas nacional de informaci\u00f3n y estad\u00edsticas sobre drogas&#8221; tab_id=&#8221;1641371428459-bf8d4229-a1d6&#8243;][vc_column_text css_animation=&#8221;none&#8221; el_class=&#8221;actividades&#8221;]<\/p>\n<h4 style=\"font-weight: 600; font-size: 12px; line-height: 18px; color: #c44800; padding-left: 40px;\">Actividades<\/h4>\n<p style=\"padding-left: 40px;\">1.6.1 Realizaci\u00f3n de dos encuentros de responsables de OND de Am\u00e9rica Latina y Caribe y Europa.<\/p>\n<p style=\"padding-left: 40px;\">1.6.2 Realizaci\u00f3n de una visita estudio a los observatorios de Portugal y Espa\u00f1a.<\/p>\n<p style=\"padding-left: 40px;\">1.6.3 Apoyo t\u00e9cnico a los OND (help-desk support) a trav\u00e9s de una herramienta online.<\/p>\n<p style=\"padding-left: 40px;\">1.6.4 Puesta en marcha de comunidad de pr\u00e1ctica y aprendizaje que articule demandas y ofertas de apoyo.<\/p>\n<p style=\"padding-left: 40px;\">1.6.5 Establecimiento de sub-grupos de trabajo virtuales.<\/p>\n<p style=\"padding-left: 40px;\">1.6.6 Mentor\u00edas de expertos\/as (Sur-Sur y triangular) para la mejora de procesos de generaci\u00f3n de conocimiento a nivel nacional.<\/p>\n<p>[\/vc_column_text][\/vc_tta_section][\/vc_tta_accordion][\/vc_column][vc_column width=&#8221;1\/3&#8243; sticky_sidebar=&#8221;yes&#8221; set_as_sidebar=&#8221;yes&#8221;][vc_wp_custommenu nav_menu=&#8221;34&#8243; el_class=&#8221;tab-style&#8221;][\/vc_column][\/vc_row]<\/p>\n<\/section>","protected":false},"excerpt":{"rendered":"<p>[vc_row][vc_column][vc_empty_space height=&#8221;10px&#8221;][\/vc_column][\/vc_row][vc_row vc_row_background=&#8221;&#8221; el_class=&#8221;.jeg_sidebar_left&#8221;][vc_column width=&#8221;2\/3&#8243;][vc_custom_heading text=&#8221;Observatorios sobre drogas&#8221; font_container=&#8221;tag:h1|font_size:48px|text_align:left|color:%23000000|line_height:72px&#8221; google_fonts=&#8221;font_family:Open%20Sans%3A300%2C300italic%2Cregular%2Citalic%2C600%2C600italic%2C700%2C700italic%2C800%2C800italic|font_style:700%20bold%20regular%3A700%3Anormal&#8221; css=&#8221;.vc_custom_1639382317247{margin-top: 0px !important;}&#8221;][vc_single_image image=&#8221;4047&#8243; img_size=&#8221;large&#8221;][vc_column_text]Las pol\u00edticas eficaces s\u00f3lo pueden basarse en\u00a0la disponibilidad de indicadores precisos\u00a0y comparables sobre el consumo de drogas, su impacto en la salud, as\u00ed como los indicadores relacionados con el mercado. Como en fases anteriores,\u00a0COPOLAD III reforzar\u00e1 los Observatorios Nacionales de Drogas [&hellip;]<\/p>\n","protected":false},"author":9,"featured_media":0,"parent":0,"menu_order":0,"comment_status":"closed","ping_status":"closed","template":"","meta":{"footnotes":""},"acf":[],"_links":{"self":[{"href":"https:\/\/copolad.fiiapp.quentalstaging.com\/es\/wp-json\/wp\/v2\/pages\/3360"}],"collection":[{"href":"https:\/\/copolad.fiiapp.quentalstaging.com\/es\/wp-json\/wp\/v2\/pages"}],"about":[{"href":"https:\/\/copolad.fiiapp.quentalstaging.com\/es\/wp-json\/wp\/v2\/types\/page"}],"author":[{"embeddable":true,"href":"https:\/\/copolad.fiiapp.quentalstaging.com\/es\/wp-json\/wp\/v2\/users\/9"}],"replies":[{"embeddable":true,"href":"https:\/\/copolad.fiiapp.quentalstaging.com\/es\/wp-json\/wp\/v2\/comments?post=3360"}],"version-history":[{"count":1,"href":"https:\/\/copolad.fiiapp.quentalstaging.com\/es\/wp-json\/wp\/v2\/pages\/3360\/revisions"}],"predecessor-version":[{"id":10603,"href":"https:\/\/copolad.fiiapp.quentalstaging.com\/es\/wp-json\/wp\/v2\/pages\/3360\/revisions\/10603"}],"wp:attachment":[{"href":"https:\/\/copolad.fiiapp.quentalstaging.com\/es\/wp-json\/wp\/v2\/media?parent=3360"}],"curies":[{"name":"wp","href":"https:\/\/api.w.org\/{rel}","templated":true}]}}