{"id":3362,"date":"2021-12-13T08:07:58","date_gmt":"2021-12-13T08:07:58","guid":{"rendered":"https:\/\/copolad.ole.agency\/?page_id=3362"},"modified":"2024-05-09T11:26:34","modified_gmt":"2024-05-09T09:26:34","slug":"consumo","status":"publish","type":"page","link":"https:\/\/copolad.fiiapp.quentalstaging.com\/es\/consumo\/","title":{"rendered":"Consumo problem\u00e1tico y reducci\u00f3n del da\u00f1o"},"content":{"rendered":"<section class=\"wpb-content-wrapper\"><p>[vc_row][vc_column][vc_empty_space height=&#8221;10px&#8221;][\/vc_column][\/vc_row][vc_row vc_row_background=&#8221;&#8221; el_class=&#8221;.jeg_sidebar_left&#8221;][vc_column width=&#8221;2\/3&#8243;][vc_custom_heading text=&#8221;Consumo problem\u00e1tico y reducci\u00f3n del da\u00f1o&#8221; font_container=&#8221;tag:h1|font_size:48px|text_align:left|color:%23000000|line_height:72px&#8221; google_fonts=&#8221;font_family:Open%20Sans%3A300%2C300italic%2Cregular%2Citalic%2C600%2C600italic%2C700%2C700italic%2C800%2C800italic|font_style:700%20bold%20regular%3A700%3Anormal&#8221; css=&#8221;.vc_custom_1661252184581{margin-top: 0px !important;}&#8221;][vc_single_image image=&#8221;4052&#8243; img_size=&#8221;large&#8221;][vc_column_text]El abordaje del consumo problem\u00e1tico de drogas es una <strong>cuesti\u00f3n de salud p\u00fablica<\/strong>, as\u00ed como de cohesi\u00f3n social. Los impactos negativos del consumo de drogas afectan mayoritariamente a los\u00a0<strong>grupos vulnerables y potencian las desigualdades<\/strong>. La pobreza y la marginalizaci\u00f3n alimentan un c\u00edrculo vicioso de consecuencias negativas para las personas, las familias y comunidades en general.<\/p>\n<p>A partir de los logros anteriores, COPOLAD III seguir\u00e1 apoyando a la regi\u00f3n de Am\u00e9rica Latina y Caribe para continuar <strong>mejorando la calidad, la eficacia y la base emp\u00edrica de las pol\u00edticas relacionadas con el consumo de drogas<\/strong>, as\u00ed como\u00a0<strong>la disponibilidad y el acceso a las intervenciones y los servicios<\/strong>, a trav\u00e9s de di\u00e1logo, cooperaci\u00f3n y asistencia t\u00e9cnica basados en las necesidades de los pa\u00edses, y potenciando as\u00ed la pertinencia e integralidad de las pol\u00edticas p\u00fablicas en materia de consumo.<\/p>\n<p>Las actividades que se presentan aqu\u00ed abajo ser\u00e1n implementadas por FIIAPP en colaboraci\u00f3n con el Observatorio Europeo de Drogas y Toxicoman\u00edas (EMCCDA).[\/vc_column_text][vc_custom_heading text=&#8221;L\u00edneas de acci\u00f3n&#8221; font_container=&#8221;tag:h2|font_size:20px|text_align:left|color:%2315110d|line_height:28px&#8221; google_fonts=&#8221;font_family:Open%20Sans%3A300%2C300italic%2Cregular%2Citalic%2C600%2C600italic%2C700%2C700italic%2C800%2C800italic|font_style:700%20bold%20regular%3A700%3Anormal&#8221;][vc_tta_accordion color=&#8221;white&#8221; c_icon=&#8221;chevron&#8221; c_position=&#8221;right&#8221; active_section=&#8221;99&#8243; collapsible_all=&#8221;true&#8221; el_class=&#8221;acordeon&#8221;][vc_tta_section title=&#8221;2.1 Mejora del conocimiento sobre respuestas preventivas, sanitarias y sociales efectivas para abordar problemas de consumo de drogas&#8221; tab_id=&#8221;1641303120381-4624703f-f46a&#8221;][vc_column_text css_animation=&#8221;none&#8221; el_class=&#8221;actividades&#8221;]<\/p>\n<h4 style=\"font-weight: 600; font-size: 12px; line-height: 18px; color: #c44800; padding-left: 40px;\">Actividades<\/h4>\n<p style=\"padding-left: 40px;\">2.1.1 Asistencia T\u00e9cnica para la adaptaci\u00f3n de los m\u00f3dulos en materia de prevenci\u00f3n ubicados en la plataforma web de formaci\u00f3n a distancia PLATO.<\/p>\n<p style=\"padding-left: 40px;\">2.1.2 Curso virtual en 2024 anual en materia prevenci\u00f3n del programa de formaci\u00f3n del EMCDDA ubicado en PLATO.<\/p>\n<p style=\"padding-left: 40px;\">2.1.3 Desarrollo de una comunidad virtual de pr\u00e1ctica\/aprendizaje sobre prevenci\u00f3n.<\/p>\n<p style=\"padding-left: 40px;\">2.1.4 Asistencia T\u00e9cnica para la adaptaci\u00f3n, traducci\u00f3n y publicaci\u00f3n de 3 mini-gu\u00edas incluidas en la Gu\u00eda Europea de respuestas sanitarias y sociales a los problemas de consumo de drogas del EMCDDA.<\/p>\n<p style=\"padding-left: 40px;\">2.1.5 Ayudas de viaje para presentaci\u00f3n de trabajos de LAC en la Conferencia Europea de Prevenci\u00f3n.<\/p>\n<p style=\"padding-left: 40px;\">2.1.6 Puesta a disposici\u00f3n de los pa\u00edses de cursos de formaci\u00f3n virtual de la fase I y II de COPOLAD.<\/p>\n<p style=\"padding-left: 40px;\">[\/vc_column_text][\/vc_tta_section][vc_tta_section title=&#8221;2.2 Apoyo a la adaptaci\u00f3n\/generaci\u00f3n de programas y servicios de atenci\u00f3n de adicciones para atender las necesidades de las mujeres y poblaciones vulnerables&#8221; tab_id=&#8221;1641303273264-6423463a-822f&#8221;][vc_column_text css_animation=&#8221;none&#8221; el_class=&#8221;actividades&#8221;]<\/p>\n<h4 style=\"font-weight: 600; font-size: 12px; line-height: 18px; color: #c44800; padding-left: 40px;\">Actividades<\/h4>\n<p style=\"padding-left: 40px;\">2.2.1 Cuatro Talleres regionales para el desarrollo y aplicaci\u00f3n pr\u00e1ctica de los est\u00e1ndares de calidad en atenci\u00f3n de las adiciones (COPOLAD\/UNODC) en relaci\u00f3n con aspectos relacionados con g\u00e9nero y poblaci\u00f3n vulnerable.<\/p>\n<p style=\"padding-left: 40px;\">2.2.2 Asistencia t\u00e9cnica, mentor\u00edas\/pasant\u00edas y comunidad de aprendizaje para acompa\u00f1amiento en desarrollo e implementaci\u00f3n de planes de adaptaci\u00f3n de programas para mujeres y poblaciones vulnerables.<\/p>\n<p>[\/vc_column_text][\/vc_tta_section][vc_tta_section title=&#8221;2.3 Apoyo al desarrollo de los sistemas nacionales de reinserci\u00f3n socio-laboral de personas con problemas de consumo, con enfoque diferencial y de g\u00e9nero&#8221; tab_id=&#8221;1641303323967-a86014ef-4845&#8243;][vc_column_text css_animation=&#8221;none&#8221; el_class=&#8221;actividades&#8221;]<\/p>\n<h4 style=\"font-weight: 600; font-size: 12px; line-height: 18px; color: #c44800; padding-left: 40px;\">Actividades<\/h4>\n<p style=\"padding-left: 40px;\">2.3.1 Asistencia t\u00e9cnica para el desarrollo de una gu\u00eda para reforzar las capacidades en materia de integraci\u00f3n social y econ\u00f3mica, incorporando un enfoque diferencial y de g\u00e9nero.<\/p>\n<p style=\"padding-left: 40px;\">2.3.2 Webinario de intercambio de buenas pr\u00e1cticas en materia de integraci\u00f3n social y econ\u00f3mica y gu\u00eda de referencias.<\/p>\n<p style=\"padding-left: 40px;\">2.3.3 Webinario sobre el rol del marco institucional, normativo y de organizaciones de la econom\u00eda social y solidaria en la integraci\u00f3n social y laboral de personas con problemas de consumo de drogas.<\/p>\n<p style=\"padding-left: 40px;\">2.3.4 Taller regional presencial para el dise\u00f1o de planes y programas de integraci\u00f3n social y econ\u00f3mica de personas con problemas de consumo de drogas.<\/p>\n<p style=\"padding-left: 40px;\">2.3.5 Asistencia t\u00e9cnica y mentor\u00edas\/pasant\u00edas para el desarrollo de planes y programas de integraci\u00f3n social y econ\u00f3mica de personas con problemas de consumo de drogas, incorporando enfoque diferencial y de g\u00e9nero.<\/p>\n<p style=\"padding-left: 40px;\">[\/vc_column_text][\/vc_tta_section][vc_tta_section title=&#8221;2.4 Abordaje de las vulnerabilidades para el desarrollo ligadas a las drogas en territorio&#8221; tab_id=&#8221;1641303416460-4e9fa364-98f6&#8243;][vc_column_text css_animation=&#8221;none&#8221; el_class=&#8221;actividades&#8221;]<\/p>\n<h4 style=\"font-weight: 600; font-size: 12px; line-height: 18px; color: #c44800; padding-left: 40px;\">Actividades<\/h4>\n<p style=\"padding-left: 40px;\">2.4.1 Asistencia t\u00e9cnica para la elaboraci\u00f3n de una gu\u00eda de buenas pr\u00e1cticas y modelos de intervenci\u00f3n en ALC y UE en materia de abordaje de vulnerabilidades sociales ligadas a las drogas.<\/p>\n<p style=\"padding-left: 40px;\">2.4.2 Cuatro seminarios para el intercambio de buenas pr\u00e1cticas y modelos de intervenci\u00f3n en ALC y UE en materia de vulnerabilidades, soluciones con base comunitaria, intervenciones urbanas integrales,<\/p>\n<p>[\/vc_column_text][vc_column_text css_animation=&#8221;none&#8221; el_class=&#8221;actividades&#8221;]<\/p>\n<p style=\"padding-left: 40px;\">2.4.3 Asistencia t\u00e9cnica y mentor\u00edas\/pasant\u00edas para el desarrollo de estrategias de intervenci\u00f3n en comunidades de muy alta vulnerabilidad social.<\/p>\n<p style=\"padding-left: 40px;\">2.4.4 Asistencia t\u00e9cnica para la adaptaci\u00f3n y traducci\u00f3n al ingl\u00e9s del curr\u00edculo de formaci\u00f3n del modelo ECO 2 de tratamiento comunitario para operadores de pa\u00edses interesados en incorporar el modelo a las intervenciones de su pol\u00edtica p\u00fablica sobre drogas.<\/p>\n<p style=\"padding-left: 40px;\">2.4.5 Desarrollo e impartici\u00f3n de un curso virtual de formaci\u00f3n en el modelo ECO 2 de tratamiento comunitario para operadores de pa\u00edses interesados.<\/p>\n<p style=\"padding-left: 40px;\">2.4.6 Asistencia t\u00e9cnica y mentor\u00edas\/pasant\u00edas para la puesta en marcha y desarrollo de intervenciones de tratamiento comunitario (modelo ECO2).<\/p>\n<p style=\"padding-left: 40px;\">2.4.7 Asistencia t\u00e9cnica para la elaboraci\u00f3n de una Gu\u00eda de buenas pr\u00e1cticas y modelos de intervenci\u00f3n en ALC y UE en materia de territorializaci\u00f3n de servicios sanitarios y sociales.<\/p>\n<p style=\"padding-left: 40px;\">2.4.8 Dos webinarios sobre territorializaci\u00f3n de servicios sanitarios y sociales.<\/p>\n<p style=\"padding-left: 40px;\">2.4.9 Taller multi-pa\u00eds para el dise\u00f1o de planes de territorializaci\u00f3n de servicios sanitarios y sociales.<\/p>\n<p style=\"padding-left: 40px;\">2.4.10 Asistencia t\u00e9cnica y mentor\u00edas\/pasant\u00edas para la puesta en marcha de planes de territorializaci\u00f3n de servicios sanitarios y sociales.<\/p>\n<p>[\/vc_column_text][\/vc_tta_section][\/vc_tta_accordion][\/vc_column][vc_column width=&#8221;1\/3&#8243; sticky_sidebar=&#8221;yes&#8221; set_as_sidebar=&#8221;yes&#8221;][vc_wp_custommenu nav_menu=&#8221;34&#8243; el_class=&#8221;tab-style&#8221;][\/vc_column][\/vc_row]<\/p>\n<\/section>","protected":false},"excerpt":{"rendered":"<p>[vc_row][vc_column][vc_empty_space height=&#8221;10px&#8221;][\/vc_column][\/vc_row][vc_row vc_row_background=&#8221;&#8221; el_class=&#8221;.jeg_sidebar_left&#8221;][vc_column width=&#8221;2\/3&#8243;][vc_custom_heading text=&#8221;Consumo problem\u00e1tico y reducci\u00f3n del da\u00f1o&#8221; font_container=&#8221;tag:h1|font_size:48px|text_align:left|color:%23000000|line_height:72px&#8221; google_fonts=&#8221;font_family:Open%20Sans%3A300%2C300italic%2Cregular%2Citalic%2C600%2C600italic%2C700%2C700italic%2C800%2C800italic|font_style:700%20bold%20regular%3A700%3Anormal&#8221; css=&#8221;.vc_custom_1661252184581{margin-top: 0px !important;}&#8221;][vc_single_image image=&#8221;4052&#8243; img_size=&#8221;large&#8221;][vc_column_text]El abordaje del consumo problem\u00e1tico de drogas es una cuesti\u00f3n de salud p\u00fablica, as\u00ed como de cohesi\u00f3n social. Los impactos negativos del consumo de drogas afectan mayoritariamente a los\u00a0grupos vulnerables y potencian las desigualdades. La pobreza y la [&hellip;]<\/p>\n","protected":false},"author":9,"featured_media":0,"parent":0,"menu_order":0,"comment_status":"closed","ping_status":"closed","template":"","meta":{"footnotes":""},"acf":[],"_links":{"self":[{"href":"https:\/\/copolad.fiiapp.quentalstaging.com\/es\/wp-json\/wp\/v2\/pages\/3362"}],"collection":[{"href":"https:\/\/copolad.fiiapp.quentalstaging.com\/es\/wp-json\/wp\/v2\/pages"}],"about":[{"href":"https:\/\/copolad.fiiapp.quentalstaging.com\/es\/wp-json\/wp\/v2\/types\/page"}],"author":[{"embeddable":true,"href":"https:\/\/copolad.fiiapp.quentalstaging.com\/es\/wp-json\/wp\/v2\/users\/9"}],"replies":[{"embeddable":true,"href":"https:\/\/copolad.fiiapp.quentalstaging.com\/es\/wp-json\/wp\/v2\/comments?post=3362"}],"version-history":[{"count":1,"href":"https:\/\/copolad.fiiapp.quentalstaging.com\/es\/wp-json\/wp\/v2\/pages\/3362\/revisions"}],"predecessor-version":[{"id":10599,"href":"https:\/\/copolad.fiiapp.quentalstaging.com\/es\/wp-json\/wp\/v2\/pages\/3362\/revisions\/10599"}],"wp:attachment":[{"href":"https:\/\/copolad.fiiapp.quentalstaging.com\/es\/wp-json\/wp\/v2\/media?parent=3362"}],"curies":[{"name":"wp","href":"https:\/\/api.w.org\/{rel}","templated":true}]}}