{"id":3364,"date":"2021-12-13T08:15:10","date_gmt":"2021-12-13T08:15:10","guid":{"rendered":"https:\/\/copolad.ole.agency\/?page_id=3364"},"modified":"2024-05-09T11:25:50","modified_gmt":"2024-05-09T09:25:50","slug":"reduccion-mercado-ilegal-drogas","status":"publish","type":"page","link":"https:\/\/copolad.fiiapp.quentalstaging.com\/es\/reduccion-mercado-ilegal-drogas\/","title":{"rendered":"Reducci\u00f3n del mercado ilegal de drogas"},"content":{"rendered":"<section class=\"wpb-content-wrapper\"><p>[vc_row][vc_column][vc_empty_space height=&#8221;10px&#8221;][\/vc_column][\/vc_row][vc_row vc_row_background=&#8221;&#8221; el_class=&#8221;.jeg_sidebar_left&#8221;][vc_column width=&#8221;2\/3&#8243;][vc_custom_heading text=&#8221;Reducci\u00f3n del mercado ilegal de drogas&#8221; font_container=&#8221;tag:h1|font_size:48px|text_align:left|color:%23000000|line_height:72px&#8221; google_fonts=&#8221;font_family:Open%20Sans%3A300%2C300italic%2Cregular%2Citalic%2C600%2C600italic%2C700%2C700italic%2C800%2C800italic|font_style:700%20bold%20regular%3A700%3Anormal&#8221; css=&#8221;.vc_custom_1639383251853{margin-top: 0px !important;}&#8221;][vc_single_image image=&#8221;4056&#8243; img_size=&#8221;large&#8221;][vc_column_text]Las fases anteriores de COPOLAD han logrado resultados exitosos en el campo de la reducci\u00f3n del mercado ilegal de drogas, a trav\u00e9s del intercambio de informaci\u00f3n, experiencias e inteligencia, as\u00ed como de buenas pr\u00e1cticas y lecciones aprendidas en las \u00e1reas de\u00a0<strong>interdicci\u00f3n, blanqueo de capitales, recuperaci\u00f3n de activos y el control de precursores<\/strong>. En esta tercera fase se abordar\u00e1n los siguientes ejes principales:\u00a0<strong>desarrollo alternativo de cultivos, control de precursores qu\u00edmicos para fabricar drogas, cooperaci\u00f3n policial y judicial en el contraste, lavado de dinero y recuperaci\u00f3n de activos<\/strong>, apostando por la promoci\u00f3n de pol\u00edticas p\u00fablicas basadas en la evidencia en el \u00e1mbito del control de la oferta de drogas con enfoque de derechos.<\/p>\n<p>Con este resultado, COPOLAD III busca reducir el impacto negativo sobre el desarrollo sostenible en Am\u00e9rica Latina y Caribe de pol\u00edticas p\u00fablicas basadas exclusivamente en la interceptaci\u00f3n de drogas, arresto y enjuiciamiento de los actores del mercado il\u00edcito. Las acciones propuestas pretenden apoyar pol\u00edticas p\u00fablicas que ofrezcan soluciones integrales, que combinan la labor de inteligencia s\u00f3lida con medidas de seguridad ciudadana y desarrollo, empleo digno, protecci\u00f3n social, legalidad y confianza en las instituciones, primando los intereses de los grupos m\u00e1s vulnerables y de las mujeres.<\/p>\n<p>Se\u00a0<strong>propone integrar las actividades con acciones que fomentan el intercambio de experiencias, buenas pr\u00e1cticas sobre reformas, normativas e intervenciones en control de la oferta con enfoque de derechos humanos<\/strong>, as\u00ed como intercambios y asistencia t\u00e9cnicas para fomentar la revisi\u00f3n de la normativa penal, la proporcionalidad de la ley para delitos y tr\u00e1fico de drogas y sensibilizaci\u00f3n sobre el impacto de la industria de producci\u00f3n y tr\u00e1fico de drogas en el medio ambiente.<\/p>\n<p>Se establecer\u00e1n, as\u00ed mismo, sinergias con otros programas regionales como\u00a0<font color=\"#000000\"><a href=\"https:\/\/www.elpaccto.eu\/\"><strong>El PAcCTO<\/strong><\/a><strong>, I-CAN,\u00a0<\/strong><a href=\"https:\/\/programaeurofront.eu\/\"><strong>EUROFRONT<\/strong><\/a><strong>\u00a0y\u00a0<\/strong><a href=\"https:\/\/eurosocial.eu\/\"><strong>EUROSOCIAL +<\/strong><\/a>.<\/font>[\/vc_column_text][vc_custom_heading text=&#8221;L\u00edneas de acci\u00f3n&#8221; font_container=&#8221;tag:h2|font_size:20px|text_align:left|color:%2315110d|line_height:28px&#8221; google_fonts=&#8221;font_family:Open%20Sans%3A300%2C300italic%2Cregular%2Citalic%2C600%2C600italic%2C700%2C700italic%2C800%2C800italic|font_style:700%20bold%20regular%3A700%3Anormal&#8221;][vc_tta_accordion color=&#8221;white&#8221; c_icon=&#8221;chevron&#8221; c_position=&#8221;right&#8221; active_section=&#8221;99&#8243; collapsible_all=&#8221;true&#8221; el_class=&#8221;acordeon&#8221;][vc_tta_section title=&#8221;3.1. Desarrollo Alternativo Integral y Sostenible (DAIS)&#8221; tab_id=&#8221;1641300726802-1ec376cf-d28a&#8221;][vc_column_text css_animation=&#8221;none&#8221; el_class=&#8221;actividades&#8221;]<\/p>\n<h4 style=\"font-weight: 600; font-size: 12px; line-height: 18px; color: #c44800; padding-left: 40px;\">Actividades<\/h4>\n<p style=\"padding-left: 40px;\">3.1.1 Talleres tem\u00e1ticos sobre Desarrollo Alternativo Integral y Sostenible:<\/p>\n<p>[\/vc_column_text][vc_row_inner][vc_column_inner width=&#8221;1\/2&#8243;][vc_column_text]<\/p>\n<p class=\"elemento-lista\" style=\"padding-left: 40px;\">3.1.1.1 Cuatro webinarios tem\u00e1ticos y 1er Foro de Di\u00e1logo sobre Desarrollo Alternativo y medio ambiente.<\/p>\n<p>[\/vc_column_text][\/vc_column_inner][vc_column_inner width=&#8221;1\/2&#8243;][vc_column_text]<\/p>\n<p class=\"elemento-lista\" style=\"padding-left: 40px;\">3.1.1.2 Cuatro webinarios tem\u00e1ticos y 2ndo Foro de Di\u00e1logo sobre Desarrollo Alternativo y enfoques innovadores.<\/p>\n<p>[\/vc_column_text][\/vc_column_inner][\/vc_row_inner][vc_column_text css_animation=&#8221;none&#8221; el_class=&#8221;actividades&#8221;]<\/p>\n<p style=\"padding-left: 40px;\">3.1.2 Organizaci\u00f3n de visitas estudios tem\u00e1ticas:<\/p>\n<p>[\/vc_column_text][vc_row_inner][vc_column_inner width=&#8221;1\/2&#8243;][vc_column_text]<\/p>\n<p class=\"elemento-lista\" style=\"padding-left: 40px;\">3.1.2.1 Organizaci\u00f3n de una visita de estudio a un pa\u00eds de &#8220;referencia&#8221; en Desarrollo Alternativo.<\/p>\n<p>[\/vc_column_text][\/vc_column_inner][vc_column_inner width=&#8221;1\/2&#8243;][vc_column_text]<\/p>\n<p class=\"elemento-lista\" style=\"padding-left: 40px;\">3.1.2.2 Organizaci\u00f3n de una visita de estudio a uno de los pa\u00edses que se han incorporado recientemente el Desarrollo Alternativo o en zonas fronterizas o zonas rurales.<\/p>\n<p>[\/vc_column_text][\/vc_column_inner][\/vc_row_inner][vc_column_text css_animation=&#8221;none&#8221; el_class=&#8221;actividades&#8221;]<\/p>\n<p style=\"padding-left: 40px;\">3.1.3 Tercer foro de di\u00e1logo presencial para intercambio de experiencias, mejores pr\u00e1cticas y lecciones aprendidas.<\/p>\n<p style=\"padding-left: 40px;\">3.1.4. Realizaci\u00f3n de un estudio sobre Desarrollo Alternativo a cultivos de droga (DAIS).<\/p>\n<p class=\"elemento-lista\" style=\"padding-left: 40px;\">3.1.4.1 Realizaci\u00f3n de un estudio para el an\u00e1lisis de buenas pr\u00e1cticas en enfoques innovadores en DAIS en ALC, sobre la base del resultado del diagn\u00f3stico de necesidades.<\/p>\n<p style=\"padding-left: 40px;\">3.1.5. Formaci\u00f3n en g\u00e9nero y DAIS.<\/p>\n<p class=\"elemento-lista\" style=\"padding-left: 40px;\">3.1.5.1 Dise\u00f1o, programaci\u00f3n y elaboraci\u00f3n de m\u00f3dulos formativos virtuales para todos los pa\u00edses sobre enfoque de g\u00e9nero en pol\u00edticas sobre DAIS.<\/p>\n<p>[\/vc_column_text][\/vc_tta_section][vc_tta_section title=&#8221;3.2. Refuerzo efectivo de la cooperaci\u00f3n en las actividades de investigaci\u00f3n del tr\u00e1fico de drogas&#8221; tab_id=&#8221;1641301584528-150ebdd5-33a9&#8243;][vc_column_text css_animation=&#8221;none&#8221; el_class=&#8221;actividades&#8221;]<\/p>\n<h4 style=\"font-weight: 600; font-size: 12px; line-height: 18px; color: #c44800; padding-left: 40px;\">Actividades<\/h4>\n<p style=\"padding-left: 40px;\">3.2.1 Cooperaci\u00f3n internacional en materia de inteligencia e investigaciones sobre tr\u00e1fico de drogas.<\/p>\n<p>[\/vc_column_text][vc_row_inner][vc_column_inner width=&#8221;1\/2&#8243;][vc_column_text]<\/p>\n<p class=\"elemento-lista\" style=\"padding-left: 40px;\">3.2.1.1 Doce webinarios birregionales para compartir informaci\u00f3n sobre los modus operandi de organizaciones criminales transnacionales.<\/p>\n<p>[\/vc_column_text][\/vc_column_inner][vc_column_inner width=&#8221;1\/2&#8243;][vc_column_text]<\/p>\n<p class=\"elemento-lista\" style=\"padding-left: 40px;\">3.2.1.2 Apoyo a la creaci\u00f3n y puesta en marcha de una red de expertos sobre an\u00e1lisis de los mercados de las drogas en colaboraci\u00f3n con el OEDT.<\/p>\n<p>[\/vc_column_text][\/vc_column_inner][\/vc_row_inner][vc_column_text css_animation=&#8221;none&#8221; el_class=&#8221;actividades&#8221;]<\/p>\n<p style=\"padding-left: 40px;\">3.2.2 Generaci\u00f3n de capacidades y armonizaci\u00f3n normativa en materia de t\u00e9cnicas especiales de investigaci\u00f3n y su implementaci\u00f3n.<\/p>\n<p>[\/vc_column_text][vc_row_inner][vc_column_inner width=&#8221;1\/2&#8243;][vc_column_text]<\/p>\n<p class=\"elemento-lista\" style=\"padding-left: 40px;\">3.2.2.1 Tres actividades multipa\u00eds al a\u00f1o del Grupo de Trabajo sobre t\u00e9cnicas especiales de investigaci\u00f3n.<\/p>\n<p>[\/vc_column_text][\/vc_column_inner][vc_column_inner width=&#8221;1\/2&#8243;][vc_column_text]<\/p>\n<p class=\"elemento-lista\" style=\"padding-left: 40px;\">3.2.2.2 30 Asistencias T\u00e9cnicas para el fortalecimiento de las capacidades en T\u00e9cnicas Especiales de Investigaci\u00f3n.<\/p>\n<p>[\/vc_column_text][\/vc_column_inner][\/vc_row_inner][vc_column_text css_animation=&#8221;none&#8221; el_class=&#8221;actividades&#8221;]<\/p>\n<p style=\"padding-left: 40px;\">3.2.3 Apoyo a la coordinaci\u00f3n interagencial en tareas de interdicci\u00f3n del tr\u00e1fico de drogas.<\/p>\n<p>[\/vc_column_text][vc_row_inner][vc_column_inner width=&#8221;1\/2&#8243;][vc_column_text]<\/p>\n<p class=\"elemento-lista\" style=\"padding-left: 40px;\">3.2.3.1 Tres actividades multipa\u00eds al a\u00f1o del Grupo de Trabajo sobre cooperaci\u00f3n internacional en materia de inteligencia e investigaciones sobre tr\u00e1fico de drogas.<\/p>\n<p>[\/vc_column_text][\/vc_column_inner][vc_column_inner width=&#8221;1\/2&#8243;][vc_column_text]<\/p>\n<p class=\"elemento-lista\" style=\"padding-left: 40px;\">3.2.3.2 Cincuenta Asistencias T\u00e9cnicas para fortalecer normativas, coordinaci\u00f3n interagencial y bases de datos que facilitan la cooperaci\u00f3n internacional contra el tr\u00e1fico de drogas.<\/p>\n<p>[\/vc_column_text][\/vc_column_inner][\/vc_row_inner][\/vc_tta_section][vc_tta_section title=&#8221;3.3. Armonizaci\u00f3n de leyes y estrategias comunes de lucha contra los capitales il\u00edcitos y el blanqueo de capitales, mediante la confiscaci\u00f3n de activos y la gesti\u00f3n de los activos decomisados&#8221; tab_id=&#8221;1641301801884-6c4efa44-4587&#8243;][vc_column_text css_animation=&#8221;none&#8221; el_class=&#8221;actividades&#8221;]<\/p>\n<h4 style=\"font-weight: 600; font-size: 12px; line-height: 18px; color: #c44800; padding-left: 40px;\">Actividades<\/h4>\n<p style=\"padding-left: 40px;\">3.3.1 Fortalecimiento de los sistemas de prevenci\u00f3n y lucha contra el lavado de activos, y apoyo a la mejora de la cooperaci\u00f3n policial y judicial internacional en materia de lavado.<\/p>\n<p>[\/vc_column_text][vc_row_inner][vc_column_inner width=&#8221;1\/2&#8243;][vc_column_text]<\/p>\n<p class=\"elemento-lista\" style=\"padding-left: 40px;\">3.3.1.1 Doce webinarios birregionales sobre m\u00e9todos de investigaci\u00f3n de lavado de activos (incluyendo ciber-lavado) y gesti\u00f3n de bienes confiscados.<\/p>\n<p>[\/vc_column_text][\/vc_column_inner][vc_column_inner width=&#8221;1\/2&#8243;][vc_column_text]<\/p>\n<p class=\"elemento-lista\" style=\"padding-left: 40px;\">3.3.1.2 Cuatro actividades multipa\u00eds al a\u00f1o del grupo de trabajo sobre sistemas de prevenci\u00f3n de lavado de activos.<\/p>\n<p>[\/vc_column_text][\/vc_column_inner][\/vc_row_inner][vc_row_inner][vc_column_inner width=&#8221;1\/2&#8243;][vc_column_text]<\/p>\n<p class=\"elemento-lista\" style=\"padding-left: 40px;\">3.3.1.3 Cuarenta asistencias t\u00e9cnicas sobre armonizaci\u00f3n normativa, coordinaci\u00f3n interinstitucional en materia de lucha contra el lavado de activos y cooperaci\u00f3n policial y judicial.<\/p>\n<p>[\/vc_column_text][\/vc_column_inner][\/vc_row_inner][vc_column_text css_animation=&#8221;none&#8221; el_class=&#8221;actividades&#8221;]<\/p>\n<p style=\"padding-left: 40px;\">3.3.2 Fortalecimiento de los sistemas de inteligencia financiera y patrimonial.<\/p>\n<p>[\/vc_column_text][vc_row_inner][vc_column_inner width=&#8221;1\/2&#8243;][vc_column_text]<\/p>\n<p class=\"elemento-lista\" style=\"padding-left: 40px;\">3.3.2.1 Dos actividades multi pa\u00eds al a\u00f1o del grupo de trabajo sobre investigaci\u00f3n financiera y patrimonial.<\/p>\n<p>[\/vc_column_text][\/vc_column_inner][vc_column_inner width=&#8221;1\/2&#8243;][vc_column_text]<\/p>\n<p class=\"elemento-lista\" style=\"padding-left: 40px;\">3.3.2.2 Treinta asistencias t\u00e9cnicas sobre investigaci\u00f3n financiera y patrimonial.<\/p>\n<p>[\/vc_column_text][\/vc_column_inner][\/vc_row_inner][vc_column_text css_animation=&#8221;none&#8221; el_class=&#8221;actividades&#8221;]<\/p>\n<p style=\"padding-left: 40px;\">3.3.3 Fortalecimiento de los sistemas de aprovechamiento de los bienes y activos decomisados y su aprovechamiento para uso social.<\/p>\n<p>[\/vc_column_text][vc_row_inner][vc_column_inner width=&#8221;1\/2&#8243;][vc_column_text]<\/p>\n<p class=\"elemento-lista\" style=\"padding-left: 40px;\">3.3.3.1 Tres actividades multi pa\u00eds al a\u00f1o del grupo de trabajo sobre recuperaci\u00f3n y gesti\u00f3n de los bienes decomisados, incluyendo su recuperaci\u00f3n para uso social.<\/p>\n<p>[\/vc_column_text][\/vc_column_inner][vc_column_inner width=&#8221;1\/2&#8243;][vc_column_text]<\/p>\n<p class=\"elemento-lista\" style=\"padding-left: 40px;\">3.3.3.2 30 asistencias t\u00e9cnicas sobre recuperaci\u00f3n y gesti\u00f3n de bienes decomisados, y su recuperaci\u00f3n para uso social.<\/p>\n<p>[\/vc_column_text][\/vc_column_inner][\/vc_row_inner][\/vc_tta_section][vc_tta_section title=&#8221;3.4. Control de precursores qu\u00edmicos para la fabricaci\u00f3n de drogas ilegales.&#8221; tab_id=&#8221;1641302445443-44e457e3-f716&#8243;][vc_column_text css_animation=&#8221;none&#8221; el_class=&#8221;actividades&#8221;]<\/p>\n<h4 style=\"font-weight: 600; font-size: 12px; line-height: 18px; color: #c44800; padding-left: 40px;\">Actividades<\/h4>\n<p style=\"padding-left: 40px;\">3.4.1 Fortalecimiento de la cooperaci\u00f3n entre la UE y ALC en materia de control internacional de precursores qu\u00edmicos.<\/p>\n<p class=\"elemento-lista\" style=\"padding-left: 40px;\">3.4.1.1 Dos Seminarios \/ taller para el intercambio de experiencias y el fortalecimiento de la cooperaci\u00f3n birregional y el intercambio de informaci\u00f3n e inteligencia en materia de control de precursores.<\/p>\n<p style=\"padding-left: 40px;\">3.4.2 Fortalecimiento de las capacidades t\u00e9cnicas en materia de fiscalizaci\u00f3n de precursores qu\u00edmicos.<\/p>\n<p>[\/vc_column_text][vc_row_inner][vc_column_inner width=&#8221;1\/2&#8243;][vc_column_text]<\/p>\n<p class=\"elemento-lista\" style=\"padding-left: 40px;\">3.4.2.1 Ocho webinarios de formaci\u00f3n sobre tem\u00e1ticas especializadas en materia de control de precursores.<\/p>\n<p>[\/vc_column_text][\/vc_column_inner][vc_column_inner width=&#8221;1\/2&#8243;][vc_column_text]<\/p>\n<p class=\"elemento-lista\" style=\"padding-left: 40px;\">3.4.2.2 Asistencias t\u00e9cnicas y mentor\u00edas en relaci\u00f3n con las distintas dimensiones de trabajo de las agencias de fiscalizaci\u00f3n y control de precursores con aquellos pa\u00edses interesados en desarrollar planes de mejora de dichas agencias.<\/p>\n<p>[\/vc_column_text][\/vc_column_inner][\/vc_row_inner][vc_column_text css_animation=&#8221;none&#8221; el_class=&#8221;actividades&#8221;]<\/p>\n<p style=\"padding-left: 40px;\">3.4.3 Mejora de los procesos de gesti\u00f3n y disposici\u00f3n de sustancias qu\u00edmicas incautadas.<\/p>\n<p>[\/vc_column_text][vc_row_inner][vc_column_inner width=&#8221;1\/2&#8243;][vc_column_text]<\/p>\n<p class=\"elemento-lista\" style=\"padding-left: 40px;\">3.4.3.1 Webinario birregional sobre mejores pr\u00e1cticas en materia de gesti\u00f3n y disposici\u00f3n de qu\u00edmicos incautados y sobre sus protocolos de seguridad y ambientales.<\/p>\n<p>[\/vc_column_text][\/vc_column_inner][vc_column_inner width=&#8221;1\/2&#8243;][vc_column_text]<\/p>\n<p class=\"elemento-lista\" style=\"padding-left: 40px;\">3.4.3.2 Taller presencial de programaci\u00f3n de mejoras de los sistemas nacionales de gesti\u00f3n y disposici\u00f3n de sustancias qu\u00edmicas incautadas al narcotr\u00e1fico.<\/p>\n<p>[\/vc_column_text][\/vc_column_inner][\/vc_row_inner][vc_row_inner][vc_column_inner width=&#8221;1\/2&#8243;][vc_column_text]<\/p>\n<p class=\"elemento-lista\" style=\"padding-left: 40px;\">3.4.3.3 Una visita de estudio a un pa\u00eds que disponga de un sistema avanzado de gesti\u00f3n y disposici\u00f3n de qu\u00edmicos incautados, por parte de los pa\u00edses interesados en fortalecer sus propios sistemas.<\/p>\n<p>[\/vc_column_text][\/vc_column_inner][vc_column_inner width=&#8221;1\/2&#8243;][vc_column_text]<\/p>\n<p class=\"elemento-lista\" style=\"padding-left: 40px;\">3.4.3.4 Asistencias t\u00e9cnica y mentoring a los procesos de mejora de los sistemas nacionales de gesti\u00f3n y disposici\u00f3n de sustancias qu\u00edmicas incautadas al narcotr\u00e1fico.<\/p>\n<p>[\/vc_column_text][\/vc_column_inner][\/vc_row_inner][\/vc_tta_section][vc_tta_section title=&#8221;3.5. Mejora de los resultados para el desarrollo sostenible de las pol\u00edticas de control de la oferta.&#8221; tab_id=&#8221;1641302688314-a9870db5-8451&#8243;][vc_column_text css_animation=&#8221;none&#8221; el_class=&#8221;actividades&#8221;]<\/p>\n<h4 style=\"font-weight: 600; font-size: 12px; line-height: 18px; color: #c44800; padding-left: 40px;\">Actividades<\/h4>\n<p style=\"padding-left: 40px;\">3.5.1 Apoyo a la mejora de la respuesta y la proporcionalidad de los marcos penales a los retos relacionados con las drogas.<\/p>\n<p>[\/vc_column_text][vc_row_inner][vc_column_inner width=&#8221;1\/2&#8243;][vc_column_text]<\/p>\n<p class=\"elemento-lista\" style=\"padding-left: 40px;\">3.5.1.1 Webinario birregional dirigido a tomadores de decisiones sobre pol\u00edticas y legislaci\u00f3n sobre drogas, sobre desproporcionalidad, impacto y opciones de mejora de la ley penal sobre drogas en ALC y, espec\u00edficamente sobre las mujeres.<\/p>\n<p>[\/vc_column_text][\/vc_column_inner][vc_column_inner width=&#8221;1\/2&#8243;][vc_column_text]<\/p>\n<p class=\"elemento-lista\" style=\"padding-left: 40px;\">3.5.1.2 3 Asistencias T\u00e9cnica para un an\u00e1lisis legal y desarrollo de borradores de propuestas de revisi\u00f3n de la ley penal sobre drogas en pa\u00edses interesados.<\/p>\n<p>[\/vc_column_text][\/vc_column_inner][\/vc_row_inner][vc_row_inner][vc_column_inner width=&#8221;1\/2&#8243;][vc_column_text]<\/p>\n<p class=\"elemento-lista\" style=\"padding-left: 40px;\">3.5.1.3 Tres talleres nacionales de presentaci\u00f3n y discusi\u00f3n de las propuestas de revisi\u00f3n y para el desarrollo de una hoja de ruta de reforma legal\/reglamentaria.<\/p>\n<p>[\/vc_column_text][\/vc_column_inner][\/vc_row_inner][vc_column_text css_animation=&#8221;none&#8221; el_class=&#8221;actividades&#8221;]<\/p>\n<p style=\"padding-left: 40px;\">3.5.2 Apoyo al desarrollo de alternativas al arresto o al encarcelamiento en caso de delitos menores sobre drogas.<\/p>\n<p>[\/vc_column_text][vc_row_inner][vc_column_inner width=&#8221;1\/2&#8243;][vc_column_text]<\/p>\n<p class=\"elemento-lista\" style=\"padding-left: 40px;\">3.5.2.1 Webinario birregional de intercambio de experiencias\/buenas pr\u00e1cticas entre UE-ALC en materia de alternativas al arresto\/encarcelamiento.<\/p>\n<p>[\/vc_column_text][\/vc_column_inner][vc_column_inner width=&#8221;1\/2&#8243;][vc_column_text]<\/p>\n<p class=\"elemento-lista\" style=\"padding-left: 40px;\">3.5.2.2. 5 Asistencias T\u00e9cnicas para an\u00e1lisis previos de factibilidad para desarrollar alternativas al arresto\/encarcelamiento en pa\u00edses interesados.<\/p>\n<p>[\/vc_column_text][\/vc_column_inner][\/vc_row_inner][vc_row_inner][vc_column_inner width=&#8221;1\/2&#8243;][vc_column_text]<\/p>\n<p class=\"elemento-lista\" style=\"padding-left: 40px;\">3.5.2.3 5 Laboratorios de innovaci\u00f3n nacionales para el dise\u00f1o de propuestas innovadoras y multidisciplinarias de alternativas al arresto\/encarcelamiento dirigidos a pa\u00edses interesados y para el dise\u00f1o de hojas de ruta nacionales.<\/p>\n<p>[\/vc_column_text][\/vc_column_inner][vc_column_inner width=&#8221;1\/2&#8243;][vc_column_text]<\/p>\n<p class=\"elemento-lista\" style=\"padding-left: 40px;\">3.5.2.4 Asistencia T\u00e9cnica y mentor\u00edas para el acompa\u00f1amiento en el desarrollo de las hojas de ruta.<\/p>\n<p>[\/vc_column_text][\/vc_column_inner][\/vc_row_inner][vc_column_text css_animation=&#8221;none&#8221; el_class=&#8221;actividades&#8221;]<\/p>\n<p style=\"padding-left: 40px;\">3.5.2 Apoyo al desarrollo de alternativas al arresto o al encarcelamiento en caso de delitos menores sobre drogas.<\/p>\n<p>[\/vc_column_text][vc_row_inner][vc_column_inner width=&#8221;1\/2&#8243;][vc_column_text]<\/p>\n<p class=\"elemento-lista\" style=\"padding-left: 40px;\">3.4.3.1 Webinario birregional sobre mejores pr\u00e1cticas en materia de gesti\u00f3n y disposici\u00f3n de qu\u00edmicos incautados y sobre sus protocolos de seguridad y ambientales.<\/p>\n<p>[\/vc_column_text][\/vc_column_inner][vc_column_inner width=&#8221;1\/2&#8243;][vc_column_text]<\/p>\n<p class=\"elemento-lista\" style=\"padding-left: 40px;\">3.4.3.2 Taller presencial de programaci\u00f3n de mejoras de los sistemas nacionales de gesti\u00f3n y disposici\u00f3n de sustancias qu\u00edmicas incautadas al narcotr\u00e1fico.<\/p>\n<p>[\/vc_column_text][\/vc_column_inner][\/vc_row_inner][\/vc_tta_section][\/vc_tta_accordion][\/vc_column][vc_column width=&#8221;1\/3&#8243; sticky_sidebar=&#8221;yes&#8221; set_as_sidebar=&#8221;yes&#8221;][vc_wp_custommenu nav_menu=&#8221;34&#8243; el_class=&#8221;tab-style&#8221;][\/vc_column][\/vc_row]<\/p>\n<\/section>","protected":false},"excerpt":{"rendered":"<p>[vc_row][vc_column][vc_empty_space height=&#8221;10px&#8221;][\/vc_column][\/vc_row][vc_row vc_row_background=&#8221;&#8221; el_class=&#8221;.jeg_sidebar_left&#8221;][vc_column width=&#8221;2\/3&#8243;][vc_custom_heading text=&#8221;Reducci\u00f3n del mercado ilegal de drogas&#8221; font_container=&#8221;tag:h1|font_size:48px|text_align:left|color:%23000000|line_height:72px&#8221; google_fonts=&#8221;font_family:Open%20Sans%3A300%2C300italic%2Cregular%2Citalic%2C600%2C600italic%2C700%2C700italic%2C800%2C800italic|font_style:700%20bold%20regular%3A700%3Anormal&#8221; css=&#8221;.vc_custom_1639383251853{margin-top: 0px !important;}&#8221;][vc_single_image image=&#8221;4056&#8243; img_size=&#8221;large&#8221;][vc_column_text]Las fases anteriores de COPOLAD han logrado resultados exitosos en el campo de la reducci\u00f3n del mercado ilegal de drogas, a trav\u00e9s del intercambio de informaci\u00f3n, experiencias e inteligencia, as\u00ed como de buenas pr\u00e1cticas y lecciones aprendidas en [&hellip;]<\/p>\n","protected":false},"author":9,"featured_media":0,"parent":0,"menu_order":0,"comment_status":"closed","ping_status":"closed","template":"","meta":{"footnotes":""},"acf":[],"_links":{"self":[{"href":"https:\/\/copolad.fiiapp.quentalstaging.com\/es\/wp-json\/wp\/v2\/pages\/3364"}],"collection":[{"href":"https:\/\/copolad.fiiapp.quentalstaging.com\/es\/wp-json\/wp\/v2\/pages"}],"about":[{"href":"https:\/\/copolad.fiiapp.quentalstaging.com\/es\/wp-json\/wp\/v2\/types\/page"}],"author":[{"embeddable":true,"href":"https:\/\/copolad.fiiapp.quentalstaging.com\/es\/wp-json\/wp\/v2\/users\/9"}],"replies":[{"embeddable":true,"href":"https:\/\/copolad.fiiapp.quentalstaging.com\/es\/wp-json\/wp\/v2\/comments?post=3364"}],"version-history":[{"count":1,"href":"https:\/\/copolad.fiiapp.quentalstaging.com\/es\/wp-json\/wp\/v2\/pages\/3364\/revisions"}],"predecessor-version":[{"id":10597,"href":"https:\/\/copolad.fiiapp.quentalstaging.com\/es\/wp-json\/wp\/v2\/pages\/3364\/revisions\/10597"}],"wp:attachment":[{"href":"https:\/\/copolad.fiiapp.quentalstaging.com\/es\/wp-json\/wp\/v2\/media?parent=3364"}],"curies":[{"name":"wp","href":"https:\/\/api.w.org\/{rel}","templated":true}]}}