{"id":3367,"date":"2021-12-13T08:21:52","date_gmt":"2021-12-13T08:21:52","guid":{"rendered":"https:\/\/copolad.ole.agency\/?page_id=3367"},"modified":"2024-05-09T11:24:41","modified_gmt":"2024-05-09T09:24:41","slug":"apoyo-al-mecanismo-de-coordinacion-y-cooperacion-en-materia-de-drogas","status":"publish","type":"page","link":"https:\/\/copolad.fiiapp.quentalstaging.com\/es\/apoyo-al-mecanismo-de-coordinacion-y-cooperacion-en-materia-de-drogas\/","title":{"rendered":"Apoyo a la coordinaci\u00f3n y cooperaci\u00f3n birregional en materia de Drogas"},"content":{"rendered":"<section class=\"wpb-content-wrapper\"><p>[vc_row][vc_column][vc_empty_space height=&#8221;10px&#8221;][\/vc_column][\/vc_row][vc_row vc_row_background=&#8221;&#8221; el_class=&#8221;.jeg_sidebar_left&#8221;][vc_column width=&#8221;2\/3&#8243;][vc_custom_heading text=&#8221;Apoyo a la coordinaci\u00f3n y cooperaci\u00f3n birregional en materia de drogas&#8221; font_container=&#8221;tag:h1|font_size:48px|text_align:left|color:%23000000|line_height:72px&#8221; google_fonts=&#8221;font_family:Open%20Sans%3A300%2C300italic%2Cregular%2Citalic%2C600%2C600italic%2C700%2C700italic%2C800%2C800italic|font_style:700%20bold%20regular%3A700%3Anormal&#8221; css=&#8221;.vc_custom_1650268578070{margin-top: 0px !important;}&#8221;][vc_single_image image=&#8221;4050&#8243; img_size=&#8221;large&#8221;][vc_custom_heading text=&#8221;Mayores oportunidades de di\u00e1logo pol\u00edtico-t\u00e9cnico entre ambas regiones (UE-ALC), sobre la naturaleza de los problemas relacionados con las drogas y las mejores formas de afrontarlos&#8221; font_container=&#8221;tag:h2|font_size:20px|text_align:left|color:%2315110d|line_height:28px&#8221; google_fonts=&#8221;font_family:Open%20Sans%3A300%2C300italic%2Cregular%2Citalic%2C600%2C600italic%2C700%2C700italic%2C800%2C800italic|font_style:700%20bold%20regular%3A700%3Anormal&#8221;][vc_column_text]Dentro del compromiso birregional de cooperar conjuntamente en el \u00e1mbito de las pol\u00edticas de drogas en el seno del Mecanismo de Coordinaci\u00f3n y Cooperaci\u00f3n en Materia de Drogas UE-CELAC, los pa\u00edses de Am\u00e9rica Latina y Caribe reconocen que COPOLAD ha mejorado la coordinaci\u00f3n y la cooperaci\u00f3n en materia de drogas y que ha reforzado el trabajo del Mecanismo. COPOLAD III construir\u00e1 <b>sobre la relaci\u00f3n y avances establecidos,<\/b> y seguir\u00e1 prestando apoyo al Mecanismo y reforzando el di\u00e1logo birregional en materia de drogas en las prioridades actualizadas entre octubre y noviembre 2021 con los pa\u00edses <b>CELAC, \u00a0la Comisi\u00f3n Europea<\/b> y el secretariado del<b> Consejo de la Uni\u00f3n Europea<\/b>.<\/p>\n<p><a href=\"https:\/\/copolad.eu\/wp-content\/uploads\/2024\/02\/COPOLAD_Ficha_Tematica_Dialogo_BiRegional_CELAC_UE_Politicas_Drogas_Febrero_2024_es-1.pdf\">Descarga la Ficha Tema\u0301tica<\/a>[\/vc_column_text][vc_custom_heading text=&#8221;L\u00edneas de acci\u00f3n&#8221; font_container=&#8221;tag:h2|font_size:20px|text_align:left|color:%2315110d|line_height:28px&#8221; google_fonts=&#8221;font_family:Open%20Sans%3A300%2C300italic%2Cregular%2Citalic%2C600%2C600italic%2C700%2C700italic%2C800%2C800italic|font_style:700%20bold%20regular%3A700%3Anormal&#8221;][vc_tta_accordion color=&#8221;white&#8221; c_icon=&#8221;chevron&#8221; c_position=&#8221;right&#8221; active_section=&#8221;99&#8243; collapsible_all=&#8221;true&#8221; el_class=&#8221;acordeon&#8221;][vc_tta_section title=&#8221;4.1. Espacios de coordinaci\u00f3n COPOLAD&#8221; tab_id=&#8221;1641284249833-79f96f1d-4698&#8243;][vc_column_text css_animation=&#8221;none&#8221; el_class=&#8221;actividades&#8221;]<\/p>\n<h4 style=\"font-weight: 600; font-size: 12px; line-height: 18px; color: #c44800; padding-left: 40px;\">Actividades<\/h4>\n<p style=\"padding-left: 40px;\">4.1.1. Reuniones anuales del Programa realizadas a continuaci\u00f3n de las reuniones de Alto Nivel del Mecanismo.<\/p>\n<p>[\/vc_column_text][\/vc_tta_section][vc_tta_section title=&#8221;4.2. Mejorar la coordinaci\u00f3n birregional Am\u00e9rica Latina, Caribe y Europa en la lucha contra las drogas&#8221; tab_id=&#8221;1641284249845-250e8b9c-7222&#8243;][vc_column_text css_animation=&#8221;none&#8221; el_class=&#8221;actividades&#8221;]<\/p>\n<h4 style=\"font-weight: 600; font-size: 12px; line-height: 18px; color: #c44800; padding-left: 40px;\">Actividades<\/h4>\n<p style=\"padding-left: 40px;\">4.2.1. Apoyo al trabajo del mecanismo de coordinaci\u00f3n UE &#8211; CELAC para una coordinaci\u00f3n birregional efectiva articulando el nivel pol\u00edtico y t\u00e9cnico.<\/p>\n<p style=\"padding-left: 40px;\">4.2.2. Facilitar y difundir el trabajo del Mecanismo.<\/p>\n<p>[\/vc_column_text][\/vc_tta_section][vc_tta_section title=&#8221;4.3. Profundizaci\u00f3n conocimiento sobre el fen\u00f3meno sobre drogas e impacto de las pol\u00edticas p\u00fablicas sobre drogas&#8221; tab_id=&#8221;1641284326824-e9a8d5bd-39cc&#8221;][vc_column_text css_animation=&#8221;none&#8221; el_class=&#8221;actividades&#8221;]<\/p>\n<h4 style=\"font-weight: 600; font-size: 12px; line-height: 18px; color: #c44800; padding-left: 40px;\">Actividades<\/h4>\n<p style=\"padding-left: 40px;\">4.3.1. Suministro y facilitaci\u00f3n del acceso permanente a los pa\u00edses miembros del Mecanismo de Coordinaci\u00f3n a informaci\u00f3n de calidad y actualizada.<\/p>\n<p style=\"padding-left: 40px;\">4.3.2 Intercambio de mejores pr\u00e1cticas, lecciones aprendidas y procesos innovadores a trav\u00e9s de:<\/p>\n<ul>\n<li style=\"list-style-type: none;\">\n<ul>\n<li class=\"elemento-lista\">Asistencia T\u00e9cnica para la identificaci\u00f3n, selecci\u00f3n y sistematizaci\u00f3n de buenas pr\u00e1cticas en el campo de la incorporaci\u00f3n de los ejes transversales en el \u00e1mbito de las drogas.<\/li>\n<li class=\"elemento-lista\">Organizaci\u00f3n de 2 &#8220;Ferias COPOLAD de conocimiento e innovaci\u00f3n en pol\u00edticas p\u00fablicas sobre drogas&#8221;.<\/li>\n<li class=\"elemento-lista\">Participaci\u00f3n de miembros del Mecanismo en la oferta de webinarios.<\/li>\n<\/ul>\n<\/li>\n<\/ul>\n<p style=\"padding-left: 40px;\">4.3.3. Mejora de la capacidad y el conocimiento de las personas integrantes del Mecanismo en relaci\u00f3n con los enfoques transversales: enfoque de derechos, enfoque de g\u00e9nero y medio ambiente.<\/p>\n<ul>\n<li style=\"list-style-type: none;\">\n<ul>\n<li class=\"elemento-lista\">Cursos y webinarios sobre pol\u00edticas de drogas bajo un enfoque de desarrollo sostenible y su coherencia con la Agenda 2030.<\/li>\n<li class=\"elemento-lista\">Difusi\u00f3n de informes elaborados en el marco de COPOLAD sobre g\u00e9nero y drogas y otros enfoques transversales.<\/li>\n<\/ul>\n<\/li>\n<\/ul>\n<p>[\/vc_column_text][\/vc_tta_section][vc_tta_section title=&#8221;4.4. Impulsar la capacidad de incidencia en el seno del Mecanismo de Coordinaci\u00f3n UE &#8211; CELAC para la mejora de las pol\u00edticas p\u00fablicas&#8221; tab_id=&#8221;1641284525888-7432c76e-15a4&#8243;][vc_column_text css_animation=&#8221;none&#8221; el_class=&#8221;actividades&#8221;]<\/p>\n<h4 style=\"font-weight: 600; font-size: 12px; line-height: 18px; color: #c44800; padding-left: 40px;\">Actividades<\/h4>\n<p style=\"padding-left: 40px;\">4.4.1. Elaboraci\u00f3n de informes que promuevan la coordinaci\u00f3n y el di\u00e1logo birregional en drogas en relaci\u00f3n con pol\u00edticas basadas en evidencias.<\/p>\n<p style=\"padding-left: 40px;\">4.4.2. Fortalecimiento del trabajo conjunto entre el personal experto en los pa\u00edses y las representaciones diplom\u00e1ticas en Bruselas.<\/p>\n<p style=\"padding-left: 40px;\">4.4.3. Seminarios\/encuentros virtuales con expertos\/as nacionales.<\/p>\n<p>[\/vc_column_text][\/vc_tta_section][\/vc_tta_accordion][\/vc_column][vc_column width=&#8221;1\/3&#8243; sticky_sidebar=&#8221;yes&#8221; set_as_sidebar=&#8221;yes&#8221;][vc_wp_custommenu nav_menu=&#8221;34&#8243; el_class=&#8221;tab-style&#8221;][\/vc_column][\/vc_row]<\/p>\n<\/section>","protected":false},"excerpt":{"rendered":"<p>[vc_row][vc_column][vc_empty_space height=&#8221;10px&#8221;][\/vc_column][\/vc_row][vc_row vc_row_background=&#8221;&#8221; el_class=&#8221;.jeg_sidebar_left&#8221;][vc_column width=&#8221;2\/3&#8243;][vc_custom_heading text=&#8221;Apoyo a la coordinaci\u00f3n y cooperaci\u00f3n birregional en materia de drogas&#8221; font_container=&#8221;tag:h1|font_size:48px|text_align:left|color:%23000000|line_height:72px&#8221; google_fonts=&#8221;font_family:Open%20Sans%3A300%2C300italic%2Cregular%2Citalic%2C600%2C600italic%2C700%2C700italic%2C800%2C800italic|font_style:700%20bold%20regular%3A700%3Anormal&#8221; css=&#8221;.vc_custom_1650268578070{margin-top: 0px !important;}&#8221;][vc_single_image image=&#8221;4050&#8243; img_size=&#8221;large&#8221;][vc_custom_heading text=&#8221;Mayores oportunidades de di\u00e1logo pol\u00edtico-t\u00e9cnico entre ambas regiones (UE-ALC), sobre la naturaleza de los problemas relacionados con las drogas y las mejores formas de afrontarlos&#8221; font_container=&#8221;tag:h2|font_size:20px|text_align:left|color:%2315110d|line_height:28px&#8221; google_fonts=&#8221;font_family:Open%20Sans%3A300%2C300italic%2Cregular%2Citalic%2C600%2C600italic%2C700%2C700italic%2C800%2C800italic|font_style:700%20bold%20regular%3A700%3Anormal&#8221;][vc_column_text]Dentro del compromiso birregional de cooperar [&hellip;]<\/p>\n","protected":false},"author":9,"featured_media":0,"parent":0,"menu_order":0,"comment_status":"closed","ping_status":"closed","template":"","meta":{"footnotes":""},"acf":[],"_links":{"self":[{"href":"https:\/\/copolad.fiiapp.quentalstaging.com\/es\/wp-json\/wp\/v2\/pages\/3367"}],"collection":[{"href":"https:\/\/copolad.fiiapp.quentalstaging.com\/es\/wp-json\/wp\/v2\/pages"}],"about":[{"href":"https:\/\/copolad.fiiapp.quentalstaging.com\/es\/wp-json\/wp\/v2\/types\/page"}],"author":[{"embeddable":true,"href":"https:\/\/copolad.fiiapp.quentalstaging.com\/es\/wp-json\/wp\/v2\/users\/9"}],"replies":[{"embeddable":true,"href":"https:\/\/copolad.fiiapp.quentalstaging.com\/es\/wp-json\/wp\/v2\/comments?post=3367"}],"version-history":[{"count":2,"href":"https:\/\/copolad.fiiapp.quentalstaging.com\/es\/wp-json\/wp\/v2\/pages\/3367\/revisions"}],"predecessor-version":[{"id":10050,"href":"https:\/\/copolad.fiiapp.quentalstaging.com\/es\/wp-json\/wp\/v2\/pages\/3367\/revisions\/10050"}],"wp:attachment":[{"href":"https:\/\/copolad.fiiapp.quentalstaging.com\/es\/wp-json\/wp\/v2\/media?parent=3367"}],"curies":[{"name":"wp","href":"https:\/\/api.w.org\/{rel}","templated":true}]}}