{"id":3405,"date":"2021-12-13T11:30:22","date_gmt":"2021-12-13T11:30:22","guid":{"rendered":"https:\/\/copolad.ole.agency\/?page_id=3405"},"modified":"2024-05-09T11:00:04","modified_gmt":"2024-05-09T09:00:04","slug":"innovacion-en-politicas-sobre-dogras","status":"publish","type":"page","link":"https:\/\/copolad.fiiapp.quentalstaging.com\/es\/innovacion-en-politicas-sobre-dogras\/","title":{"rendered":"Innovaci\u00f3n en pol\u00edticas sobre drogas"},"content":{"rendered":"<section class=\"wpb-content-wrapper\"><p>[vc_row vc_row_background=&#8221;&#8221; el_class=&#8221;.jeg_sidebar_left&#8221;][vc_column width=&#8221;2\/3&#8243;][vc_custom_heading text=&#8221;Innovaci\u00f3n en pol\u00edticas sobre drogas&#8221; font_container=&#8221;tag:h1|font_size:48px|text_align:left|color:%23000000|line_height:72px&#8221; google_fonts=&#8221;font_family:Open%20Sans%3A300%2C300italic%2Cregular%2Citalic%2C600%2C600italic%2C700%2C700italic%2C800%2C800italic|font_style:700%20bold%20regular%3A700%3Anormal&#8221; css=&#8221;.vc_custom_1646821378417{margin-top: 0px !important;}&#8221;][vc_single_image image=&#8221;7275&#8243; img_size=&#8221;large&#8221;][vc_column_text]Se necesita una <b>nueva mirada en la pol\u00edtica para integrar las drogas<\/b> en una perspectiva <b>m\u00e1s amplia, como parte de una estrategia multidimensional de desarrollo sostenible<\/b> para territorios o comunidades espec\u00edficas. Su enfoque y prioridades deben centrarse en los principales desaf\u00edos de desarrollo que tienen que promoverse con prioridad sobre los objetivos espec\u00edficos de la pol\u00edtica de drogas: <b>reducci\u00f3n de la pobreza, inclusi\u00f3n social, derechos humanos, gobernabilidad, salud p\u00fablica y seguridad ciudadana.<\/b><\/p>\n<p>La crisis del COVID-19 ha puesto de relieve, a\u00fan m\u00e1s, la desconexi\u00f3n entre la acci\u00f3n a nivel local y de \u00e1mbito global, apelando a la territorializaci\u00f3n (localizaci\u00f3n) del desarrollo, para buscar mejores conexiones entre las preocupaciones locales y las acciones regionales y globales. Adem\u00e1s, los decisores p\u00fablicos locales necesitan <b>innovar y experimentar<\/b> para que los sistemas de pol\u00edticas p\u00fablicas funcionen mejor para atender las aspiraciones y necesidades de su comunidad.<\/p>\n<p>La idea es estimular el pensamiento innovador para el desarrollo de soluciones multidimensionales\u00a0 al problema mundial de las drogas no como una realidad \u00fanica, <b>sino a los diferentes problemas interrelacionados que ocurren en diferentes contextos<\/b>. Para ello es necesario prestar atenci\u00f3n integral a los elementos sociales, econ\u00f3micos, de desarrollo, pol\u00edticos y culturales.[\/vc_column_text][vc_empty_space height=&#8221;30px&#8221;][vc_custom_heading text=&#8221;L\u00edneas de acci\u00f3n&#8221; font_container=&#8221;tag:h2|font_size:20px|text_align:left|color:%2315110d|line_height:28px&#8221; google_fonts=&#8221;font_family:Open%20Sans%3A300%2C300italic%2Cregular%2Citalic%2C600%2C600italic%2C700%2C700italic%2C800%2C800italic|font_style:700%20bold%20regular%3A700%3Anormal&#8221;][vc_tta_accordion color=&#8221;white&#8221; c_icon=&#8221;chevron&#8221; c_position=&#8221;right&#8221; active_section=&#8221;99&#8243; collapsible_all=&#8221;true&#8221; el_class=&#8221;acordeon&#8221;][vc_tta_section title=&#8221;5.4 Incorporaci\u00f3n de herramientas de innovaci\u00f3n para el dise\u00f1o de soluciones de pol\u00edtica p\u00fablica sobre drogas basadas en desarrollo sostenible&#8221; tab_id=&#8221;1640878045743-f2d16826-a579&#8243;][vc_column_text css_animation=&#8221;none&#8221; el_class=&#8221;actividades&#8221;]<\/p>\n<h4 style=\"font-weight: 600; font-size: 12px; line-height: 18px; color: #c44800; padding-left: 40px;\">Actividades<\/h4>\n<p style=\"padding-left: 40px;\">5.4.1. Elaboraci\u00f3n e implementaci\u00f3n de una Gu\u00eda sobre procesos y metodolog\u00edas de gesti\u00f3n de la innovaci\u00f3n para el dise\u00f1o, desarrollo, implementaci\u00f3n, monitoreo y evaluaci\u00f3n de intervenciones y de pol\u00edticas p\u00fablicas sobre drogas.<\/p>\n<p style=\"padding-left: 40px;\">5.4.2. Dise\u00f1o e impartici\u00f3n de un curso virtual de formaci\u00f3n sobre procesos y metodolog\u00edas de gesti\u00f3n de la innovaci\u00f3n para el dise\u00f1o, desarrollo, implementaci\u00f3n, monitoreo y evaluaci\u00f3n de intervenciones y de pol\u00edticas p\u00fablicas sobre drogas.<\/p>\n<p style=\"padding-left: 40px;\">5.4.3. Desarrollo de 2 seminarios\/taller presenciales para el dise\u00f1o y puesta en marcha de laboratorios de innovaci\u00f3n ciudadana en materia de pol\u00edticas p\u00fablicas sobre drogas bajo un enfoque de desarrollo sostenible.<\/p>\n<p style=\"padding-left: 40px;\">5.4.4. Desarrollo de 5 laboratorios de innovaci\u00f3n ciudadana en materia de pol\u00edticas p\u00fablicas sobre drogas bajo un enfoque de desarrollo sostenible.<\/p>\n<p style=\"padding-left: 40px;\">5.4.5. Apoyo de capital semilla a organizaciones de la sociedad civil y\/o entidades locales para el desarrollo de prototipos innovadores de pol\u00edtica p\u00fablica sobre drogas bajo un enfoque de desarrollo sostenible.<\/p>\n<p>[\/vc_column_text][\/vc_tta_section][\/vc_tta_accordion][\/vc_column][vc_column width=&#8221;1\/3&#8243; sticky_sidebar=&#8221;yes&#8221; set_as_sidebar=&#8221;yes&#8221;][vc_wp_custommenu nav_menu=&#8221;34&#8243; el_class=&#8221;tab-style&#8221;][\/vc_column][\/vc_row]<\/p>\n<\/section>","protected":false},"excerpt":{"rendered":"<p>[vc_row vc_row_background=&#8221;&#8221; el_class=&#8221;.jeg_sidebar_left&#8221;][vc_column width=&#8221;2\/3&#8243;][vc_custom_heading text=&#8221;Innovaci\u00f3n en pol\u00edticas sobre drogas&#8221; font_container=&#8221;tag:h1|font_size:48px|text_align:left|color:%23000000|line_height:72px&#8221; google_fonts=&#8221;font_family:Open%20Sans%3A300%2C300italic%2Cregular%2Citalic%2C600%2C600italic%2C700%2C700italic%2C800%2C800italic|font_style:700%20bold%20regular%3A700%3Anormal&#8221; css=&#8221;.vc_custom_1646821378417{margin-top: 0px !important;}&#8221;][vc_single_image image=&#8221;7275&#8243; img_size=&#8221;large&#8221;][vc_column_text]Se necesita una nueva mirada en la pol\u00edtica para integrar las drogas en una perspectiva m\u00e1s amplia, como parte de una estrategia multidimensional de desarrollo sostenible para territorios o comunidades espec\u00edficas. Su enfoque y prioridades deben centrarse en los principales [&hellip;]<\/p>\n","protected":false},"author":9,"featured_media":0,"parent":0,"menu_order":0,"comment_status":"closed","ping_status":"closed","template":"","meta":{"footnotes":""},"acf":[],"_links":{"self":[{"href":"https:\/\/copolad.fiiapp.quentalstaging.com\/es\/wp-json\/wp\/v2\/pages\/3405"}],"collection":[{"href":"https:\/\/copolad.fiiapp.quentalstaging.com\/es\/wp-json\/wp\/v2\/pages"}],"about":[{"href":"https:\/\/copolad.fiiapp.quentalstaging.com\/es\/wp-json\/wp\/v2\/types\/page"}],"author":[{"embeddable":true,"href":"https:\/\/copolad.fiiapp.quentalstaging.com\/es\/wp-json\/wp\/v2\/users\/9"}],"replies":[{"embeddable":true,"href":"https:\/\/copolad.fiiapp.quentalstaging.com\/es\/wp-json\/wp\/v2\/comments?post=3405"}],"version-history":[{"count":1,"href":"https:\/\/copolad.fiiapp.quentalstaging.com\/es\/wp-json\/wp\/v2\/pages\/3405\/revisions"}],"predecessor-version":[{"id":10594,"href":"https:\/\/copolad.fiiapp.quentalstaging.com\/es\/wp-json\/wp\/v2\/pages\/3405\/revisions\/10594"}],"wp:attachment":[{"href":"https:\/\/copolad.fiiapp.quentalstaging.com\/es\/wp-json\/wp\/v2\/media?parent=3405"}],"curies":[{"name":"wp","href":"https:\/\/api.w.org\/{rel}","templated":true}]}}