{"id":3497,"date":"2021-12-14T08:07:13","date_gmt":"2021-12-14T08:07:13","guid":{"rendered":"https:\/\/copolad.ole.agency\/?page_id=3497"},"modified":"2024-05-09T12:51:12","modified_gmt":"2024-05-09T10:51:12","slug":"biblioteca","status":"publish","type":"page","link":"https:\/\/copolad.fiiapp.quentalstaging.com\/es\/biblioteca\/","title":{"rendered":"Biblioteca"},"content":{"rendered":"<section class=\"wpb-content-wrapper\"><p>[vc_row full_height=&#8221;yes&#8221; columns_placement=&#8221;top&#8221; vc_row_background=&#8221;&#8221;][vc_column][vc_row_inner][vc_column_inner][vc_custom_heading text=&#8221;Biblioteca&#8221; font_container=&#8221;tag:h1|font_size:45px|text_align:left|color:%2315110d|line_height:72px&#8221; google_fonts=&#8221;font_family:Open%20Sans%3A300%2C300italic%2Cregular%2Citalic%2C600%2C600italic%2C700%2C700italic%2C800%2C800italic|font_style:700%20bold%20regular%3A700%3Anormal&#8221;]<div class=\"it-event-block it-event-library\"><div class=\"it-event-block-filter\"> \n                    <form id=\"it-event-block-filter-form\" action=\"https:\/\/copolad.fiiapp.quentalstaging.com\/es\/biblioteca\/\" method=\"GET\">\n                        <div class=\"it-field\">\n                            <label>A\u00f1o:<\/label>\n                            <select name=\"library_year\" ><option value=\"-1\"  >Todos los a\u00f1os<\/option><option value=\"2015\" >2015<\/option><option value=\"1016\" >1016<\/option><option value=\"2017\" >2017<\/option><option value=\"2018\" >2018<\/option><option value=\"2019\" >2019<\/option><option value=\"2020\" >2020<\/option><option value=\"2021\" >2021<\/option><option value=\"2022\" >2022<\/option><option value=\"2023\" >2023<\/option><option value=\"2024\" >2024<\/option><option value=\"2025\" >2025<\/option><\/select>\n                        <\/div> \n                        <div class=\"it-field\">\n                            <label>Category:<\/label>\n                            <select name=\"library_category\" id=\"category\"><option value=\"-1\"  >Todas las categor\u00edas<\/option><option value=\"115\" >Estudios<\/option><option value=\"114\" >Guias<\/option><option value=\"116\" >Infografias<\/option><option value=\"117\" >Informes institucionales<\/option><\/select>\n                        <\/div>\n                        <div class=\"it-field\">\n                            <label>Buscar:<\/label>\n                            <input type=\"text\" name=\"library_s\" value=\"\">\n                        <\/div>\n                        <div class=\"it-field it-input-button-container\">\n                            <input type=\"submit\" name=\"ubmit\" value=\"Buscar publicaciones\">\n                        <\/div>\n                    <\/form>\n                <\/div><div class=\"it-library-block-results\"><div class=\"it-event-library-item\">\n                                    <div class=\"it-event-library-item-data\"><div class=\"it-event-library-item-data-img\">\n                                                    <img decoding=\"async\" src=\"https:\/\/copolad.fiiapp.quentalstaging.com\/wp-content\/uploads\/2024\/07\/portada.jpg\" alt=\"portada\" \/>\n                                                <\/div><div class=\"it-event-library-item-data-metadata\"><div class=\"it-event-library-item-data-metadata-metadata\">\n                                                    <ul><li><strong>\u00c0rea tem\u00e1tica:<\/strong> Consumo problem\u00e1tico<\/li><li><strong>Tipo de documento:<\/strong> Gu\u00edas<\/li><li><strong>Pa\u00eds:<\/strong> Uruguay<\/li><li><strong>Autor\/a:<\/strong> <span class=\"it-event-library-item-content-author\"> Junta Nacional de Drogas y Programa COPOLAD III- Equipo de Redacci\u00f3n: Lic. RRLL Ver\u00f3nica Paciello, \u00c1rea Salud Integral \/ SND.  Lic. Diego Grau, \u00c1rea Salud Integral \/ SND.<\/span><\/ul>\n                                    <\/div><h2><a href=\"https:\/\/copolad.fiiapp.quentalstaging.com\/es\/10958\/\">Gu\u00eda de tratamiento: Abordaje del uso  problem\u00e1tico de drogas en privaci\u00f3n de libertad<\/a><\/h2><\/div><\/div>\n                                        <div class=\"it-event-library-item-content\"><div class=\"it-event-library-item-data-metadata-year\">\n                                                        <div class=\"it-event-library-item-data-metadata-year-icon\">\n                                                            <i class=\"fa fa-solid fa-calendar\"><\/i>2024\n                                                        <\/div>\n                                                    <\/div><div class=\"it-event-library-item-content-readmore\"><a href=\"https:\/\/copolad.fiiapp.quentalstaging.com\/es\/10958\/\">Leer m\u00e1s<\/a><\/div ><\/div>\n                                    <\/div><div class=\"it-event-library-item\">\n                                    <div class=\"it-event-library-item-data\"><div class=\"it-event-library-item-data-img\">\n                                                    <img decoding=\"async\" src=\"https:\/\/copolad.fiiapp.quentalstaging.com\/wp-content\/uploads\/2024\/06\/poradaen.jpg\" alt=\"portada\" \/>\n                                                <\/div><div class=\"it-event-library-item-data-metadata\"><div class=\"it-event-library-item-data-metadata-metadata\">\n                                                    <ul><li><strong>\u00c0rea tem\u00e1tica:<\/strong> Reducci\u00f3n del mercado ilegal de drogas<\/li><li><strong>Tipo de documento:<\/strong> Gu\u00edas<\/li><li><strong>Autor\/a:<\/strong> <span class=\"it-event-library-item-content-author\">Deborah Alimi, Lisbeth Gasca (Daleth Research)<\/span><\/ul>\n                                    <\/div><h2><a href=\"https:\/\/copolad.fiiapp.quentalstaging.com\/es\/guia-de-enfoques-innovadores-de-desarrollo-alternativo-en-america-latina-y-el-caribe\/\">Estudio sobre enfoques innovadores del desarrollo alternativo en Am\u00e9rica Latina y el Caribe<\/a><\/h2><\/div><\/div>\n                                        <div class=\"it-event-library-item-content\"><div class=\"it-event-library-item-data-metadata-year\">\n                                                        <div class=\"it-event-library-item-data-metadata-year-icon\">\n                                                            <i class=\"fa fa-solid fa-calendar\"><\/i>2024\n                                                        <\/div>\n                                                    <\/div><div class=\"it-event-library-item-content-readmore\"><a href=\"https:\/\/copolad.fiiapp.quentalstaging.com\/es\/guia-de-enfoques-innovadores-de-desarrollo-alternativo-en-america-latina-y-el-caribe\/\">Leer m\u00e1s<\/a><\/div ><\/div>\n                                    <\/div><div class=\"it-event-library-item\">\n                                    <div class=\"it-event-library-item-data\"><div class=\"it-event-library-item-data-img\">\n                                                    <img decoding=\"async\" src=\"https:\/\/copolad.fiiapp.quentalstaging.com\/wp-content\/uploads\/2024\/06\/fentaniloguia.jpg\" alt=\"portada\" \/>\n                                                <\/div><div class=\"it-event-library-item-data-metadata\"><div class=\"it-event-library-item-data-metadata-metadata\">\n                                                    <ul><li><strong>\u00c0rea tem\u00e1tica:<\/strong> Consumo problem\u00e1tico<\/li><li><strong>Tipo de documento:<\/strong> Gu\u00edas<\/li><li><strong>Pa\u00eds:<\/strong> M\u00e9xico<\/li><li><strong>Autor\/a:<\/strong> <span class=\"it-event-library-item-content-author\"> Dalel P\u00e9rez, Zara Snapp y Julia Anguiano Rosas. Instituto RIA A.C. Consultoras de COPOLAD. Investigaci\u00f3n y redacci\u00f3n: Zara Snapp, Dalel P\u00e9rez y Julia Anguiano. Instituto RIA A.C. C<\/span><\/ul>\n                                    <\/div><h2><a href=\"https:\/\/copolad.fiiapp.quentalstaging.com\/es\/guia-para-el-abordaje-de-consumos-de-metanfetamina-y-fentanilo-en-mexico\/\">Gu\u00eda para el abordaje de consumos de metanfetamina y fentanilo en M\u00e9xico<\/a><\/h2><\/div><\/div>\n                                        <div class=\"it-event-library-item-content\"><div class=\"it-event-library-item-data-metadata-year\">\n                                                        <div class=\"it-event-library-item-data-metadata-year-icon\">\n                                                            <i class=\"fa fa-solid fa-calendar\"><\/i>2024\n                                                        <\/div>\n                                                    <\/div><div class=\"it-event-library-item-content-readmore\"><a href=\"https:\/\/copolad.fiiapp.quentalstaging.com\/es\/guia-para-el-abordaje-de-consumos-de-metanfetamina-y-fentanilo-en-mexico\/\">Leer m\u00e1s<\/a><\/div ><\/div>\n                                    <\/div><div class=\"it-event-library-item\">\n                                    <div class=\"it-event-library-item-data\"><div class=\"it-event-library-item-data-img\">\n                                                    <img decoding=\"async\" src=\"https:\/\/copolad.fiiapp.quentalstaging.com\/wp-content\/uploads\/2024\/06\/lgtbiq.jpg\" alt=\"cartel lgtbiq+\" \/>\n                                                <\/div><div class=\"it-event-library-item-data-metadata\"><div class=\"it-event-library-item-data-metadata-metadata\">\n                                                    <ul><li><strong>\u00c0rea tem\u00e1tica:<\/strong> Consumo problem\u00e1tico<\/li><li><strong>Tipo de documento:<\/strong> Estudios<\/li><li><strong>Pa\u00eds:<\/strong> Mexico<\/li><li><strong>Autor\/a:<\/strong> <span class=\"it-event-library-item-content-author\">Emma G. Rodr\u00edguez Romero y Jorge Antonio Arag\u00f3n <\/span><\/ul>\n                                    <\/div><h2><a href=\"https:\/\/copolad.fiiapp.quentalstaging.com\/es\/guia-de-atencion-sustancias-psicoactivas-en-poblacion-de-diversidad-sexual\/\">Guia de atenci\u00f3n sustancias psicoactivas en poblaci\u00f3n de la diversidad sexual<\/a><\/h2><\/div><\/div>\n                                        <div class=\"it-event-library-item-content\"><div class=\"it-event-library-item-data-metadata-year\">\n                                                        <div class=\"it-event-library-item-data-metadata-year-icon\">\n                                                            <i class=\"fa fa-solid fa-calendar\"><\/i>2024\n                                                        <\/div>\n                                                    <\/div><div class=\"it-event-library-item-content-readmore\"><a href=\"https:\/\/copolad.fiiapp.quentalstaging.com\/es\/guia-de-atencion-sustancias-psicoactivas-en-poblacion-de-diversidad-sexual\/\">Leer m\u00e1s<\/a><\/div ><\/div>\n                                    <\/div><div class=\"it-event-library-item\">\n                                    <div class=\"it-event-library-item-data\"><div class=\"it-event-library-item-data-img\">\n                                                    <img decoding=\"async\" src=\"https:\/\/copolad.fiiapp.quentalstaging.com\/wp-content\/uploads\/2024\/06\/Bien-Restituido.jpg\" alt=\"activo del narcotr\u00e1fico recuperado\" \/>\n                                                <\/div><div class=\"it-event-library-item-data-metadata\"><div class=\"it-event-library-item-data-metadata-metadata\">\n                                                    <ul><li><strong>\u00c0rea tem\u00e1tica:<\/strong> Reducci\u00f3n del mercado ilegal de drogas<\/li><li><strong>Tipo de documento:<\/strong> Gu\u00edas<\/li><li><strong>Pa\u00eds:<\/strong> Am\u00e9rica Latina <\/li><li><strong>Autor\/a:<\/strong> <span class=\"it-event-library-item-content-author\">Copolad Y GAFILAT <\/span><\/ul>\n                                    <\/div><h2><a href=\"https:\/\/copolad.fiiapp.quentalstaging.com\/es\/guia-de-buenas-practicas-sobre-extincion-de-dominio-y-decomiso-no-basado-en-condena\/\">Gu\u00eda de buenas pr\u00e1cticas sobre extinci\u00f3n de dominio y decomiso no basado en condena<\/a><\/h2><\/div><\/div>\n                                        <div class=\"it-event-library-item-content\"><div class=\"it-event-library-item-data-metadata-year\">\n                                                        <div class=\"it-event-library-item-data-metadata-year-icon\">\n                                                            <i class=\"fa fa-solid fa-calendar\"><\/i>2024\n                                                        <\/div>\n                                                    <\/div><div class=\"it-event-library-item-content-readmore\"><a href=\"https:\/\/copolad.fiiapp.quentalstaging.com\/es\/guia-de-buenas-practicas-sobre-extincion-de-dominio-y-decomiso-no-basado-en-condena\/\">Leer m\u00e1s<\/a><\/div ><\/div>\n                                    <\/div><div class=\"it-event-library-item\">\n                                    <div class=\"it-event-library-item-data\"><div class=\"it-event-library-item-data-img\">\n                                                    <img decoding=\"async\" src=\"https:\/\/copolad.fiiapp.quentalstaging.com\/wp-content\/uploads\/2024\/04\/guia1.jpg\" alt=\"\" \/>\n                                                <\/div><div class=\"it-event-library-item-data-metadata\"><div class=\"it-event-library-item-data-metadata-metadata\">\n                                                    <ul><li><strong>\u00c0rea tem\u00e1tica:<\/strong> Consumo problem\u00e1tico<\/li><li><strong>Tipo de documento:<\/strong> Gu\u00edas<\/li><li><strong>Autor\/a:<\/strong> <span class=\"it-event-library-item-content-author\">RIOD<\/span><\/ul>\n                                    <\/div><h2><a href=\"https:\/\/copolad.fiiapp.quentalstaging.com\/es\/guia-de-abordaje-de-las-vulnerabilidades-sociales-ligadas-a-las-drogas\/\">Gu\u00eda de abordaje de las vulnerabilidades sociales ligadas a las drogas<\/a><\/h2><\/div><\/div>\n                                        <div class=\"it-event-library-item-content\"><div class=\"it-event-library-item-data-metadata-year\">\n                                                        <div class=\"it-event-library-item-data-metadata-year-icon\">\n                                                            <i class=\"fa fa-solid fa-calendar\"><\/i>2024\n                                                        <\/div>\n                                                    <\/div><div class=\"it-event-library-item-content-readmore\"><a href=\"https:\/\/copolad.fiiapp.quentalstaging.com\/es\/guia-de-abordaje-de-las-vulnerabilidades-sociales-ligadas-a-las-drogas\/\">Leer m\u00e1s<\/a><\/div ><\/div>\n                                    <\/div><\/div><div class=\"it-event-block-pagination it-pagination\"><span aria-current=\"page\" class=\"page-numbers current\">1<\/span>\n<a class=\"page-numbers\" href=\"https:\/\/copolad.fiiapp.quentalstaging.com\/es\/wp-json\/wp\/v2\/pages\/3497\/page\/2\/\">2<\/a>\n<span class=\"page-numbers dots\">&hellip;<\/span>\n<a class=\"page-numbers\" href=\"https:\/\/copolad.fiiapp.quentalstaging.com\/es\/wp-json\/wp\/v2\/pages\/3497\/page\/5\/\">5<\/a>\n<a class=\"page-numbers\" href=\"https:\/\/copolad.fiiapp.quentalstaging.com\/es\/wp-json\/wp\/v2\/pages\/3497\/page\/6\/\">6<\/a>\n<a class=\"next page-numbers\" href=\"https:\/\/copolad.fiiapp.quentalstaging.com\/es\/wp-json\/wp\/v2\/pages\/3497\/page\/2\/\">><\/a><\/div><\/div>[\/vc_column_inner][\/vc_row_inner][\/vc_column][\/vc_row]<\/p>\n<\/section>","protected":false},"excerpt":{"rendered":"<p>[vc_row full_height=&#8221;yes&#8221; columns_placement=&#8221;top&#8221; vc_row_background=&#8221;&#8221;][vc_column][vc_row_inner][vc_column_inner][vc_custom_heading text=&#8221;Biblioteca&#8221; font_container=&#8221;tag:h1|font_size:45px|text_align:left|color:%2315110d|line_height:72px&#8221; google_fonts=&#8221;font_family:Open%20Sans%3A300%2C300italic%2Cregular%2Citalic%2C600%2C600italic%2C700%2C700italic%2C800%2C800italic|font_style:700%20bold%20regular%3A700%3Anormal&#8221;][\/vc_column_inner][\/vc_row_inner][\/vc_column][\/vc_row]<\/p>\n","protected":false},"author":9,"featured_media":0,"parent":0,"menu_order":0,"comment_status":"closed","ping_status":"closed","template":"","meta":{"footnotes":""},"acf":[],"_links":{"self":[{"href":"https:\/\/copolad.fiiapp.quentalstaging.com\/es\/wp-json\/wp\/v2\/pages\/3497"}],"collection":[{"href":"https:\/\/copolad.fiiapp.quentalstaging.com\/es\/wp-json\/wp\/v2\/pages"}],"about":[{"href":"https:\/\/copolad.fiiapp.quentalstaging.com\/es\/wp-json\/wp\/v2\/types\/page"}],"author":[{"embeddable":true,"href":"https:\/\/copolad.fiiapp.quentalstaging.com\/es\/wp-json\/wp\/v2\/users\/9"}],"replies":[{"embeddable":true,"href":"https:\/\/copolad.fiiapp.quentalstaging.com\/es\/wp-json\/wp\/v2\/comments?post=3497"}],"version-history":[{"count":1,"href":"https:\/\/copolad.fiiapp.quentalstaging.com\/es\/wp-json\/wp\/v2\/pages\/3497\/revisions"}],"predecessor-version":[{"id":9701,"href":"https:\/\/copolad.fiiapp.quentalstaging.com\/es\/wp-json\/wp\/v2\/pages\/3497\/revisions\/9701"}],"wp:attachment":[{"href":"https:\/\/copolad.fiiapp.quentalstaging.com\/es\/wp-json\/wp\/v2\/media?parent=3497"}],"curies":[{"name":"wp","href":"https:\/\/api.w.org\/{rel}","templated":true}]}}