{"id":3892,"date":"2021-12-29T14:09:28","date_gmt":"2021-12-29T13:09:28","guid":{"rendered":"https:\/\/copolad.ole.agency\/?page_id=3892"},"modified":"2024-05-09T12:28:08","modified_gmt":"2024-05-09T10:28:08","slug":"como-trabajamos","status":"publish","type":"page","link":"https:\/\/copolad.fiiapp.quentalstaging.com\/es\/como-trabajamos\/","title":{"rendered":"C\u00f3mo trabajamos"},"content":{"rendered":"<section class=\"wpb-content-wrapper\"><p>[vc_row][vc_column][vc_empty_space height=&#8221;10px&#8221;][\/vc_column][\/vc_row][vc_row vc_row_background=&#8221;&#8221; el_class=&#8221;.jeg_sidebar_left&#8221;][vc_column width=&#8221;2\/3&#8243;][vc_custom_heading text=&#8221;C\u00f3mo trabajamos&#8221; font_container=&#8221;tag:h1|font_size:48px|text_align:left|color:%23000000|line_height:72px&#8221; google_fonts=&#8221;font_family:Open%20Sans%3A300%2C300italic%2Cregular%2Citalic%2C600%2C600italic%2C700%2C700italic%2C800%2C800italic|font_style:700%20bold%20regular%3A700%3Anormal&#8221; css=&#8221;.vc_custom_1649149200977{margin-top: 0px !important;}&#8221;][vc_single_image image=&#8221;3965&#8243; img_size=&#8221;large&#8221;][vc_column_text]En \u00a0l\u00ednea con la \u00a0Estrategia de drogas de la UE 2021-2025, la tercera fase de COPOLAD apuesta por el fortalecimiento de las pol\u00edticas de drogas en coherencia con la Agenda 2030, as\u00ed como un enfoque integral que tenga en cuenta la coherencia de pol\u00edticas.<\/p>\n<p>COPOLAD cuenta con m\u00e1s de 500 actividades que buscar\u00e1n la mejora de las pol\u00edticas p\u00fablicas en los seis ejes del programa, tanto en lo que se refiere al apoyo a los Observatorios de Drogas, la oferta, demanda y di\u00e1logo UE-CELAC sobre drogas, as\u00ed como las l\u00edneas transversales de g\u00e9nero, derechos humanos, desarrollo e innovaci\u00f3n. Muchas de las actividades se desarrollar\u00e1n de forma online, para optimizar costes y reducir la huella de carbono del programa.<\/p>\n<ul>\n<li>Cursos de formaci\u00f3n<\/li>\n<li>Congresos y seminarios<\/li>\n<li>Comunidades de pr\u00e1ctica<\/li>\n<li>Movilizaci\u00f3n de la expertise europea<\/li>\n<li>Asistencia t\u00e9cnica<\/li>\n<li>Estudios e investigaciones<\/li>\n<li>Campa\u00f1as p\u00fablicas<\/li>\n<li>Apoyo a pilotos de innovaci\u00f3n en pol\u00edticas p\u00fablicas<\/li>\n<\/ul>\n<p>[\/vc_column_text][\/vc_column][vc_column width=&#8221;1\/3&#8243; sticky_sidebar=&#8221;yes&#8221; set_as_sidebar=&#8221;yes&#8221;][vc_wp_custommenu nav_menu=&#8221;32&#8243; el_class=&#8221;tab-style&#8221;][\/vc_column][\/vc_row]<\/p>\n<\/section>","protected":false},"excerpt":{"rendered":"<p>[vc_row][vc_column][vc_empty_space height=&#8221;10px&#8221;][\/vc_column][\/vc_row][vc_row vc_row_background=&#8221;&#8221; el_class=&#8221;.jeg_sidebar_left&#8221;][vc_column width=&#8221;2\/3&#8243;][vc_custom_heading text=&#8221;C\u00f3mo trabajamos&#8221; font_container=&#8221;tag:h1|font_size:48px|text_align:left|color:%23000000|line_height:72px&#8221; google_fonts=&#8221;font_family:Open%20Sans%3A300%2C300italic%2Cregular%2Citalic%2C600%2C600italic%2C700%2C700italic%2C800%2C800italic|font_style:700%20bold%20regular%3A700%3Anormal&#8221; css=&#8221;.vc_custom_1649149200977{margin-top: 0px !important;}&#8221;][vc_single_image image=&#8221;3965&#8243; img_size=&#8221;large&#8221;][vc_column_text]En \u00a0l\u00ednea con la \u00a0Estrategia de drogas de la UE 2021-2025, la tercera fase de COPOLAD apuesta por el fortalecimiento de las pol\u00edticas de drogas en coherencia con la Agenda 2030, as\u00ed como un enfoque integral que tenga en cuenta la coherencia [&hellip;]<\/p>\n","protected":false},"author":9,"featured_media":0,"parent":0,"menu_order":0,"comment_status":"closed","ping_status":"closed","template":"","meta":{"footnotes":""},"acf":[],"_links":{"self":[{"href":"https:\/\/copolad.fiiapp.quentalstaging.com\/es\/wp-json\/wp\/v2\/pages\/3892"}],"collection":[{"href":"https:\/\/copolad.fiiapp.quentalstaging.com\/es\/wp-json\/wp\/v2\/pages"}],"about":[{"href":"https:\/\/copolad.fiiapp.quentalstaging.com\/es\/wp-json\/wp\/v2\/types\/page"}],"author":[{"embeddable":true,"href":"https:\/\/copolad.fiiapp.quentalstaging.com\/es\/wp-json\/wp\/v2\/users\/9"}],"replies":[{"embeddable":true,"href":"https:\/\/copolad.fiiapp.quentalstaging.com\/es\/wp-json\/wp\/v2\/comments?post=3892"}],"version-history":[{"count":1,"href":"https:\/\/copolad.fiiapp.quentalstaging.com\/es\/wp-json\/wp\/v2\/pages\/3892\/revisions"}],"predecessor-version":[{"id":10607,"href":"https:\/\/copolad.fiiapp.quentalstaging.com\/es\/wp-json\/wp\/v2\/pages\/3892\/revisions\/10607"}],"wp:attachment":[{"href":"https:\/\/copolad.fiiapp.quentalstaging.com\/es\/wp-json\/wp\/v2\/media?parent=3892"}],"curies":[{"name":"wp","href":"https:\/\/api.w.org\/{rel}","templated":true}]}}