{"id":4007,"date":"2022-01-05T13:26:46","date_gmt":"2022-01-05T12:26:46","guid":{"rendered":"https:\/\/copolad.ole.agency\/?page_id=4007"},"modified":"2024-05-09T10:59:37","modified_gmt":"2024-05-09T08:59:37","slug":"resultados-del-programa","status":"publish","type":"page","link":"https:\/\/copolad.fiiapp.quentalstaging.com\/es\/resultados-del-programa\/","title":{"rendered":"Resultados del programa"},"content":{"rendered":"<section class=\"wpb-content-wrapper\"><p>[vc_row][vc_column][vc_custom_heading text=&#8221;Resultados del programa&#8221; font_container=&#8221;tag:h1|font_size:48px|text_align:left|color:%2315110d|line_height:72px&#8221; google_fonts=&#8221;font_family:Open%20Sans%3A300%2C300italic%2Cregular%2Citalic%2C600%2C600italic%2C700%2C700italic%2C800%2C800italic|font_style:700%20bold%20regular%3A700%3Anormal&#8221;][vc_column_text]El objetivo de COPOLAD III es mejorar el dise\u00f1o y la aplicaci\u00f3n de las pol\u00edticas relativas a la reducci\u00f3n de la demanda y la oferta de drogas en los pa\u00edses de Am\u00e9rica Latina y el Caribe, garantizando que se basen en<b> la evidencia, la salud p\u00fablica, el g\u00e9nero y los derechos humanos<\/b>. En esta ocasi\u00f3n, COPOLAD incorpora dos aspectos novedosos en su trabajo de cooperaci\u00f3n: por un lado, se abordar\u00e1n necesidades de \u00e1mbito nacional, m\u00e1s all\u00e1 de din\u00e1micas a nivel regional o multipais; por el otro, se van a desplegar procesos innovadores de dise\u00f1o y desarrollo de soluciones de pol\u00edtica p\u00fablica como parte de las herramientas estrat\u00e9gicas del programa.<\/p>\n<p>En esta tercera fase, COPOLAD trabajar\u00e1 en los siguientes \u00e1mbitos y l\u00edneas de acci\u00f3n:[\/vc_column_text][vc_tta_accordion color=&#8221;orange&#8221; c_icon=&#8221;chevron&#8221; c_position=&#8221;right&#8221; active_section=&#8221;99&#8243; collapsible_all=&#8221;true&#8221; el_class=&#8221;acordeon-resultados&#8221;][vc_tta_section i_icon_fontawesome=&#8221;fas fa-search&#8221; add_icon=&#8221;true&#8221; title=&#8221;1. Fortalecida la capacidad t\u00e9cnica y el rol institucional de los Observatorios Nacionales sobre Drogas&#8221; tab_id=&#8221;1641385529407-1fe61831-4203&#8243; el_class=&#8221;orange-item&#8221;][vc_row_inner css=&#8221;.vc_custom_1643626111786{margin-top: 50px !important;}&#8221;][vc_column_inner width=&#8221;1\/3&#8243;][vc_column_text el_id=&#8221;font-sub-resultados&#8221; el_class=&#8221;font-sub-resultados&#8221;]<\/p>\n<p style=\"padding-left: 40px;\">1.1 Apoyo estrat\u00e9gico al fortalecimiento de los sistemas nacionales y redes regionales de investigaci\u00f3n cient\u00edfica sobre drogas.<\/p>\n<p>[\/vc_column_text][\/vc_column_inner][vc_column_inner width=&#8221;1\/3&#8243;][vc_column_text el_id=&#8221;font-sub-resultados&#8221;]<\/p>\n<p style=\"padding-left: 40px;\">1.2 Mejora de la capacidad de an\u00e1lisis y de incidencia de los ONDs.<\/p>\n<p>[\/vc_column_text][\/vc_column_inner][vc_column_inner width=&#8221;1\/3&#8243;][vc_column_text el_id=&#8221;font-sub-resultados&#8221;]<\/p>\n<p style=\"padding-left: 40px;\">1.3 Incorporaci\u00f3n del enfoque diferencial y de derechos en los sistemas de informaci\u00f3n y de investigaci\u00f3n de los ONDs.<\/p>\n<p>[\/vc_column_text][\/vc_column_inner][\/vc_row_inner][vc_row_inner][vc_column_inner width=&#8221;1\/3&#8243;][vc_column_text el_id=&#8221;font-sub-resultados&#8221;]<\/p>\n<p style=\"padding-left: 40px;\">1.4 Desarrollo y fortalecimiento de sistemas de seguimiento y evaluaci\u00f3n de las pol\u00edticas sobre drogas.<\/p>\n<p>[\/vc_column_text][\/vc_column_inner][vc_column_inner width=&#8221;1\/3&#8243;][vc_column_text el_id=&#8221;font-sub-resultados&#8221;]<\/p>\n<p style=\"padding-left: 40px;\">1.5 Desarrollo y fortalecimiento de los Sistemas nacionales de Alerta Temprana SATs.<\/p>\n<p>[\/vc_column_text][\/vc_column_inner][vc_column_inner width=&#8221;1\/3&#8243;][vc_column_text el_id=&#8221;font-sub-resultados&#8221;]<\/p>\n<p style=\"padding-left: 40px;\">1.6 Apoyo t\u00e9cnico al desarrollo de aspectos fundamntales de los ONDs y reuniones ONDs<\/p>\n<p>[\/vc_column_text][\/vc_column_inner][\/vc_row_inner][\/vc_tta_section][vc_tta_section i_icon_fontawesome=&#8221;fas fa-users&#8221; add_icon=&#8221;true&#8221; title=&#8221;2. Mejorada la coherencia, el equilibrio y calidad de las pol\u00edticas relacionadas con el consumo de drogas&#8221; tab_id=&#8221;1641386428462-4304320e-08d1&#8243; el_class=&#8221;orange-item&#8221;][vc_row_inner css=&#8221;.vc_custom_1643626151543{margin-top: 50px !important;}&#8221;][vc_column_inner width=&#8221;1\/2&#8243;][vc_column_text el_id=&#8221;font-sub-resultados&#8221;]<\/p>\n<p style=\"padding-left: 40px;\">2.1 Mejora del conocimiento sobre respuestas preventivas, sanitarias y sociales efectivas para abordar problemas de consumo de drogas.<\/p>\n<p>[\/vc_column_text][\/vc_column_inner][vc_column_inner width=&#8221;1\/2&#8243;][vc_column_text el_id=&#8221;font-sub-resultados&#8221;]<\/p>\n<p style=\"padding-left: 40px;\">2.2 Apoyo a la adaptaci\u00f3n\/genreaci\u00f3n de progrmas y servicios de atenci\u00f3n de adicciones para atender las necesidades de las mujeres y poblaciones vulnerables y medidas para facilitar su acceso y la reducci\u00f3n del da\u00f1o.<\/p>\n<p>[\/vc_column_text][\/vc_column_inner][\/vc_row_inner][vc_row_inner][vc_column_inner width=&#8221;1\/2&#8243;][vc_column_text el_id=&#8221;font-sub-resultados&#8221;]<\/p>\n<p style=\"padding-left: 40px;\">2.3 Apoyo al desarrollo de los sistemas nacionales de reinsercci\u00f3n socio-laboral de personas con problemas de consumo, con enfoque diferencial y de g\u00e9nero.<\/p>\n<p>[\/vc_column_text][\/vc_column_inner][vc_column_inner width=&#8221;1\/2&#8243;][vc_column_text el_id=&#8221;font-sub-resultados&#8221;]<\/p>\n<p style=\"padding-left: 40px;\">2.4 Abordaje de las vunerabilidades para el desarrollo ligadas a las drogas en territorio.<\/p>\n<p>[\/vc_column_text][\/vc_column_inner][\/vc_row_inner][\/vc_tta_section][vc_tta_section i_icon_fontawesome=&#8221;fas fa-globe&#8221; add_icon=&#8221;true&#8221; title=&#8221;3. Aumentando el n\u00famero de pa\u00edses de ALC que han dise\u00f1ado y aplicado pol\u00edticas de reducci\u00f3n de la oferta de drogas basadas en los derechos humanos, el enfoque de g\u00e9nero, la inclusi\u00f3n social, el desarrollo sostenible y seguridad social&#8221; tab_id=&#8221;1641388614620-c3c72735-63d8&#8243; el_class=&#8221;orange-item&#8221;][vc_row_inner css=&#8221;.vc_custom_1643626166379{margin-top: 50px !important;}&#8221;][vc_column_inner width=&#8221;1\/2&#8243;][vc_column_text el_id=&#8221;font-sub-resultados&#8221;]<\/p>\n<p style=\"padding-left: 40px;\">3.1 Desarrollo Alternativo Integral y Sostenible (DAIS)<\/p>\n<p>[\/vc_column_text][\/vc_column_inner][vc_column_inner width=&#8221;1\/2&#8243;][vc_column_text el_id=&#8221;font-sub-resultados&#8221;]<\/p>\n<p style=\"padding-left: 40px;\">3.2 Refuerzo efectivo de la cooperaci\u00f3n en las actividades de investigaci\u00f3n del tr\u00e1fico de drogas<\/p>\n<p>[\/vc_column_text][\/vc_column_inner][\/vc_row_inner][vc_row_inner][vc_column_inner width=&#8221;1\/2&#8243;][vc_column_text el_id=&#8221;font-sub-resultados&#8221;]<\/p>\n<p style=\"padding-left: 40px;\">3.3 Armonizaci\u00f3n de leyes y estrategias comunes de lucha contra los capitales il\u00edcitos y el blanqueo de capitales, mediante la confiscaci\u00f3n de activos y la gesti\u00f3n de los activos decomisados<\/p>\n<p>[\/vc_column_text][\/vc_column_inner][vc_column_inner width=&#8221;1\/2&#8243;][vc_column_text el_id=&#8221;font-sub-resultados&#8221;]<\/p>\n<p style=\"padding-left: 40px;\">3.4 Control de precursores qu\u00edmicos para la fabricaci\u00f3n de drogas ilegales<\/p>\n<p>[\/vc_column_text][\/vc_column_inner][\/vc_row_inner][vc_row_inner][vc_column_inner width=&#8221;1\/2&#8243;][vc_column_text el_id=&#8221;font-sub-resultados&#8221;]<\/p>\n<p style=\"padding-left: 40px;\">3.5.Mejorar los resultados para el desarrollo sostenible de las pol\u00edticas de reducci\u00f3n de la oferta<\/p>\n<p>[\/vc_column_text][\/vc_column_inner][vc_column_inner width=&#8221;1\/2&#8243;][\/vc_column_inner][\/vc_row_inner][\/vc_tta_section][vc_tta_section i_icon_fontawesome=&#8221;fas fa-comments&#8221; add_icon=&#8221;true&#8221; title=&#8221;4. Mayores oportunidades de di\u00e1logo pol\u00edtico-t\u00e9cnico entre ambas regiones (UE-ALC), sobre la naturaleza de los problemas relacionados con las drogas y las mejores formas de afrontarlos&#8221; tab_id=&#8221;1641543466423-7726a108-6e01&#8243; el_class=&#8221;orange-item&#8221;][vc_row_inner css=&#8221;.vc_custom_1643626181487{margin-top: 50px !important;}&#8221;][vc_column_inner width=&#8221;1\/2&#8243;][vc_column_text el_id=&#8221;font-sub-resultados&#8221;]<\/p>\n<p style=\"padding-left: 40px;\">4.1 Espacios de coordinaci\u00f3n COPOLAD.<\/p>\n<p>[\/vc_column_text][\/vc_column_inner][vc_column_inner width=&#8221;1\/2&#8243;][vc_column_text el_id=&#8221;font-sub-resultados&#8221;]<\/p>\n<p style=\"padding-left: 40px;\">4.2 Mejorar la coordinaci\u00f3n birregional LAC &#8211; UE en la lucha contra las drogas.<\/p>\n<p>[\/vc_column_text][\/vc_column_inner][\/vc_row_inner][vc_row_inner][vc_column_inner width=&#8221;1\/2&#8243;][vc_column_text el_id=&#8221;font-sub-resultados&#8221;]<\/p>\n<p style=\"padding-left: 40px;\">4.3 Profundizaci\u00f3n conocimiento sobre el fen\u00f3meno sobre las drogas e impacto de las pol\u00edticas p\u00fablicas sobre drogas.<\/p>\n<p>[\/vc_column_text][\/vc_column_inner][vc_column_inner width=&#8221;1\/2&#8243;][vc_column_text el_id=&#8221;font-sub-resultados&#8221;]<\/p>\n<p style=\"padding-left: 40px;\">4.4 Impulsar la capacidad de incidencia en el seno del Mecanismo de Coordinaci\u00f3n UE &#8211; CELAC para la mejora de las pol\u00edticas p\u00fablicas.<\/p>\n<p>[\/vc_column_text][\/vc_column_inner][\/vc_row_inner][\/vc_tta_section][vc_tta_section i_icon_fontawesome=&#8221;fas fa-random&#8221; add_icon=&#8221;true&#8221; title=&#8221;5. Enfoques transversales&#8221; tab_id=&#8221;1641543832623-8d455f7d-1842&#8243; el_class=&#8221;orange-item&#8221;][vc_row_inner css=&#8221;.vc_custom_1643626194553{margin-top: 50px !important;}&#8221;][vc_column_inner width=&#8221;1\/2&#8243;][vc_column_text el_id=&#8221;font-sub-resultados&#8221;]<\/p>\n<p class=\"elemento2-lista\" style=\"padding-left: 40px;\">A. Desarrollo sostenible, derechos humanos y g\u00e9nero<\/p>\n<p style=\"padding-left: 40px;\">5.1 Conceptualizaci\u00f3n y consolidaci\u00f3n del enfoque de desarrollo sostenible, derechos humanos y equidad de g\u00e9nero en el marco de las pol\u00edticas p\u00fablicas sobre drogas.<\/p>\n<p>[\/vc_column_text][\/vc_column_inner][vc_column_inner width=&#8221;1\/2&#8243;][vc_column_text el_id=&#8221;font-sub-resultados&#8221;]<\/p>\n<p class=\"elemento2-lista\" style=\"padding-left: 40px;\">A. Desarrollo sostenible, derechos humanos y g\u00e9nero<\/p>\n<p style=\"padding-left: 40px;\">5.2 Mejora de los resultados para los derechos humanos de las pol\u00edticas de control de la oferta de drogas.<\/p>\n<p>[\/vc_column_text][\/vc_column_inner][\/vc_row_inner][vc_row_inner][vc_column_inner width=&#8221;1\/2&#8243;][vc_column_text el_id=&#8221;font-sub-resultados&#8221;]<\/p>\n<p class=\"elemento2-lista\" style=\"padding-left: 40px;\">A. Desarrollo sostenible, derechos humanos y g\u00e9nero<\/p>\n<p style=\"padding-left: 40px;\">5.3 Estudio del impacto negativo sobre el medio ambiente vinculado a la producci\u00f3n y tr\u00e1fico de drogas il\u00edcitas y a las intervenciones de reducci\u00f3n de la oferta<\/p>\n<p>[\/vc_column_text][\/vc_column_inner][vc_column_inner width=&#8221;1\/2&#8243;][vc_column_text el_id=&#8221;font-sub-resultados&#8221;]<\/p>\n<p class=\"elemento2-lista\" style=\"padding-left: 40px;\">B. Innovaci\u00f3n en pol\u00edticas de drogas<\/p>\n<p style=\"padding-left: 40px;\">5.4 Incorporaci\u00f3n de herramientas de innovaci\u00f3n para el dise\u00f1o de soluciones de pol\u00edtica p\u00fablica sobre drogas basadas en desarrollo sostenible.<\/p>\n<p>[\/vc_column_text][\/vc_column_inner][\/vc_row_inner][\/vc_tta_section][\/vc_tta_accordion][\/vc_column][\/vc_row]<\/p>\n<\/section>","protected":false},"excerpt":{"rendered":"<p>[vc_row][vc_column][vc_custom_heading text=&#8221;Resultados del programa&#8221; font_container=&#8221;tag:h1|font_size:48px|text_align:left|color:%2315110d|line_height:72px&#8221; google_fonts=&#8221;font_family:Open%20Sans%3A300%2C300italic%2Cregular%2Citalic%2C600%2C600italic%2C700%2C700italic%2C800%2C800italic|font_style:700%20bold%20regular%3A700%3Anormal&#8221;][vc_column_text]El objetivo de COPOLAD III es mejorar el dise\u00f1o y la aplicaci\u00f3n de las pol\u00edticas relativas a la reducci\u00f3n de la demanda y la oferta de drogas en los pa\u00edses de Am\u00e9rica Latina y el Caribe, garantizando que se basen en la evidencia, la salud p\u00fablica, el g\u00e9nero y los [&hellip;]<\/p>\n","protected":false},"author":9,"featured_media":0,"parent":0,"menu_order":0,"comment_status":"closed","ping_status":"closed","template":"","meta":{"footnotes":""},"acf":[],"_links":{"self":[{"href":"https:\/\/copolad.fiiapp.quentalstaging.com\/es\/wp-json\/wp\/v2\/pages\/4007"}],"collection":[{"href":"https:\/\/copolad.fiiapp.quentalstaging.com\/es\/wp-json\/wp\/v2\/pages"}],"about":[{"href":"https:\/\/copolad.fiiapp.quentalstaging.com\/es\/wp-json\/wp\/v2\/types\/page"}],"author":[{"embeddable":true,"href":"https:\/\/copolad.fiiapp.quentalstaging.com\/es\/wp-json\/wp\/v2\/users\/9"}],"replies":[{"embeddable":true,"href":"https:\/\/copolad.fiiapp.quentalstaging.com\/es\/wp-json\/wp\/v2\/comments?post=4007"}],"version-history":[{"count":1,"href":"https:\/\/copolad.fiiapp.quentalstaging.com\/es\/wp-json\/wp\/v2\/pages\/4007\/revisions"}],"predecessor-version":[{"id":10590,"href":"https:\/\/copolad.fiiapp.quentalstaging.com\/es\/wp-json\/wp\/v2\/pages\/4007\/revisions\/10590"}],"wp:attachment":[{"href":"https:\/\/copolad.fiiapp.quentalstaging.com\/es\/wp-json\/wp\/v2\/media?parent=4007"}],"curies":[{"name":"wp","href":"https:\/\/api.w.org\/{rel}","templated":true}]}}