{"id":4750,"date":"2022-02-02T14:48:16","date_gmt":"2022-02-02T13:48:16","guid":{"rendered":"https:\/\/copolad.ole.agency\/?page_id=4750"},"modified":"2024-05-09T12:35:17","modified_gmt":"2024-05-09T10:35:17","slug":"politica-de-privacidad","status":"publish","type":"page","link":"https:\/\/copolad.fiiapp.quentalstaging.com\/es\/politica-de-privacidad\/","title":{"rendered":"Pol\u00edtica de privacidad"},"content":{"rendered":"<section class=\"wpb-content-wrapper\"><p>[vc_row full_width=&#8221;stretch_row&#8221; vc_row_background=&#8221;&#8221; css=&#8221;.vc_custom_1643809506755{background-image: url(https:\/\/copolad.eu\/wp-content\/uploads\/2022\/02\/background_que_es_copolad.jpg?id=4751) !important;}&#8221;][vc_column][vc_custom_heading text=&#8221;POL\u00cdTICA DE PRIVACIDAD&#8221; font_container=&#8221;tag:h1|font_size:40px|text_align:center|color:rgba(255%2C255%2C255%2C0.29)&#8221; use_theme_fonts=&#8221;yes&#8221; css=&#8221;.vc_custom_1643810649882{margin-top: 50px !important;margin-bottom: 35px !important;}&#8221;][vc_custom_heading text=&#8221;POL\u00cdTICA DE PRIVACIDAD&#8221; font_container=&#8221;tag:h1|font_size:55px|text_align:center|color:%23ffffff&#8221; use_theme_fonts=&#8221;yes&#8221; css=&#8221;.vc_custom_1643810660377{margin-bottom: 50px !important;}&#8221; el_id=&#8221;my-sub-politica&#8221;][\/vc_column][\/vc_row][vc_row vc_row_background=&#8221;&#8221; css=&#8221;.vc_custom_1643810945983{margin-top: 70px !important;}&#8221;][vc_column][vc_column_text]<\/p>\n<p style=\"text-align: justify;\">Algunos de los ficheros de datos solicitados en los servicios de esta Web contienen datos personales. De acuerdo con La Ley Org\u00e1nica 3\/2018, de 5 de diciembre, de Protecci\u00f3n de Datos Personales y garant\u00eda de los derechos digitales, COPOLAD se compromete al cumplimiento de su obligaci\u00f3n de secreto con respecto a estos datos y al deber de tratarlos con confidencialidad. A estos efectos, adoptar\u00e1 las medidas necesarias para evitar su alteraci\u00f3n, p\u00e9rdida, tratamiento o acceso no autorizado.<\/p>\n<p style=\"text-align: justify;\">La recogida y tratamiento automatizado de los datos personales tiene como finalidad la gesti\u00f3n, prestaci\u00f3n, ampliaci\u00f3n y mejora de los servicios de usuario y obtener datos estad\u00edsticos de los mismos.<\/p>\n<p style=\"text-align: justify;\">El usuario podr\u00e1 ejercitar en todo momento los derechos de acceso, rectificaci\u00f3n, cancelaci\u00f3n u oposici\u00f3n remitiendo un correo electr\u00f3nico a\u00a0<span class=\"of-mailto\">ue.dalopoc@ofni<\/span><\/p>\n<p>[\/vc_column_text][\/vc_column][\/vc_row]<\/p>\n<\/section>","protected":false},"excerpt":{"rendered":"<p>[vc_row full_width=&#8221;stretch_row&#8221; vc_row_background=&#8221;&#8221; css=&#8221;.vc_custom_1643809506755{background-image: url(https:\/\/copolad.eu\/wp-content\/uploads\/2022\/02\/background_que_es_copolad.jpg?id=4751) !important;}&#8221;][vc_column][vc_custom_heading text=&#8221;POL\u00cdTICA DE PRIVACIDAD&#8221; font_container=&#8221;tag:h1|font_size:40px|text_align:center|color:rgba(255%2C255%2C255%2C0.29)&#8221; use_theme_fonts=&#8221;yes&#8221; css=&#8221;.vc_custom_1643810649882{margin-top: 50px !important;margin-bottom: 35px !important;}&#8221;][vc_custom_heading text=&#8221;POL\u00cdTICA DE PRIVACIDAD&#8221; font_container=&#8221;tag:h1|font_size:55px|text_align:center|color:%23ffffff&#8221; use_theme_fonts=&#8221;yes&#8221; css=&#8221;.vc_custom_1643810660377{margin-bottom: 50px !important;}&#8221; el_id=&#8221;my-sub-politica&#8221;][\/vc_column][\/vc_row][vc_row vc_row_background=&#8221;&#8221; css=&#8221;.vc_custom_1643810945983{margin-top: 70px !important;}&#8221;][vc_column][vc_column_text] Algunos de los ficheros de datos solicitados en los servicios de esta Web contienen datos personales. De acuerdo con La Ley Org\u00e1nica 3\/2018, de 5 de [&hellip;]<\/p>\n","protected":false},"author":4,"featured_media":0,"parent":0,"menu_order":0,"comment_status":"closed","ping_status":"closed","template":"","meta":{"footnotes":""},"acf":[],"_links":{"self":[{"href":"https:\/\/copolad.fiiapp.quentalstaging.com\/es\/wp-json\/wp\/v2\/pages\/4750"}],"collection":[{"href":"https:\/\/copolad.fiiapp.quentalstaging.com\/es\/wp-json\/wp\/v2\/pages"}],"about":[{"href":"https:\/\/copolad.fiiapp.quentalstaging.com\/es\/wp-json\/wp\/v2\/types\/page"}],"author":[{"embeddable":true,"href":"https:\/\/copolad.fiiapp.quentalstaging.com\/es\/wp-json\/wp\/v2\/users\/4"}],"replies":[{"embeddable":true,"href":"https:\/\/copolad.fiiapp.quentalstaging.com\/es\/wp-json\/wp\/v2\/comments?post=4750"}],"version-history":[{"count":2,"href":"https:\/\/copolad.fiiapp.quentalstaging.com\/es\/wp-json\/wp\/v2\/pages\/4750\/revisions"}],"predecessor-version":[{"id":8005,"href":"https:\/\/copolad.fiiapp.quentalstaging.com\/es\/wp-json\/wp\/v2\/pages\/4750\/revisions\/8005"}],"wp:attachment":[{"href":"https:\/\/copolad.fiiapp.quentalstaging.com\/es\/wp-json\/wp\/v2\/media?parent=4750"}],"curies":[{"name":"wp","href":"https:\/\/api.w.org\/{rel}","templated":true}]}}