{"id":4779,"date":"2022-02-02T17:48:03","date_gmt":"2022-02-02T16:48:03","guid":{"rendered":"https:\/\/copolad.ole.agency\/?page_id=4779"},"modified":"2024-05-09T12:32:21","modified_gmt":"2024-05-09T10:32:21","slug":"aviso-legal","status":"publish","type":"page","link":"https:\/\/copolad.fiiapp.quentalstaging.com\/es\/aviso-legal\/","title":{"rendered":"Aviso Legal"},"content":{"rendered":"<section class=\"wpb-content-wrapper\"><p>[vc_row full_width=&#8221;stretch_row&#8221; vc_row_background=&#8221;&#8221; css=&#8221;.vc_custom_1643809506755{background-image: url(https:\/\/copolad.eu\/wp-content\/uploads\/2022\/02\/background_que_es_copolad.jpg?id=4751) !important;}&#8221;][vc_column][vc_custom_heading text=&#8221;AVISO LEGAL&#8221; font_container=&#8221;tag:h1|font_size:40px|text_align:center|color:rgba(255%2C255%2C255%2C0.29)&#8221; use_theme_fonts=&#8221;yes&#8221; css=&#8221;.vc_custom_1643812170634{margin-top: 50px !important;margin-bottom: 35px !important;}&#8221;][vc_custom_heading text=&#8221;AVISO LEGAL&#8221; font_container=&#8221;tag:h1|font_size:55px|text_align:center|color:%23ffffff&#8221; use_theme_fonts=&#8221;yes&#8221; css=&#8221;.vc_custom_1643812177196{margin-bottom: 50px !important;}&#8221; el_id=&#8221;my-sub-politica&#8221;][\/vc_column][\/vc_row][vc_row vc_row_background=&#8221;&#8221; css=&#8221;.vc_custom_1643810945983{margin-top: 70px !important;}&#8221;][vc_column][vc_column_text]<\/p>\n<p style=\"text-align: justify;\">El dominio <a id=\"a-politica\" style=\"color: #222222; text-decoration: underline;\" href=\"http:\/\/www.copolad.eu\">www.copolad.eu<\/a> es una herramienta de visibilidad y comunicaci\u00f3n del Programa de Cooperaci\u00f3n entre Am\u00e9rica Latina, el Caribe y la Uni\u00f3n Europea en Pol\u00edticas sobre Drogas (en adelante denominado como COPOLAD), con sede en la Calle Beatriz de Bobadilla 18, planta 3, 28040, Madrid. Titular: Fundaci\u00f3n Internacional y para Iberoam\u00e9rica de Administraci\u00f3n y Pol\u00edticas P\u00fablicas Domicilio social : C\/ Beatriz de Bobadilla, 18 &#8211; 28040 Madrid (Espa\u00f1a). Tfno .: +34 91 591 46 00 Fax : +34 91 534 23 14 Datos registrales : Inscrita en el Registro de Fundaciones N\u00ba MAD-398 C.I.F .: G 82053851 E-mail para el Programa COPOLAD: <span class=\"of-mailto\">ue.dalopoc@ofni<\/span><\/p>\n<p style=\"text-align: justify;\">El portal web <a id=\"a-politica\" style=\"color: #222222; text-decoration: underline;\" href=\"http:\/\/www.copolad.eu\">www.copolad.eu<\/a> y todos los subdominios y directorios incluidos bajo el mismo (en adelante conjuntamente denominados como el Portal) cumplen la funci\u00f3n de informaci\u00f3n general y atenci\u00f3n al ciudadano en los t\u00e9rminos del Real Decreto 208\/1996, de 9 de febrero, por el que se regulan los servicios de informaci\u00f3n administrativa y atenci\u00f3n al ciudadano, y est\u00e1n sujetos a los t\u00e9rminos que se detallan en este Aviso Legal, sin perjuicio de que el acceso a alguno de dichos servicios o contenidos pudieran precisar de la aceptaci\u00f3n de unas Condiciones Generales adicionales.<\/p>\n<p style=\"text-align: justify;\">COPOLAD\/FIIAPP no se hace responsable de los da\u00f1os y perjuicios que pudiera ocasionar la utilizaci\u00f3n de las herramientas e informaciones contenidas en su Web en relaci\u00f3n con la adopci\u00f3n de decisiones sobre el inicio, desarrollo o resultado de procedimientos administrativos. Tales decisiones deben ser contrastadas en los centros, organismos o dependencias competentes.<\/p>\n<p style=\"text-align: justify;\">En cualquier caso, la informaci\u00f3n y contenidos de esta web no podr\u00e1 ser alegada en procesos contradictorios con la Administraci\u00f3n P\u00fablica, no asumiendo responsabilidad alguna por las discrepancias que pudiesen existir entre los documentos impresos de la Administraci\u00f3n competente y la publicaci\u00f3n electr\u00f3nica en estas p\u00e1ginas.<\/p>\n<p style=\"text-align: justify;\">En este sentido, no se garantiza que un documento normativo disponible en l\u00ednea reproduzca exactamente un texto adoptado oficialmente, por lo que \u00fanicamente se consideran aut\u00e9nticos los textos legales publicados en las ediciones impresas del Bolet\u00edn Oficial del Estado (BOE), del Diario Oficial de la Uni\u00f3n Europea o cualquiera otro Bolet\u00edn o Diario de car\u00e1cter oficial.<\/p>\n<p style=\"text-align: justify;\">COPOLAD\/FIIAPP no se responsabiliza de las contestaciones que se realicen a trav\u00e9s de las distintas direcciones de correo electr\u00f3nico que aparecen en estas p\u00e1ginas, salvo la del propio departamento. La informaci\u00f3n obtenida a trav\u00e9s de los buzones contenidos en estas p\u00e1ginas tiene car\u00e1cter orientativo y de informaci\u00f3n general, sin que en ning\u00fan caso pueda derivarse de ella efecto jur\u00eddico vinculante alguno en los t\u00e9rminos previstos en el art\u00edculo 4 del Real Decreto 208\/1996, de 9 de febrero.<\/p>\n<p style=\"text-align: justify;\">COPOLAD\/FIIAPP no garantiza la inexistencia de interrupciones o errores en el acceso a su Web ni en sus diferentes contenidos. Tampoco garantiza que \u00e9ste se encuentre siempre y en todos los casos actualizado, aunque har\u00e1 todo lo posible para subsanar los errores t\u00e9cnicos y velar\u00e1 por la actualidad y exactitud de sus contenidos. En todo caso, COPOLAD se reserva el derecho a realizar cambios en el Portal sin previo aviso, con el objeto de actualizar, corregir, modificar, a\u00f1adir o eliminar los contenidos del Portal o de su dise\u00f1o. Asimismo, tampoco se responsabiliza de los contenidos que terceras partes hayan incluido en los hiperv\u00ednculos a los que se hace referencia en esta p\u00e1gina.<\/p>\n<p style=\"text-align: justify;\">Tanto el dise\u00f1o del Portal y sus c\u00f3digos fuente, como los logos, marcas, y dem\u00e1s signos distintivos que aparecen en el mismo, pertenecen a COPOLAD y est\u00e1n protegidos por los correspondientes derechos de propiedad intelectual e industrial. Se autoriza la reproducci\u00f3n total o parcial de los contenidos del Portal, siempre que se cite expresamente su origen.<\/p>\n<p>Esta web ha sido creada con el apoyo financiero de la UE. Su contenido es responsabilidad de COPOLAD y no refleja, necesariamente, la visi\u00f3n de la UE<\/p>\n<p>&#8230;&#8230;&#8230;&#8230;&#8230;&#8230;&#8230;&#8230;&#8230;&#8230;&#8230;&#8230;.<\/p>\n<p>The domain www.copolad.eu is a visibility and communication tool of the Programme for Cooperation between Latin America, the Caribbean and the European Union on Drug Policies (hereinafter referred to as COPOLAD), with headquarters at Calle Beatriz de Bobadilla 18, 3rd floor, 28040, Madrid. Owner: Fundaci\u00f3n Internacional y para Iberoam\u00e9rica de Administraci\u00f3n y Pol\u00edticas P\u00fablicas Address: C\/ Beatriz de Bobadilla, 18 &#8211; 28040 Madrid (Spain). Tel: +34 91 591 46 00 Fax: +34 91 534 23 14 Registration data: Registered in the Registry of Foundations N\u00ba MAD-398 C.I.F.: G 82053851 E-mail for the COPOLAD Programme: <span class=\"of-mail\">ue.dalopoc@ofni<\/span><\/p>\n<p>The web portal www.copolad.eu and all subdomains and directories included under it (hereinafter jointly referred to as the Portal) fulfil the function of general information and citizen services under the terms of Royal Decree 208\/1996, of 9 February, which regulates administrative information services and citizen services, and are subject to the terms detailed in this Legal Notice, notwithstanding that access to any of these services or contents may require the acceptance of additional General Conditions.<\/p>\n<p>COPOLAD\/FIIAPP shall not be liable for any damages that may be caused by the use of the tools and information contained on its website in relation to the adoption of decisions on the initiation, development or outcome of administrative procedures. Such decisions must be checked with the competent centres, bodies or agencies.<\/p>\n<p>In any case, the information and contents of this website may not be used in contradictory processes with the Public Administration, and no responsibility is assumed for any discrepancies that may exist between the printed documents of the competent Administration and the electronic publication on these pages.<\/p>\n<p>In this sense, there is no guarantee that a regulatory document available online exactly reproduces an officially adopted text, and therefore only legal texts published in the printed editions of the Official State Gazette (BOE), the Official Journal of the European Union or any other official Gazette or Journal are considered authentic.<\/p>\n<p>COPOLAD\/FIIAPP is not responsible for the replies made through the different e-mail addresses that appear on these pages, except for that of the department itself. The information obtained through the mailboxes contained in these pages is for guidance and general information purposes only, and under no circumstances may any binding legal effect be derived from it under the terms set out in article 4 of Royal Decree 208\/1996, of 9 February.<\/p>\n<p>COPOLAD\/FIIAPP does not guarantee the non-existence of interruptions or errors in access to its website or its different contents. Neither does it guarantee that it is always and in all cases updated, although it will make every effort to correct technical errors and will ensure that its contents are up to date and accurate. In any case, COPOLAD reserves the right to make changes to the Portal without prior notice, in order to update, correct, modify, add or delete the contents of the Portal or its design. Likewise, it is not responsible for the contents that third parties have included in the hyperlinks referred to on this page.<\/p>\n<p>Both the design of the Portal and its source codes, logos, trademarks, and other distinctive signs that appear on it, belong to COPOLAD and are protected by the corresponding intellectual and industrial property rights. The total or partial reproduction of the contents of the Portal is authorised, provided that its origin is expressly cited.<\/p>\n<p>This web was created and maintained with the financial support of the European Union. Its contents are the sole responsibility of and do not necessarily reflect the views of the European Union'[\/vc_column_text][\/vc_column][\/vc_row]<\/p>\n<\/section>","protected":false},"excerpt":{"rendered":"<p>[vc_row full_width=&#8221;stretch_row&#8221; vc_row_background=&#8221;&#8221; css=&#8221;.vc_custom_1643809506755{background-image: url(https:\/\/copolad.eu\/wp-content\/uploads\/2022\/02\/background_que_es_copolad.jpg?id=4751) !important;}&#8221;][vc_column][vc_custom_heading text=&#8221;AVISO LEGAL&#8221; font_container=&#8221;tag:h1|font_size:40px|text_align:center|color:rgba(255%2C255%2C255%2C0.29)&#8221; use_theme_fonts=&#8221;yes&#8221; css=&#8221;.vc_custom_1643812170634{margin-top: 50px !important;margin-bottom: 35px !important;}&#8221;][vc_custom_heading text=&#8221;AVISO LEGAL&#8221; font_container=&#8221;tag:h1|font_size:55px|text_align:center|color:%23ffffff&#8221; use_theme_fonts=&#8221;yes&#8221; css=&#8221;.vc_custom_1643812177196{margin-bottom: 50px !important;}&#8221; el_id=&#8221;my-sub-politica&#8221;][\/vc_column][\/vc_row][vc_row vc_row_background=&#8221;&#8221; css=&#8221;.vc_custom_1643810945983{margin-top: 70px !important;}&#8221;][vc_column][vc_column_text] El dominio www.copolad.eu es una herramienta de visibilidad y comunicaci\u00f3n del Programa de Cooperaci\u00f3n entre Am\u00e9rica Latina, el Caribe y la Uni\u00f3n Europea en Pol\u00edticas sobre Drogas (en [&hellip;]<\/p>\n","protected":false},"author":4,"featured_media":0,"parent":0,"menu_order":0,"comment_status":"closed","ping_status":"closed","template":"","meta":{"footnotes":""},"acf":[],"_links":{"self":[{"href":"https:\/\/copolad.fiiapp.quentalstaging.com\/es\/wp-json\/wp\/v2\/pages\/4779"}],"collection":[{"href":"https:\/\/copolad.fiiapp.quentalstaging.com\/es\/wp-json\/wp\/v2\/pages"}],"about":[{"href":"https:\/\/copolad.fiiapp.quentalstaging.com\/es\/wp-json\/wp\/v2\/types\/page"}],"author":[{"embeddable":true,"href":"https:\/\/copolad.fiiapp.quentalstaging.com\/es\/wp-json\/wp\/v2\/users\/4"}],"replies":[{"embeddable":true,"href":"https:\/\/copolad.fiiapp.quentalstaging.com\/es\/wp-json\/wp\/v2\/comments?post=4779"}],"version-history":[{"count":1,"href":"https:\/\/copolad.fiiapp.quentalstaging.com\/es\/wp-json\/wp\/v2\/pages\/4779\/revisions"}],"predecessor-version":[{"id":8006,"href":"https:\/\/copolad.fiiapp.quentalstaging.com\/es\/wp-json\/wp\/v2\/pages\/4779\/revisions\/8006"}],"wp:attachment":[{"href":"https:\/\/copolad.fiiapp.quentalstaging.com\/es\/wp-json\/wp\/v2\/media?parent=4779"}],"curies":[{"name":"wp","href":"https:\/\/api.w.org\/{rel}","templated":true}]}}