{"id":5158,"date":"2022-02-14T09:33:14","date_gmt":"2022-02-14T08:33:14","guid":{"rendered":"https:\/\/copolad.ole.agency\/?page_id=5158"},"modified":"2022-02-17T11:41:40","modified_gmt":"2022-02-17T10:41:40","slug":"herramientas-bida","status":"publish","type":"page","link":"https:\/\/copolad.fiiapp.quentalstaging.com\/es\/herramientas-bida\/","title":{"rendered":"Biblioteca virtual BIDA"},"content":{"rendered":"<section class=\"wpb-content-wrapper\"><p>[vc_row][vc_column][vc_custom_heading text=&#8221;BIBLIOTECA IBEROAMERICANA SOBRE DROGAS Y ADICCIONES (BIDA)&#8221; font_container=&#8221;tag:h1|text_align:left|color:%23000000&#8243; google_fonts=&#8221;font_family:Open%20Sans%3A300%2C300italic%2Cregular%2Citalic%2C600%2C600italic%2C700%2C700italic%2C800%2C800italic|font_style:700%20bold%20regular%3A700%3Anormal&#8221;][vc_empty_space][vc_row_inner equal_height=&#8221;yes&#8221; content_placement=&#8221;top&#8221;][vc_column_inner width=&#8221;5\/12&#8243;][vc_single_image image=&#8221;187&#8243; img_size=&#8221;large&#8221; el_class=&#8221;img-bida&#8221;][\/vc_column_inner][vc_column_inner width=&#8221;7\/12&#8243;][vc_column_text]Si usted es profesional, cient\u00edfico, o una persona que simplemente busca informaci\u00f3n sobre drogas y adicciones, esperamos que aqu\u00ed encuentre la informaci\u00f3n que necesita.<\/p>\n<p>Nuestros servicios responden a demandas que van desde aspectos muy especializados en materia de drogas y adicciones, hasta necesidades b\u00e1sicas de informaci\u00f3n o divulgaci\u00f3n.<\/p>\n<p>BIDA cuenta con amplias colecciones que abarcan tanto las primeras publicaciones modernas en este campo, como las revistas electr\u00f3nicas de hoy.[\/vc_column_text][\/vc_column_inner][\/vc_row_inner][vc_empty_space][vc_row_inner content_placement=&#8221;middle&#8221;][vc_column_inner width=&#8221;7\/12&#8243; offset=&#8221;vc_col-xs-12&#8243;][vc_custom_heading text=&#8221;\u00bfQu\u00e9 es BIDA?&#8221; font_container=&#8221;tag:h2|text_align:left|color:%23000000&#8243; google_fonts=&#8221;font_family:Open%20Sans%3A300%2C300italic%2Cregular%2Citalic%2C600%2C600italic%2C700%2C700italic%2C800%2C800italic|font_style:600%20bold%20regular%3A600%3Anormal&#8221;][vc_column_text]La Biblioteca Iberoamericana sobre Drogas y Adicciones (BIDA) es una plataforma virtual de gesti\u00f3n descentralizada del conocimiento especializado en el \u00e1mbito de las drogas y las adicciones.<\/p>\n<p>Constituida en al a\u00f1o 2014 en el marco del Programa de Cooperaci\u00f3n entre Am\u00e9rica Latina y la Uni\u00f3n Europea en Pol\u00edticas sobre Drogas (COPOLAD), BIDA cuenta con la financiaci\u00f3n de la Uni\u00f3n Europea a trav\u00e9s de la Direcci\u00f3n General de Desarrollo y Cooperaci\u00f3n \u2013 EuropeAid para su desarrollo y mantenimiento.<\/p>\n<p>Actualmente, BIDA est\u00e1 integrada por una Red de 10 Centros de Documentaci\u00f3n pertenecientes a las Agencias Nacionales de Drogas de Argentina, Chile, Colombia, Costa Rica, Ecuador, Espa\u00f1a, M\u00e9xico, Per\u00fa, Portugal y Uruguay.[\/vc_column_text][\/vc_column_inner][vc_column_inner width=&#8221;5\/12&#8243; offset=&#8221;vc_col-xs-12&#8243;][vc_single_image image=&#8221;5573&#8243; img_size=&#8221;large&#8221;][\/vc_column_inner][\/vc_row_inner][\/vc_column][\/vc_row][vc_row][vc_column][vc_empty_space][vc_btn title=&#8221;Acceder a BIDA&#8221; color=&#8221;orange&#8221; align=&#8221;center&#8221; i_icon_fontawesome=&#8221;fas fa-arrow-right&#8221; add_icon=&#8221;true&#8221; link=&#8221;url:http%3A%2F%2Fbida.copolad.eu%2F&#8221; el_class=&#8221;boton-bida&#8221;][\/vc_column][\/vc_row]<\/p>\n<\/section>","protected":false},"excerpt":{"rendered":"<p>[vc_row][vc_column][vc_custom_heading text=&#8221;BIBLIOTECA IBEROAMERICANA SOBRE DROGAS Y ADICCIONES (BIDA)&#8221; font_container=&#8221;tag:h1|text_align:left|color:%23000000&#8243; google_fonts=&#8221;font_family:Open%20Sans%3A300%2C300italic%2Cregular%2Citalic%2C600%2C600italic%2C700%2C700italic%2C800%2C800italic|font_style:700%20bold%20regular%3A700%3Anormal&#8221;][vc_empty_space][vc_row_inner equal_height=&#8221;yes&#8221; content_placement=&#8221;top&#8221;][vc_column_inner width=&#8221;5\/12&#8243;][vc_single_image image=&#8221;187&#8243; img_size=&#8221;large&#8221; el_class=&#8221;img-bida&#8221;][\/vc_column_inner][vc_column_inner width=&#8221;7\/12&#8243;][vc_column_text]Si usted es profesional, cient\u00edfico, o una persona que simplemente busca informaci\u00f3n sobre drogas y adicciones, esperamos que aqu\u00ed encuentre la informaci\u00f3n que necesita. Nuestros servicios responden a demandas que van desde aspectos muy especializados en materia de drogas [&hellip;]<\/p>\n","protected":false},"author":9,"featured_media":0,"parent":0,"menu_order":0,"comment_status":"closed","ping_status":"closed","template":"","meta":{"footnotes":""},"acf":[],"_links":{"self":[{"href":"https:\/\/copolad.fiiapp.quentalstaging.com\/es\/wp-json\/wp\/v2\/pages\/5158"}],"collection":[{"href":"https:\/\/copolad.fiiapp.quentalstaging.com\/es\/wp-json\/wp\/v2\/pages"}],"about":[{"href":"https:\/\/copolad.fiiapp.quentalstaging.com\/es\/wp-json\/wp\/v2\/types\/page"}],"author":[{"embeddable":true,"href":"https:\/\/copolad.fiiapp.quentalstaging.com\/es\/wp-json\/wp\/v2\/users\/9"}],"replies":[{"embeddable":true,"href":"https:\/\/copolad.fiiapp.quentalstaging.com\/es\/wp-json\/wp\/v2\/comments?post=5158"}],"version-history":[{"count":0,"href":"https:\/\/copolad.fiiapp.quentalstaging.com\/es\/wp-json\/wp\/v2\/pages\/5158\/revisions"}],"wp:attachment":[{"href":"https:\/\/copolad.fiiapp.quentalstaging.com\/es\/wp-json\/wp\/v2\/media?parent=5158"}],"curies":[{"name":"wp","href":"https:\/\/api.w.org\/{rel}","templated":true}]}}