{"id":5609,"date":"2022-02-17T13:09:59","date_gmt":"2022-02-17T12:09:59","guid":{"rendered":"https:\/\/copolad.ole.agency\/?page_id=5609"},"modified":"2024-05-09T10:37:05","modified_gmt":"2024-05-09T08:37:05","slug":"notas-de-prensa","status":"publish","type":"page","link":"https:\/\/copolad.fiiapp.quentalstaging.com\/es\/notas-de-prensa\/","title":{"rendered":"Notas de prensa"},"content":{"rendered":"<section class=\"wpb-content-wrapper\"><p>[vc_row][vc_column][vc_custom_heading text=&#8221;Notas de prensa&#8221; font_container=&#8221;tag:h1|font_size:48px|text_align:left|color:%2315110d|line_height:72px&#8221; google_fonts=&#8221;font_family:Open%20Sans%3A300%2C300italic%2Cregular%2Citalic%2C600%2C600italic%2C700%2C700italic%2C800%2C800italic|font_style:700%20bold%20regular%3A700%3Anormal&#8221;]<div  class=\"jeg_postblock_3 jeg_postblock jeg_module_hook jeg_pagination_loadmore jeg_col_2o3 jnews_module__0_69e4bbe507b8e   \" data-unique=\"jnews_module__0_69e4bbe507b8e\">\n\t\t\t\t\t\n\t\t\t\t\t<div class=\"jeg_posts jeg_block_container\">\n                \n                <div class=\"jeg_posts jeg_load_more_flag\">\n                <article class=\"jeg_post jeg_pl_md_2 format-standard\">\n                <div class=\"jeg_thumb\">\n                    \n                    <a href=\"https:\/\/copolad.fiiapp.quentalstaging.com\/es\/foro-intraregional-sobre-desarrollo-alternativo-en-brasil-focalizado-en-innovacion\/\"><div class=\"thumbnail-container animate-lazy  size-715 \"><img decoding=\"async\" width=\"350\" height=\"250\" src=\"https:\/\/copolad.fiiapp.quentalstaging.com\/wp-content\/themes\/jnews\/assets\/img\/jeg-empty.png\" class=\"attachment-jnews-350x250 size-jnews-350x250 lazyload wp-post-image\" alt=\"inauguracion\" sizes=\"(max-width: 350px) 100vw, 350px\" data-src=\"https:\/\/copolad.fiiapp.quentalstaging.com\/wp-content\/uploads\/2024\/06\/WhatsApp-Image-2024-06-26-at-23.22.13-350x250.jpeg\" data-srcset=\"https:\/\/copolad.fiiapp.quentalstaging.com\/wp-content\/uploads\/2024\/06\/WhatsApp-Image-2024-06-26-at-23.22.13-350x250.jpeg 350w, https:\/\/copolad.fiiapp.quentalstaging.com\/wp-content\/uploads\/2024\/06\/WhatsApp-Image-2024-06-26-at-23.22.13-120x86.jpeg 120w, https:\/\/copolad.fiiapp.quentalstaging.com\/wp-content\/uploads\/2024\/06\/WhatsApp-Image-2024-06-26-at-23.22.13-750x536.jpeg 750w, https:\/\/copolad.fiiapp.quentalstaging.com\/wp-content\/uploads\/2024\/06\/WhatsApp-Image-2024-06-26-at-23.22.13-1140x815.jpeg 1140w\" data-sizes=\"auto\" data-expand=\"700\" \/><\/div><\/a>\n                <\/div>\n                <div class=\"jeg_postblock_content\">\n                    <h3 class=\"jeg_post_title\">\n                        <a href=\"https:\/\/copolad.fiiapp.quentalstaging.com\/es\/foro-intraregional-sobre-desarrollo-alternativo-en-brasil-focalizado-en-innovacion\/\">Foro Intrarregional sobre Desarrollo Alternativo en Brasil, focalizado en innovaci\u00f3n<\/a>\n                    <\/h3>\n                    <div class=\"jeg_post_meta\"><div class=\"jeg_meta_date\"><a href=\"https:\/\/copolad.fiiapp.quentalstaging.com\/es\/foro-intraregional-sobre-desarrollo-alternativo-en-brasil-focalizado-en-innovacion\/\"><i class=\"fa fa-clock-o\"><\/i> 2024\/06\/25<\/a><\/div><div class=\"jeg_meta_comment\"><a href=\"https:\/\/copolad.fiiapp.quentalstaging.com\/es\/foro-intraregional-sobre-desarrollo-alternativo-en-brasil-focalizado-en-innovacion\/#comments\" ><i class=\"fa fa-comment-o\"><\/i> 0 <\/a><\/div><\/div>\n                    <div class=\"jeg_post_excerpt\">\n                        <p>En respuesta al problema mundial de las drogas, el gobierno brasile\u00f1o y la Uni\u00f3n Europea colaboran desde hace a\u00f1os a...<\/p>\n                    <\/div>\n                <\/div>\n            <\/article><article class=\"jeg_post jeg_pl_md_2 format-standard\">\n                <div class=\"jeg_thumb\">\n                    \n                    <a href=\"https:\/\/copolad.fiiapp.quentalstaging.com\/es\/19-delegaciones-de-la-union-europea-america-latina-y-el-caribe-se-reunieron-en-buenos-aires-para-mejorar-el-decomiso-de-bienes-y-activos-del-narcotrafico\/\"><div class=\"thumbnail-container animate-lazy  size-715 \"><img decoding=\"async\" width=\"350\" height=\"250\" src=\"https:\/\/copolad.fiiapp.quentalstaging.com\/wp-content\/themes\/jnews\/assets\/img\/jeg-empty.png\" class=\"attachment-jnews-350x250 size-jnews-350x250 lazyload wp-post-image\" alt=\"19 pa\u00edses se reunieron en Buenos Aires para mejorar el decomiso y uso social de bienes y activos del narcotr\u00e1fico\" sizes=\"(max-width: 350px) 100vw, 350px\" data-src=\"https:\/\/copolad.fiiapp.quentalstaging.com\/wp-content\/uploads\/2024\/05\/DSC4182-copia-1-350x250.jpg\" data-srcset=\"https:\/\/copolad.fiiapp.quentalstaging.com\/wp-content\/uploads\/2024\/05\/DSC4182-copia-1-350x250.jpg 350w, https:\/\/copolad.fiiapp.quentalstaging.com\/wp-content\/uploads\/2024\/05\/DSC4182-copia-1-120x86.jpg 120w, https:\/\/copolad.fiiapp.quentalstaging.com\/wp-content\/uploads\/2024\/05\/DSC4182-copia-1-750x536.jpg 750w, https:\/\/copolad.fiiapp.quentalstaging.com\/wp-content\/uploads\/2024\/05\/DSC4182-copia-1-1140x815.jpg 1140w\" data-sizes=\"auto\" data-expand=\"700\" \/><\/div><\/a>\n                <\/div>\n                <div class=\"jeg_postblock_content\">\n                    <h3 class=\"jeg_post_title\">\n                        <a href=\"https:\/\/copolad.fiiapp.quentalstaging.com\/es\/19-delegaciones-de-la-union-europea-america-latina-y-el-caribe-se-reunieron-en-buenos-aires-para-mejorar-el-decomiso-de-bienes-y-activos-del-narcotrafico\/\">19 pa\u00edses se reunieron en Buenos Aires para mejorar el decomiso y uso social de bienes y activos del narcotr\u00e1fico<\/a>\n                    <\/h3>\n                    <div class=\"jeg_post_meta\"><div class=\"jeg_meta_date\"><a href=\"https:\/\/copolad.fiiapp.quentalstaging.com\/es\/19-delegaciones-de-la-union-europea-america-latina-y-el-caribe-se-reunieron-en-buenos-aires-para-mejorar-el-decomiso-de-bienes-y-activos-del-narcotrafico\/\"><i class=\"fa fa-clock-o\"><\/i> 2024\/06\/01<\/a><\/div><div class=\"jeg_meta_comment\"><a href=\"https:\/\/copolad.fiiapp.quentalstaging.com\/es\/19-delegaciones-de-la-union-europea-america-latina-y-el-caribe-se-reunieron-en-buenos-aires-para-mejorar-el-decomiso-de-bienes-y-activos-del-narcotrafico\/#comments\" ><i class=\"fa fa-comment-o\"><\/i> 0 <\/a><\/div><\/div>\n                    <div class=\"jeg_post_excerpt\">\n                        <p>Las acciones para combatir al crimen organizado son m\u00e1s eficaces cuando la normativa jur\u00eddica contempla medidas para atacar el patrimonio...<\/p>\n                    <\/div>\n                <\/div>\n            <\/article><article class=\"jeg_post jeg_pl_md_2 format-standard\">\n                <div class=\"jeg_thumb\">\n                    \n                    <a href=\"https:\/\/copolad.fiiapp.quentalstaging.com\/es\/la-reunion-anual-de-copolad-reitera-la-necesidad-de-la-cooperacion-internacional-para-mejorar-las-politicas-de-drogas\/\"><div class=\"thumbnail-container animate-lazy  size-715 \"><img decoding=\"async\" width=\"350\" height=\"250\" src=\"https:\/\/copolad.fiiapp.quentalstaging.com\/wp-content\/themes\/jnews\/assets\/img\/jeg-empty.png\" class=\"attachment-jnews-350x250 size-jnews-350x250 lazyload wp-post-image\" alt=\"Foto de familia\" sizes=\"(max-width: 350px) 100vw, 350px\" data-src=\"https:\/\/copolad.fiiapp.quentalstaging.com\/wp-content\/uploads\/2024\/02\/F_T3A1574-350x250.jpg\" data-srcset=\"https:\/\/copolad.fiiapp.quentalstaging.com\/wp-content\/uploads\/2024\/02\/F_T3A1574-350x250.jpg 350w, https:\/\/copolad.fiiapp.quentalstaging.com\/wp-content\/uploads\/2024\/02\/F_T3A1574-120x86.jpg 120w, https:\/\/copolad.fiiapp.quentalstaging.com\/wp-content\/uploads\/2024\/02\/F_T3A1574-750x536.jpg 750w, https:\/\/copolad.fiiapp.quentalstaging.com\/wp-content\/uploads\/2024\/02\/F_T3A1574-1140x815.jpg 1140w\" data-sizes=\"auto\" data-expand=\"700\" \/><\/div><\/a>\n                <\/div>\n                <div class=\"jeg_postblock_content\">\n                    <h3 class=\"jeg_post_title\">\n                        <a href=\"https:\/\/copolad.fiiapp.quentalstaging.com\/es\/la-reunion-anual-de-copolad-reitera-la-necesidad-de-la-cooperacion-internacional-para-mejorar-las-politicas-de-drogas\/\">La reuni\u00f3n anual de COPOLAD reitera la necesidad de la cooperaci\u00f3n internacional para mejorar las pol\u00edticas de drogas<\/a>\n                    <\/h3>\n                    <div class=\"jeg_post_meta\"><div class=\"jeg_meta_date\"><a href=\"https:\/\/copolad.fiiapp.quentalstaging.com\/es\/la-reunion-anual-de-copolad-reitera-la-necesidad-de-la-cooperacion-internacional-para-mejorar-las-politicas-de-drogas\/\"><i class=\"fa fa-clock-o\"><\/i> 2024\/02\/21<\/a><\/div><div class=\"jeg_meta_comment\"><a href=\"https:\/\/copolad.fiiapp.quentalstaging.com\/es\/la-reunion-anual-de-copolad-reitera-la-necesidad-de-la-cooperacion-internacional-para-mejorar-las-politicas-de-drogas\/#comments\" ><i class=\"fa fa-comment-o\"><\/i> 0 <\/a><\/div><\/div>\n                    <div class=\"jeg_post_excerpt\">\n                        <p>Dos d\u00edas de trabajo, 12 sesiones tem\u00e1ticas, 175 participantes y decenas de horas de intercambio con el objetivo de mejorar...<\/p>\n                    <\/div>\n                <\/div>\n            <\/article>\n            <\/div>\n                <div class='module-overlay'>\n\t\t\t\t    <div class='preloader_type preloader_dot'>\n\t\t\t\t        <div class=\"module-preloader jeg_preloader dot\">\n\t\t\t\t            <span><\/span><span><\/span><span><\/span>\n\t\t\t\t        <\/div>\n\t\t\t\t        <div class=\"module-preloader jeg_preloader circle\">\n\t\t\t\t            <div class=\"jnews_preloader_circle_outer\">\n\t\t\t\t                <div class=\"jnews_preloader_circle_inner\"><\/div>\n\t\t\t\t            <\/div>\n\t\t\t\t        <\/div>\n\t\t\t\t        <div class=\"module-preloader jeg_preloader square\">\n\t\t\t\t            <div class=\"jeg_square\">\n\t\t\t\t                <div class=\"jeg_square_inner\"><\/div>\n\t\t\t\t            <\/div>\n\t\t\t\t        <\/div>\n\t\t\t\t    <\/div>\n\t\t\t\t<\/div>\n            <\/div>\n            <div class=\"jeg_block_navigation\">\n                <div class='navigation_overlay'><div class='module-preloader jeg_preloader'><span><\/span><span><\/span><span><\/span><\/div><\/div>\n                <div class=\"jeg_block_loadmore \">\n                    <a href=\"#\" class='' data-load='Cargar m\u00e1s' data-loading='Cargando...'> Cargar m\u00e1s<\/a>\n                <\/div>\n                \n            <\/div>\n\t\t\t\t\t\n\t\t\t\t\t<script>var jnews_module__0_69e4bbe507b8e = {\"header_icon\":\"\",\"first_title\":\"\",\"second_title\":\"\",\"url\":\"\",\"header_type\":\"heading_6\",\"header_background\":\"\",\"header_secondary_background\":\"\",\"header_text_color\":\"\",\"header_line_color\":\"\",\"header_accent_color\":\"\",\"header_filter_category\":\"\",\"header_filter_author\":\"\",\"header_filter_tag\":\"\",\"header_filter_text\":\"All\",\"post_type\":\"post\",\"content_type\":\"post\",\"sponsor\":false,\"number_post\":\"3\",\"post_offset\":\"0\",\"unique_content\":\"disable\",\"include_post\":\"\",\"included_only\":false,\"exclude_post\":\"\",\"include_category\":\"111\",\"exclude_category\":\"\",\"include_author\":\"\",\"include_tag\":\"\",\"exclude_tag\":\"\",\"pais\":\"\",\"tipo_organizacion\":\"\",\"tipo_intervencion\":\"\",\"eb_course_cat\":\"\",\"event_category\":\"\",\"event_tag\":\"\",\"it-type\":\"\",\"sort_by\":\"latest\",\"date_format\":\"custom\",\"date_format_custom\":\"Y\\\/m\\\/d\",\"excerpt_length\":\"20\",\"excerpt_ellipsis\":\"...\",\"force_normal_image_load\":\"\",\"pagination_mode\":\"loadmore\",\"pagination_nextprev_showtext\":\"\",\"pagination_number_post\":\"3\",\"pagination_scroll_limit\":0,\"ads_type\":\"disable\",\"ads_position\":1,\"ads_random\":\"\",\"ads_image\":\"\",\"ads_image_tablet\":\"\",\"ads_image_phone\":\"\",\"ads_image_link\":\"\",\"ads_image_alt\":\"\",\"ads_image_new_tab\":\"\",\"google_publisher_id\":\"\",\"google_slot_id\":\"\",\"google_desktop\":\"auto\",\"google_tab\":\"auto\",\"google_phone\":\"auto\",\"content\":\"\",\"ads_bottom_text\":\"\",\"boxed\":\"\",\"boxed_shadow\":\"\",\"el_id\":\"\",\"el_class\":\"\",\"scheme\":\"\",\"column_width\":\"auto\",\"title_color\":\"\",\"accent_color\":\"\",\"alt_color\":\"\",\"excerpt_color\":\"\",\"css\":\"\",\"compatible_column_notice\":\"\",\"paged\":1,\"column_class\":\"jeg_col_2o3\",\"class\":\"jnews_block_3\"};<\/script>\n\t\t\t\t<\/div>[\/vc_column][\/vc_row]<\/p>\n<\/section>","protected":false},"excerpt":{"rendered":"<p>[vc_row][vc_column][vc_custom_heading text=&#8221;Notas de prensa&#8221; font_container=&#8221;tag:h1|font_size:48px|text_align:left|color:%2315110d|line_height:72px&#8221; google_fonts=&#8221;font_family:Open%20Sans%3A300%2C300italic%2Cregular%2Citalic%2C600%2C600italic%2C700%2C700italic%2C800%2C800italic|font_style:700%20bold%20regular%3A700%3Anormal&#8221;][\/vc_column][\/vc_row]<\/p>\n","protected":false},"author":3,"featured_media":0,"parent":0,"menu_order":0,"comment_status":"closed","ping_status":"closed","template":"","meta":{"footnotes":""},"acf":[],"_links":{"self":[{"href":"https:\/\/copolad.fiiapp.quentalstaging.com\/es\/wp-json\/wp\/v2\/pages\/5609"}],"collection":[{"href":"https:\/\/copolad.fiiapp.quentalstaging.com\/es\/wp-json\/wp\/v2\/pages"}],"about":[{"href":"https:\/\/copolad.fiiapp.quentalstaging.com\/es\/wp-json\/wp\/v2\/types\/page"}],"author":[{"embeddable":true,"href":"https:\/\/copolad.fiiapp.quentalstaging.com\/es\/wp-json\/wp\/v2\/users\/3"}],"replies":[{"embeddable":true,"href":"https:\/\/copolad.fiiapp.quentalstaging.com\/es\/wp-json\/wp\/v2\/comments?post=5609"}],"version-history":[{"count":1,"href":"https:\/\/copolad.fiiapp.quentalstaging.com\/es\/wp-json\/wp\/v2\/pages\/5609\/revisions"}],"predecessor-version":[{"id":10582,"href":"https:\/\/copolad.fiiapp.quentalstaging.com\/es\/wp-json\/wp\/v2\/pages\/5609\/revisions\/10582"}],"wp:attachment":[{"href":"https:\/\/copolad.fiiapp.quentalstaging.com\/es\/wp-json\/wp\/v2\/media?parent=5609"}],"curies":[{"name":"wp","href":"https:\/\/api.w.org\/{rel}","templated":true}]}}