{"id":5863,"date":"2022-03-09T11:11:35","date_gmt":"2022-03-09T10:11:35","guid":{"rendered":"https:\/\/copolad.ole.agency\/?page_id=5863"},"modified":"2024-05-09T11:00:53","modified_gmt":"2024-05-09T09:00:53","slug":"desarrollo-sostenible-derechos-humanos-y-genero","status":"publish","type":"page","link":"https:\/\/copolad.fiiapp.quentalstaging.com\/es\/desarrollo-sostenible-derechos-humanos-y-genero\/","title":{"rendered":"Desarrollo sostenible, Derechos Humanos y G\u00e9nero"},"content":{"rendered":"<section class=\"wpb-content-wrapper\"><p>[vc_row][vc_column][vc_empty_space height=&#8221;10px&#8221;][\/vc_column][\/vc_row][vc_row vc_row_background=&#8221;&#8221; el_class=&#8221;.jeg_sidebar_left&#8221;][vc_column width=&#8221;2\/3&#8243;][vc_custom_heading text=&#8221;Desarrollo sostenible, Derechos Humanos y G\u00e9nero&#8221; font_container=&#8221;tag:h1|font_size:48px|text_align:left|color:%23000000|line_height:72px&#8221; google_fonts=&#8221;font_family:Open%20Sans%3A300%2C300italic%2Cregular%2Citalic%2C600%2C600italic%2C700%2C700italic%2C800%2C800italic|font_style:700%20bold%20regular%3A700%3Anormal&#8221; css=&#8221;.vc_custom_1646820605641{margin-top: 0px !important;}&#8221;][vc_single_image image=&#8221;4054&#8243; img_size=&#8221;large&#8221;][vc_column_text]COPOLAD III asegurar\u00e1 la coherencia interna del programa y la plena integraci\u00f3n de los siguientes principios y enfoques transversales: enfoque basado en derechos, equidad de g\u00e9nero y empoderamiento de las mujeres, salud p\u00fablica y reducci\u00f3n de da\u00f1os, seguridad ciudadana y Estado de derecho, equilibrio en las pol\u00edticas, gobernabilidad democr\u00e1tica e instituciones s\u00f3lidas, di\u00e1logo birregional y responsabilidad compartida.<\/p>\n<p>Todos ellos, desde un\u00a0<strong>enfoque de desarrollo sostenible que act\u00faa de paraguas integral para la acci\u00f3n y coherencia de las pol\u00edticas p\u00fablicas<\/strong>, y que implica que la pol\u00edtica de drogas no puede representar un factor que afecte negativamente el desarrollo sostenible de comunidades o pa\u00edses; por el contrario, debe convertirse en un elemento para facilitar y promover el desarrollo sostenible e inclusivo para todos.<\/p>\n<p>Se trabajar\u00e1 bajo el enfoque diferencial e interseccional hacia las necesidades e implicaciones espec\u00edficas de los distintos grupos poblacionales en funci\u00f3n de su mayor situaci\u00f3n de vulnerabilidad, como poblaci\u00f3n <b>ind\u00edgena\/afro, migrante, j\u00f3venes, mayores,<\/b> para determinar qu\u00e9 diferencias son relevantes para asegurar el goce efectivo de derechos.<\/p>\n<p>Se reforzar\u00e1 el compromiso <b>con las instituciones p\u00fablicas<\/b> como titulares de obligaciones dirigidas a respetar, proteger y hacer cumplir cada derecho y en el trabajo con la poblaci\u00f3n y especialmente los grupos m\u00e1s vulnerables como titulares de derechos.<\/p>\n<p>En relaci\u00f3n sobre cada uno de los enfoques espec\u00edficos, se mencionan a continuaci\u00f3n las principales <strong>l\u00edneas de acci\u00f3n y actividades<\/strong> bajo los cuales se trabajar\u00e1 en los cuatro componentes del proyecto:[\/vc_column_text][vc_custom_heading text=&#8221;L\u00edneas de acci\u00f3n&#8221; font_container=&#8221;tag:h2|font_size:20px|text_align:left|color:%2315110d|line_height:28px&#8221; google_fonts=&#8221;font_family:Open%20Sans%3A300%2C300italic%2Cregular%2Citalic%2C600%2C600italic%2C700%2C700italic%2C800%2C800italic|font_style:700%20bold%20regular%3A700%3Anormal&#8221;][vc_tta_accordion color=&#8221;white&#8221; c_icon=&#8221;chevron&#8221; c_position=&#8221;right&#8221; active_section=&#8221;99&#8243; collapsible_all=&#8221;true&#8221; el_class=&#8221;acordeon&#8221;][vc_tta_section title=&#8221;5.1. Conceptualizaci\u00f3n y consolidaci\u00f3n del enfoque de desarrollo sostenible, derechos humanos y equidad de g\u00e9nero en el marco de las pol\u00edticas p\u00fablicas sobre drogas&#8221; tab_id=&#8221;accordion-1&#8243;][vc_column_text css_animation=&#8221;none&#8221; el_class=&#8221;actividades&#8221;]<\/p>\n<h4 style=\"font-weight: 600; font-size: 12px; line-height: 18px; color: #c44800; padding-left: 40px;\">Actividades<\/h4>\n<p style=\"padding-left: 40px;\">5.1.1. Webinario de expertos para la discusi\u00f3n y definici\u00f3n del contenido de una Gu\u00eda COPOLAD para el dise\u00f1o, implementaci\u00f3n y evaluaci\u00f3n de pol\u00edticas de drogas bajo un enfoque de desarrollo sostenible y de un curso de formaci\u00f3n anexo.<\/p>\n<p style=\"padding-left: 40px;\">5.1.2. Elaboraci\u00f3n de una Gu\u00eda COPOLAD para el dise\u00f1o, implementaci\u00f3n y evaluaci\u00f3n de pol\u00edticas de drogas bajo un enfoque de desarrollo sostenible, que incorpore las dimensiones de derechos humanos y equidad de g\u00e9nero.<\/p>\n<p style=\"padding-left: 40px;\">5.1.3. Elaboraci\u00f3n e impartici\u00f3n de un curso virtual con los materiales de la gu\u00eda de desarrollo sostenible.<\/p>\n<p style=\"padding-left: 40px;\">5.1.4. Eventos paralelos (1 de presentaci\u00f3n y 1 por a\u00f1o) en las reuniones de la CND de Naciones Unidas en Viena sobre diferentes aspectos del enfoque de COPOLAD en desarrollo sostenible, derechos humanos y g\u00e9nero.<\/p>\n<p>[\/vc_column_text][\/vc_tta_section][vc_tta_section title=&#8221;5.2. Mejora de los resultados para los derechos humanos de las pol\u00edticas de control de la oferta de drogas&#8221; tab_id=&#8221;accordion-2&#8243;][vc_column_text css_animation=&#8221;none&#8221; el_class=&#8221;actividades&#8221;]<\/p>\n<h4 style=\"font-weight: 600; font-size: 12px; line-height: 18px; color: #c44800; padding-left: 40px;\">Actividades<\/h4>\n<p style=\"padding-left: 40px;\">5.2.1. Webinario birregional sobre el impacto de las pol\u00edticas de control de drogas en los derechos humanos.<\/p>\n<p style=\"padding-left: 40px;\">5.2.2. Webinario birregional sobre mejores pr\u00e1cticas de reforma de pol\u00edticas, normativa e intervenciones de control de la oferta de drogas para la obtenci\u00f3n de mejores resultados en materia de derechos humanos.<\/p>\n<p style=\"padding-left: 40px;\">5.2.3. Taller regional presencial para pa\u00edses interesados en avanzar con planes nacionales de reforma de sus pol\u00edticas, normativa e intervenciones de control de la oferta de drogas para la obtenci\u00f3n de mejores resultados en materia de derechos humanos.<\/p>\n<p style=\"padding-left: 40px;\">5.2.4. Talleres nacionales presenciales para desarrollo e implementaci\u00f3n de planes nacionales de reforma de pol\u00edticas, normativa e intervenciones de control de la oferta de drogas para la obtenci\u00f3n de mejores resultados en materia de derechos humanos.<\/p>\n<p style=\"padding-left: 40px;\">5.2.5. Asistencia T\u00e9cnicas y mentoring para acompa\u00f1ar el desarrollo e implementaci\u00f3n de los planes nacionales de reforma de sus pol\u00edticas, normativa e intervenciones de control de la oferta de drogas para la obtenci\u00f3n de mejores resultados en materia de derechos humanos.<\/p>\n<p>[\/vc_column_text][\/vc_tta_section][vc_tta_section title=&#8221;5.3. Estudio del impacto negativo sobre el medio ambiente vinculado a la producci\u00f3n y tr\u00e1fico de drogas il\u00edcitas y a las intervenciones de reducci\u00f3n de la oferta&#8221; tab_id=&#8221;accordion-3&#8243;][vc_column_text css_animation=&#8221;none&#8221; el_class=&#8221;actividades&#8221;]<\/p>\n<h4 style=\"font-weight: 600; font-size: 12px; line-height: 18px; color: #c44800; padding-left: 40px;\">Actividades<\/h4>\n<p style=\"padding-left: 40px;\">5.3.1. Asistencia T\u00e9cnica para elaboraci\u00f3n de dos estudios sobre los impactos en el medio ambiente de las actividades de producci\u00f3n y tr\u00e1fico de drogas il\u00edcitas y las intervenciones de reducci\u00f3n de la oferta de drogas.<\/p>\n<p>[\/vc_column_text][\/vc_tta_section][\/vc_tta_accordion][vc_empty_space height=&#8221;30px&#8221;][\/vc_column][vc_column width=&#8221;1\/3&#8243; sticky_sidebar=&#8221;yes&#8221; set_as_sidebar=&#8221;yes&#8221;][vc_wp_custommenu nav_menu=&#8221;34&#8243; el_class=&#8221;tab-style&#8221;][\/vc_column][\/vc_row]<\/p>\n<\/section>","protected":false},"excerpt":{"rendered":"<p>[vc_row][vc_column][vc_empty_space height=&#8221;10px&#8221;][\/vc_column][\/vc_row][vc_row vc_row_background=&#8221;&#8221; el_class=&#8221;.jeg_sidebar_left&#8221;][vc_column width=&#8221;2\/3&#8243;][vc_custom_heading text=&#8221;Desarrollo sostenible, Derechos Humanos y G\u00e9nero&#8221; font_container=&#8221;tag:h1|font_size:48px|text_align:left|color:%23000000|line_height:72px&#8221; google_fonts=&#8221;font_family:Open%20Sans%3A300%2C300italic%2Cregular%2Citalic%2C600%2C600italic%2C700%2C700italic%2C800%2C800italic|font_style:700%20bold%20regular%3A700%3Anormal&#8221; css=&#8221;.vc_custom_1646820605641{margin-top: 0px !important;}&#8221;][vc_single_image image=&#8221;4054&#8243; img_size=&#8221;large&#8221;][vc_column_text]COPOLAD III asegurar\u00e1 la coherencia interna del programa y la plena integraci\u00f3n de los siguientes principios y enfoques transversales: enfoque basado en derechos, equidad de g\u00e9nero y empoderamiento de las mujeres, salud p\u00fablica y reducci\u00f3n de da\u00f1os, seguridad [&hellip;]<\/p>\n","protected":false},"author":3,"featured_media":0,"parent":0,"menu_order":0,"comment_status":"closed","ping_status":"closed","template":"","meta":{"footnotes":""},"acf":[],"_links":{"self":[{"href":"https:\/\/copolad.fiiapp.quentalstaging.com\/es\/wp-json\/wp\/v2\/pages\/5863"}],"collection":[{"href":"https:\/\/copolad.fiiapp.quentalstaging.com\/es\/wp-json\/wp\/v2\/pages"}],"about":[{"href":"https:\/\/copolad.fiiapp.quentalstaging.com\/es\/wp-json\/wp\/v2\/types\/page"}],"author":[{"embeddable":true,"href":"https:\/\/copolad.fiiapp.quentalstaging.com\/es\/wp-json\/wp\/v2\/users\/3"}],"replies":[{"embeddable":true,"href":"https:\/\/copolad.fiiapp.quentalstaging.com\/es\/wp-json\/wp\/v2\/comments?post=5863"}],"version-history":[{"count":1,"href":"https:\/\/copolad.fiiapp.quentalstaging.com\/es\/wp-json\/wp\/v2\/pages\/5863\/revisions"}],"predecessor-version":[{"id":10595,"href":"https:\/\/copolad.fiiapp.quentalstaging.com\/es\/wp-json\/wp\/v2\/pages\/5863\/revisions\/10595"}],"wp:attachment":[{"href":"https:\/\/copolad.fiiapp.quentalstaging.com\/es\/wp-json\/wp\/v2\/media?parent=5863"}],"curies":[{"name":"wp","href":"https:\/\/api.w.org\/{rel}","templated":true}]}}