{"id":8194,"date":"2023-04-27T13:47:02","date_gmt":"2023-04-27T11:47:02","guid":{"rendered":"https:\/\/copolad.eu\/?page_id=8194"},"modified":"2023-04-27T13:47:02","modified_gmt":"2023-04-27T11:47:02","slug":"eventos","status":"publish","type":"page","link":"https:\/\/copolad.fiiapp.quentalstaging.com\/es\/eventos\/","title":{"rendered":"Eventos"},"content":{"rendered":"<section class=\"wpb-content-wrapper\"><p>[vc_row vc_row_background=&#8221;&#8221;][vc_column][vc_custom_heading text=&#8221;Eventos&#8221; font_container=&#8221;tag:h1|font_size:48px|text_align:left|line_height:72px&#8221; google_fonts=&#8221;font_family:Open%20Sans%3A300%2C300italic%2Cregular%2Citalic%2C600%2C600italic%2C700%2C700italic%2C800%2C800italic|font_style:700%20bold%20regular%3A700%3Anormal&#8221;]<div class=\"it-event-block\"><div class=\"it-event-block-filter\"> \n                        <form id=\"it-event-block-filter-form\" action=\"https:\/\/copolad.fiiapp.quentalstaging.com\/es\/eventos\/\" method=\"GET\">\n                            <div class=\"it-field\">\n                                <label>Fecha desde:<\/label>\n                                <input type=\"date\" name=\"date_from\" value=\"\">\n                            <\/div> \n                            <div class=\"it-field\">\n                                <label>Fecha hasta:<\/label>\n                                <input type=\"date\" name=\"date_to\" value=\"\">\n                            <\/div> \n                            <div class=\"it-field\">\n                                <label>Categor\u00eda<\/label>\n                                <select name=\"category\" id=\"category\"><option value=\"\">Todas<\/option><option value=\"389\" >Encuentros COPOLAD<\/option><option value=\"390\" >Formaci\u00f3n e Intercambio<\/option><option value=\"391\" >Grupos de Trabajo<\/option><\/select>\n                            <\/div>\n                            <div class=\"it-field it-input-button-container\">\n                                <input type=\"submit\" name=\"ubmit\" value=\"Burcar eventos\">\n                            <\/div>\n                        <\/form>\n                    <\/div><div class=\"it-event-block-list\"><div class=\"it-event-block-list-item\">\n                                    <div class=\"it-event-block-list-item-thumbnail\"><img decoding=\"async\" width=\"1024\" height=\"682\" src=\"https:\/\/copolad.fiiapp.quentalstaging.com\/wp-content\/uploads\/2023\/07\/WhatsApp-Image-2023-04-17-at-16.42.32-1024x682.jpeg\" class=\"attachment-large size-large wp-post-image\" alt=\"reunion de inteligencia en Ecuador\" srcset=\"https:\/\/copolad.fiiapp.quentalstaging.com\/wp-content\/uploads\/2023\/07\/WhatsApp-Image-2023-04-17-at-16.42.32-1024x682.jpeg 1024w, https:\/\/copolad.fiiapp.quentalstaging.com\/wp-content\/uploads\/2023\/07\/WhatsApp-Image-2023-04-17-at-16.42.32-300x200.jpeg 300w, https:\/\/copolad.fiiapp.quentalstaging.com\/wp-content\/uploads\/2023\/07\/WhatsApp-Image-2023-04-17-at-16.42.32-768x512.jpeg 768w, https:\/\/copolad.fiiapp.quentalstaging.com\/wp-content\/uploads\/2023\/07\/WhatsApp-Image-2023-04-17-at-16.42.32-1536x1023.jpeg 1536w, https:\/\/copolad.fiiapp.quentalstaging.com\/wp-content\/uploads\/2023\/07\/WhatsApp-Image-2023-04-17-at-16.42.32-750x500.jpeg 750w, https:\/\/copolad.fiiapp.quentalstaging.com\/wp-content\/uploads\/2023\/07\/WhatsApp-Image-2023-04-17-at-16.42.32-1140x760.jpeg 1140w, https:\/\/copolad.fiiapp.quentalstaging.com\/wp-content\/uploads\/2023\/07\/WhatsApp-Image-2023-04-17-at-16.42.32.jpeg 1600w\" sizes=\"(max-width: 1024px) 100vw, 1024px\" \/><\/div>\n                                    <div class=\"it-event-block-list-item-data\">\n                                        <div class=\"it-event-block-list-item-data-container\"><div class=\"it-event-block-list-item-data-date\">                                            \n                                                <span class=\"date\">18<\/span>\n                                                <span class=\"month-year\">                                           \n                                                    <span class=\"month\">Jul<\/span>                                                    \n                                                    <span class=\"year\">2023<\/span>                                            \n                                                <\/span>\n                                            <\/div><div class=\"it-event-block-list-item-data-cat\">Formaci\u00f3n e Intercambio<\/div><h2><a href=\"https:\/\/copolad.fiiapp.quentalstaging.com\/es\/event\/webinario-mecanismos-de-comunicacion-e-intercambio-de-inteligencia\/\">Webinario Mecanismos de comunicaci\u00f3n e intercambio de inteligencia<\/a><\/h2><div class=\"it-event-block-list-item-data-more\"><a href=\"https:\/\/copolad.fiiapp.quentalstaging.com\/es\/event\/webinario-mecanismos-de-comunicacion-e-intercambio-de-inteligencia\/\">Leer m\u00e1s<\/a><\/div><\/div>\n                                    <\/div>\n                                <\/div><div class=\"it-event-block-list-item\">\n                                    <div class=\"it-event-block-list-item-thumbnail\"><img decoding=\"async\" width=\"752\" height=\"400\" src=\"https:\/\/copolad.fiiapp.quentalstaging.com\/wp-content\/uploads\/2021\/12\/objetivo-general.png\" class=\"attachment-large size-large wp-post-image\" alt=\"objetivo general\" srcset=\"https:\/\/copolad.fiiapp.quentalstaging.com\/wp-content\/uploads\/2021\/12\/objetivo-general.png 752w, https:\/\/copolad.fiiapp.quentalstaging.com\/wp-content\/uploads\/2021\/12\/objetivo-general-300x160.png 300w, https:\/\/copolad.fiiapp.quentalstaging.com\/wp-content\/uploads\/2021\/12\/objetivo-general-750x399.png 750w\" sizes=\"(max-width: 752px) 100vw, 752px\" \/><\/div>\n                                    <div class=\"it-event-block-list-item-data\">\n                                        <div class=\"it-event-block-list-item-data-container\"><div class=\"it-event-block-list-item-data-date\">                                            \n                                                <span class=\"date\">09<\/span>\n                                                <span class=\"month-year\">                                           \n                                                    <span class=\"month\">May<\/span>                                                    \n                                                    <span class=\"year\">2023<\/span>                                            \n                                                <\/span>\n                                            <\/div><div class=\"it-event-block-list-item-data-cat\">Grupos de Trabajo<\/div><h2><a href=\"https:\/\/copolad.fiiapp.quentalstaging.com\/es\/event\/coloquio-mujeres-y-estigma\/\">Coloquio &#8220;Mujeres y Estigma&#8221;<\/a><\/h2><div class=\"it-event-block-list-item-data-more\"><a href=\"https:\/\/copolad.fiiapp.quentalstaging.com\/es\/event\/coloquio-mujeres-y-estigma\/\">Leer m\u00e1s<\/a><\/div><\/div>\n                                    <\/div>\n                                <\/div><div class=\"it-event-block-list-item\">\n                                    <div class=\"it-event-block-list-item-thumbnail\"><img decoding=\"async\" width=\"1024\" height=\"683\" src=\"https:\/\/copolad.fiiapp.quentalstaging.com\/wp-content\/uploads\/2022\/10\/TM-NINOS-Y-ADOLESCENTES42-1024x683.jpg\" class=\"attachment-large size-large wp-post-image\" alt=\"ni\u00f1os que juegan\" srcset=\"https:\/\/copolad.fiiapp.quentalstaging.com\/wp-content\/uploads\/2022\/10\/TM-NINOS-Y-ADOLESCENTES42-1024x683.jpg 1024w, https:\/\/copolad.fiiapp.quentalstaging.com\/wp-content\/uploads\/2022\/10\/TM-NINOS-Y-ADOLESCENTES42-300x200.jpg 300w, https:\/\/copolad.fiiapp.quentalstaging.com\/wp-content\/uploads\/2022\/10\/TM-NINOS-Y-ADOLESCENTES42-768x512.jpg 768w, https:\/\/copolad.fiiapp.quentalstaging.com\/wp-content\/uploads\/2022\/10\/TM-NINOS-Y-ADOLESCENTES42-1536x1024.jpg 1536w, https:\/\/copolad.fiiapp.quentalstaging.com\/wp-content\/uploads\/2022\/10\/TM-NINOS-Y-ADOLESCENTES42-2048x1365.jpg 2048w, https:\/\/copolad.fiiapp.quentalstaging.com\/wp-content\/uploads\/2022\/10\/TM-NINOS-Y-ADOLESCENTES42-750x500.jpg 750w, https:\/\/copolad.fiiapp.quentalstaging.com\/wp-content\/uploads\/2022\/10\/TM-NINOS-Y-ADOLESCENTES42-1140x760.jpg 1140w\" sizes=\"(max-width: 1024px) 100vw, 1024px\" \/><\/div>\n                                    <div class=\"it-event-block-list-item-data\">\n                                        <div class=\"it-event-block-list-item-data-container\"><div class=\"it-event-block-list-item-data-date\">                                            \n                                                <span class=\"date\">08<\/span>\n                                                <span class=\"month-year\">                                           \n                                                    <span class=\"month\">May<\/span>                                                    \n                                                    <span class=\"year\">2023<\/span>                                            \n                                                <\/span>\n                                            <\/div><div class=\"it-event-block-list-item-data-cat\">Formaci\u00f3n e Intercambio<\/div><h2><a href=\"https:\/\/copolad.fiiapp.quentalstaging.com\/es\/event\/primer-laboratorio-de-innovacion-ciudadana-sobre-abordaje-integral-de-consumo-atencion-acompanamiento-y-cuidado-de-ninos-ninas-y-adolescentes-bajo-tutela\/\">Prevenci\u00f3n consumo en ni\u00f1os, ni\u00f1as y adolescentes bajo tutela<\/a><\/h2><div class=\"it-event-block-list-item-data-more\"><a href=\"https:\/\/copolad.fiiapp.quentalstaging.com\/es\/event\/primer-laboratorio-de-innovacion-ciudadana-sobre-abordaje-integral-de-consumo-atencion-acompanamiento-y-cuidado-de-ninos-ninas-y-adolescentes-bajo-tutela\/\">Leer m\u00e1s<\/a><\/div><\/div>\n                                    <\/div>\n                                <\/div><\/div><div class=\"it-event-block-pagination it-pagination\"><span aria-current=\"page\" class=\"page-numbers current\">1<\/span>\n<a class=\"page-numbers\" href=\"https:\/\/copolad.fiiapp.quentalstaging.com\/es\/wp-json\/wp\/v2\/pages\/8194\/page\/2\/\">2<\/a>\n<span class=\"page-numbers dots\">&hellip;<\/span>\n<a class=\"page-numbers\" href=\"https:\/\/copolad.fiiapp.quentalstaging.com\/es\/wp-json\/wp\/v2\/pages\/8194\/page\/13\/\">13<\/a>\n<a class=\"page-numbers\" href=\"https:\/\/copolad.fiiapp.quentalstaging.com\/es\/wp-json\/wp\/v2\/pages\/8194\/page\/14\/\">14<\/a>\n<a class=\"next page-numbers\" href=\"https:\/\/copolad.fiiapp.quentalstaging.com\/es\/wp-json\/wp\/v2\/pages\/8194\/page\/2\/\">><\/a><\/div><\/div>[\/vc_column][\/vc_row]<\/p>\n<\/section>","protected":false},"excerpt":{"rendered":"<p>[vc_row vc_row_background=&#8221;&#8221;][vc_column][vc_custom_heading text=&#8221;Eventos&#8221; font_container=&#8221;tag:h1|font_size:48px|text_align:left|line_height:72px&#8221; google_fonts=&#8221;font_family:Open%20Sans%3A300%2C300italic%2Cregular%2Citalic%2C600%2C600italic%2C700%2C700italic%2C800%2C800italic|font_style:700%20bold%20regular%3A700%3Anormal&#8221;][\/vc_column][\/vc_row]<\/p>\n","protected":false},"author":8,"featured_media":0,"parent":0,"menu_order":0,"comment_status":"closed","ping_status":"closed","template":"","meta":{"footnotes":""},"acf":[],"_links":{"self":[{"href":"https:\/\/copolad.fiiapp.quentalstaging.com\/es\/wp-json\/wp\/v2\/pages\/8194"}],"collection":[{"href":"https:\/\/copolad.fiiapp.quentalstaging.com\/es\/wp-json\/wp\/v2\/pages"}],"about":[{"href":"https:\/\/copolad.fiiapp.quentalstaging.com\/es\/wp-json\/wp\/v2\/types\/page"}],"author":[{"embeddable":true,"href":"https:\/\/copolad.fiiapp.quentalstaging.com\/es\/wp-json\/wp\/v2\/users\/8"}],"replies":[{"embeddable":true,"href":"https:\/\/copolad.fiiapp.quentalstaging.com\/es\/wp-json\/wp\/v2\/comments?post=8194"}],"version-history":[{"count":2,"href":"https:\/\/copolad.fiiapp.quentalstaging.com\/es\/wp-json\/wp\/v2\/pages\/8194\/revisions"}],"predecessor-version":[{"id":8199,"href":"https:\/\/copolad.fiiapp.quentalstaging.com\/es\/wp-json\/wp\/v2\/pages\/8194\/revisions\/8199"}],"wp:attachment":[{"href":"https:\/\/copolad.fiiapp.quentalstaging.com\/es\/wp-json\/wp\/v2\/media?parent=8194"}],"curies":[{"name":"wp","href":"https:\/\/api.w.org\/{rel}","templated":true}]}}